{"id":1370,"date":"2014-04-14T13:59:27","date_gmt":"2014-04-14T12:59:27","guid":{"rendered":"https:\/\/www.residencesacchi.it\/?page_id=1370"},"modified":"2018-08-24T15:21:42","modified_gmt":"2018-08-24T14:21:42","slug":"reviews-residence-sacchi-escapades","status":"publish","type":"page","link":"https:\/\/www.residencesacchi.it\/en\/reviews-residence-sacchi-escapades\/","title":{"rendered":"Reviews Residence Sacchi &#8211; Escapades"},"content":{"rendered":"<p><em><img loading=\"lazy\" decoding=\"async\" class=\"alignleft wp-image-1349\" title=\"Recensioni Residence Sacchi Torino\" src=\"https:\/\/www.residencesacchi.it\/wp-content\/uploads\/2014\/04\/appartamenti-ammobiliati-torino-recensioni1.jpg\" alt=\"Recensioni Residence Sacchi Torino\" width=\"437\" height=\"223\" srcset=\"https:\/\/www.residencesacchi.it\/wp-content\/uploads\/2014\/04\/appartamenti-ammobiliati-torino-recensioni1.jpg 624w, https:\/\/www.residencesacchi.it\/wp-content\/uploads\/2014\/04\/appartamenti-ammobiliati-torino-recensioni1-300x153.jpg 300w, https:\/\/www.residencesacchi.it\/wp-content\/uploads\/2014\/04\/appartamenti-ammobiliati-torino-recensioni1-100x51.jpg 100w\" sizes=\"(max-width: 437px) 100vw, 437px\" \/>A quelques pas de la gare centrale de Turin, il est un ensemble de Suites qui ouvrent sur une cour int\u00e9rieure d\u2019un ancien immeuble de style Liberty, un style de l\u2019art nouveau bien pr\u00e9sent \u00e0 Turin comme en t\u00e9moigne son fleuron, la Casa Fenoglio-La Fleur de Pietro Fenoglio.<\/em><\/p>\n<p><em>Mais le style nouveau d\u2019il y a plus d\u2019un si\u00e8cle a \u00e9t\u00e9 lui-m\u00eame r\u00e9interpr\u00e9t\u00e9 en d\u00e9clinaison plus moderne et contemporaine avec une cour int\u00e9rieure abritant de gigantesques bambous et au pied desquels les h\u00f4tes peuvent se reposer le soir, lorsque la chaleur reste accablante l\u2019\u00e9t\u00e9\u2026<\/em><\/p>\n<p><em>La r\u00e9sidence Sacchi abrite un ensemble de suites, \u00e9quip\u00e9es de tout le confort moderne et con\u00e7ues afin d\u2019offrir toutes sortes de services en un temps record et avec la plus grande pr\u00e9venance et amabilit\u00e9 qui soit. La recette est payante et depuis de nombreuses ann\u00e9es, hommes et femmes d\u2019affaire ou touristes ont fait leurs ces vastes pi\u00e8ces o\u00f9 tr\u00e8s rapidement il est possible de se sentir chez soi et non pas \u00e0 l\u2019h\u00f4tel.<\/em><\/p>\n<p><em>Il faut dire que la qualit\u00e9 et la diversit\u00e9 des services impressionnera imm\u00e9diatement le nouvel arrivant : envie d\u2019un repas improvis\u00e9 sans avoir \u00e0 sortir de son nid douillet ? En quelques instants, un plateau traiteur s\u00e9lectionn\u00e9 aupr\u00e8s des meilleures adresses de la ville arrive chez vous, pr\u00eat \u00e0 d\u00e9guster. Aucune envie de faire votre petit-d\u00e9jeuner ? Un appel au standard et quelques minutes plus tard, un plateau avec votre boisson favorite et une pl\u00e9thore de viennoiseries dont Turin a le secret arrive discr\u00e8tement pendant que vous vous r\u00e9veillez. La liste est infinie car la R\u00e9sidence Sacchi met un point d\u2019honneur \u00e0 fournir \u00e0 tous ses h\u00f4tes tout ce qui est indispensable \u00e0 un s\u00e9jour r\u00e9ussi. <\/em><\/p>\n<p><em>Le r\u00e9sultat est l\u00e0 : efficacit\u00e9, professionnalisme, discr\u00e9tion et amabilit\u00e9 accompagneront votre s\u00e9jour dans votre suite turinoise, v\u00e9ritable pied \u00e0 terre que vous aurez du mal \u00e0 quitter et vers qui vous reviendrez avec plaisir lors de votre prochain s\u00e9jour dans la c\u00e9l\u00e8bre ville du Pi\u00e9mont!<\/em><\/p>\n<p><img loading=\"lazy\" decoding=\"async\" class=\"alignleft wp-image-1362\" title=\"Residence Sacchi Torino recensioni\" src=\"https:\/\/www.residencesacchi.it\/wp-content\/uploads\/2014\/04\/appartamenti-ammobiliati-torino-recensioni2.jpg\" alt=\"Residence Sacchi Torino recensioni\" width=\"358\" height=\"239\" srcset=\"https:\/\/www.residencesacchi.it\/wp-content\/uploads\/2014\/04\/appartamenti-ammobiliati-torino-recensioni2.jpg 448w, https:\/\/www.residencesacchi.it\/wp-content\/uploads\/2014\/04\/appartamenti-ammobiliati-torino-recensioni2-300x200.jpg 300w, https:\/\/www.residencesacchi.it\/wp-content\/uploads\/2014\/04\/appartamenti-ammobiliati-torino-recensioni2-100x66.jpg 100w, https:\/\/www.residencesacchi.it\/wp-content\/uploads\/2014\/04\/appartamenti-ammobiliati-torino-recensioni2-330x220.jpg 330w\" sizes=\"(max-width: 358px) 100vw, 358px\" \/><\/p>\n<p><img loading=\"lazy\" decoding=\"async\" class=\"alignleft wp-image-1361\" title=\"Residence Sacchi Torino recensioni\" src=\"https:\/\/www.residencesacchi.it\/wp-content\/uploads\/2014\/04\/appartamenti-ammobiliati-torino-recensioni3.jpg\" alt=\"Residence Sacchi Torino recensioni\" width=\"358\" height=\"239\" srcset=\"https:\/\/www.residencesacchi.it\/wp-content\/uploads\/2014\/04\/appartamenti-ammobiliati-torino-recensioni3.jpg 448w, https:\/\/www.residencesacchi.it\/wp-content\/uploads\/2014\/04\/appartamenti-ammobiliati-torino-recensioni3-300x200.jpg 300w, https:\/\/www.residencesacchi.it\/wp-content\/uploads\/2014\/04\/appartamenti-ammobiliati-torino-recensioni3-100x66.jpg 100w, https:\/\/www.residencesacchi.it\/wp-content\/uploads\/2014\/04\/appartamenti-ammobiliati-torino-recensioni3-330x220.jpg 330w\" sizes=\"(max-width: 358px) 100vw, 358px\" \/><\/p>\n<h4>Interview R\u00e9sidence Sacchi<\/h4>\n<h5>\u00ab Comment est n\u00e9e la r\u00e9sidence Sacchi ? Et d\u2019o\u00f9 est parti ce concept ? \u00bb<\/h5>\n<p><strong>Aldo Asselle<\/strong> :<em> \u00ab Ce concept est n\u00e9 de mon exp\u00e9rience alors que j&#8217;\u00e9tais en Angleterre lorsque j&#8217;\u00e9tais tr\u00e8s jeune. J&#8217;ai pu observer \u00e0 cette \u00e9poque qu&#8217;il y avait des appartements lou\u00e9s \u00e0 la demande pour des p\u00e9riodes plus ou moins courtes. Cela n&#8217;existait pas \u00e0 l&#8217;\u00e9poque en Italie. Lorsque je suis revenu \u00e0 Turin, mes parents \u00e9taient d\u00e9c\u00e9d\u00e9s, et j&#8217;avais \u00e0 ma disposition cet immeuble qui date du milieu du XIXe si\u00e8cle et qui \u00e9tait une propri\u00e9t\u00e9 familiale. J&#8217;ai alors eu l&#8217;id\u00e9e d&#8217;appliquer ce concept observ\u00e9 en Angleterre ici m\u00eame. Il n&#8217;y avait aucun cadre l\u00e9gislatif \u00e0 l&#8217;\u00e9poque et j&#8217;ai m\u00eame propos\u00e9 qu&#8217;une r\u00e9glementation puisse encadrer ce type de location pour les distinguer des services propos\u00e9s par un h\u00f4tel. Nous avons compl\u00e8tement repens\u00e9 l&#8217;architecture interne de l&#8217;immeuble en le divisant en suites. Ce dont je vous parle date de 40 ans ! Cette id\u00e9e a rencontr\u00e9 un fort succ\u00e8s \u00e0 l&#8217;\u00e9poque o\u00f9 la FIAT attirait de nombreux hommes d&#8217;affaires. Les directeurs d&#8217;usine venaient souvent r\u00e9sider ici m\u00eame, pour de longue dur\u00e9e. Le cin\u00e9ma a \u00e9galement amen\u00e9 de nombreuses \u00e9quipes ici, car nous assistons beaucoup notre client\u00e8le avec des services personnalis\u00e9s \u00e0 un niveau rarement atteint. \u00bb<\/em><\/p>\n<h5><\/h5>\n<h5>\u00ab Ces services semblent \u00eatre en effet au c\u0153ur de votre activit\u00e9. \u00bb<\/h5>\n<p><strong><img loading=\"lazy\" decoding=\"async\" class=\"alignright wp-image-1360\" title=\"Residence Sacchi Torino recensioni\" src=\"https:\/\/www.residencesacchi.it\/wp-content\/uploads\/2014\/04\/appartamenti-ammobiliati-torino-recensioni4.jpg\" alt=\"Residence Sacchi Torino recensioni\" width=\"358\" height=\"239\" srcset=\"https:\/\/www.residencesacchi.it\/wp-content\/uploads\/2014\/04\/appartamenti-ammobiliati-torino-recensioni4.jpg 448w, https:\/\/www.residencesacchi.it\/wp-content\/uploads\/2014\/04\/appartamenti-ammobiliati-torino-recensioni4-300x200.jpg 300w, https:\/\/www.residencesacchi.it\/wp-content\/uploads\/2014\/04\/appartamenti-ammobiliati-torino-recensioni4-100x66.jpg 100w, https:\/\/www.residencesacchi.it\/wp-content\/uploads\/2014\/04\/appartamenti-ammobiliati-torino-recensioni4-330x220.jpg 330w\" sizes=\"(max-width: 358px) 100vw, 358px\" \/>Alessandra Asselle<\/strong> : <em>\u00ab Absolument ! Nous sommes une \u00e9quipe tr\u00e8s soud\u00e9e permettant de r\u00e9pondre \u00e0 toutes les sollicitations de nos clients. Nous r\u00e9alisons bien entendu les t\u00e2ches classiques dans le cadre d&#8217;une location de suites, que ce soit pour affaires ou pour des personnes en visite \u00e0 Turin, mais nous nous distinguons surtout par une gamme de services \u00e0 la carte, r\u00e9alis\u00e9s dans des temps record pour nos clients.<br \/>\n<img loading=\"lazy\" decoding=\"async\" class=\"alignright wp-image-1365\" title=\"Residence Sacchi Torino recensioni\" src=\"https:\/\/www.residencesacchi.it\/wp-content\/uploads\/2014\/04\/appartamenti-ammobiliati-torino-recensioni5.jpg\" alt=\"Residence Sacchi Torino recensioni\" width=\"358\" height=\"239\" srcset=\"https:\/\/www.residencesacchi.it\/wp-content\/uploads\/2014\/04\/appartamenti-ammobiliati-torino-recensioni5.jpg 448w, https:\/\/www.residencesacchi.it\/wp-content\/uploads\/2014\/04\/appartamenti-ammobiliati-torino-recensioni5-300x200.jpg 300w, https:\/\/www.residencesacchi.it\/wp-content\/uploads\/2014\/04\/appartamenti-ammobiliati-torino-recensioni5-100x66.jpg 100w, https:\/\/www.residencesacchi.it\/wp-content\/uploads\/2014\/04\/appartamenti-ammobiliati-torino-recensioni5-330x220.jpg 330w\" sizes=\"(max-width: 358px) 100vw, 358px\" \/><br \/>\nL&#8217;hospitalit\u00e9 est ici entendue \u00e0 la fois dans un sens familial et en m\u00eame temps professionnel. Nos clients arrivent souvent tard le soir et peuvent nous demander pour le lendemain de r\u00e9parer une chaussure ou un v\u00eatement\u2026 Le Wi-Fi est accessible partout et gratuitement dans les appartements et dans les espaces communs, la TV Satellite est de m\u00eame install\u00e9e dans tous les suites. Nous insistons beaucoup sur l\u2019\u00e9quipement et la conception des salles de bains, un espace souvent important lorsque l\u2019on est \u00e0 l\u2019ext\u00e9rieur de chez soi. Nos cuisines sont totalement \u00e9quip\u00e9es et nous pouvons \u00e9galement faire venir des plats cuisin\u00e9s de restaurants proches avec lesquels nous sommes en relation. Nous avons l&#8217;exp\u00e9rience pour r\u00e9pondre efficacement \u00e0 ces demandes. Cette r\u00e9activit\u00e9 nous a fallu la fid\u00e9lisation de notre client\u00e8le.<br \/>\nDepuis deux ans, nous avons compl\u00e8tement refondu notre site Web de mani\u00e8re \u00e0 ce que nos clients puissent choisir en toute connaissance de cause leur appartement. Cela \u00e9tait un challenge parce que tous nos appartements sont diff\u00e9rents. Parall\u00e8lement \u00e0 notre client\u00e8le professionnelle, de plus en plus de touristes viennent chez nous, parfois pour quelques jours seulement, et souhaitent une information la plus compl\u00e8te possible. Nous nous attachons ainsi \u00e0 leur fournir tous les renseignements pour visiter la ville, r\u00e9server une exposition ou une table\u2026 Le service est vraiment au c\u0153ur de notre m\u00e9tier. Les Jeux Olympiques de 2006 ont permis de d\u00e9couvrir que notre ville \u00e9tait belle et int\u00e9ressante \u00e0 visiter. Il y a encore des progr\u00e8s \u00e0 faire pour avoir des visites en fran\u00e7ais, mais d\u2019ici quelques ann\u00e9es la ville va certainement faire des efforts ! Nous-m\u00eames avons de nombreux projets, l\u2019un d\u2019entre eux nous tient \u00e0 c\u0153ur avec la r\u00e9alisation d\u2019un SPA qui offrirait des moments de d\u00e9tente privil\u00e9gi\u00e9s \u00e0 notre client\u00e8le.\u00bb<\/em><\/p>\n<p><strong>Aldo Asselle<\/strong> <em>: \u00ab Je suis n\u00e9 \u00e0 Turin et je reconnais que nous avons eu un maire qui a su concevoir la ville autrement que dans sa seule existence li\u00e9e \u00e0 l\u2019industrie automobile. Il y a tant de belles choses \u00e0 voir ici qu\u2019il s\u2019agisse de l\u2019architecture, de la litt\u00e9rature, de la peinture ou de la litt\u00e9rature\u2026 Nous avons \u00e0 c\u0153ur d\u2019aider nos h\u00f4tes \u00e0 d\u00e9couvrir toutes ces richesses, souvent m\u00e9connues et qui ne demandent qu\u2019\u00e0 \u00eatre d\u00e9couvertes. C\u2019est ce \u00e0 quoi aspire notre R\u00e9sidence qui tient \u00e0 concilier une approche \u00e0 la fois professionnelle tout en pr\u00e9servant cette dimension humaine \u00e0 laquelle nous tenons beaucoup.\u00bb<\/em><\/p>\n<p>Read more click <a href=\"http:\/\/www.lexnews.fr\/escapades.htm#turin\" target=\"_blank\" rel=\"noopener\">HERE<\/a><\/p>\n","protected":false},"excerpt":{"rendered":"<p>A quelques pas de la gare centrale de Turin, il est un ensemble de Suites qui ouvrent sur une cour int\u00e9rieure d\u2019un ancien immeuble de style Liberty, un style de l\u2019art nouveau bien pr\u00e9sent \u00e0 Turin comme en t\u00e9moigne son fleuron, la Casa Fenoglio-La Fleur de Pietro Fenoglio. Mais le style nouveau d\u2019il y a<\/p>\n","protected":false},"author":1,"featured_media":0,"parent":0,"menu_order":0,"comment_status":"closed","ping_status":"closed","template":"","meta":{"footnotes":""},"categories":[],"tags":[],"class_list":["post-1370","page","type-page","status-publish","hentry"],"yoast_head":"<!-- This site is optimized with the Yoast SEO plugin v23.8 - https:\/\/yoast.com\/wordpress\/plugins\/seo\/ -->\n<title>Reviews Residence Sacchi | Aparthotel Turin<\/title>\n<meta name=\"description\" content=\"Modern and spacious apartments redesigned to ensure a stylish contemporary lifestyle which redefines hotel experience\" \/>\n<meta name=\"robots\" content=\"index, follow, max-snippet:-1, max-image-preview:large, max-video-preview:-1\" \/>\n<link rel=\"canonical\" href=\"https:\/\/www.residencesacchi.it\/recensioni-residence-sacchi-torino-escapades\/\" \/>\n<meta property=\"og:locale\" content=\"en_US\" \/>\n<meta property=\"og:type\" content=\"article\" \/>\n<meta property=\"og:title\" content=\"Reviews Residence Sacchi | Aparthotel Turin\" \/>\n<meta property=\"og:description\" content=\"Modern and spacious apartments redesigned to ensure a stylish contemporary lifestyle which redefines hotel experience\" \/>\n<meta property=\"og:url\" content=\"https:\/\/www.residencesacchi.it\/recensioni-residence-sacchi-torino-escapades\/\" \/>\n<meta property=\"og:site_name\" content=\"Residence Sacchi Aparthotel in the center of Turin\" \/>\n<meta property=\"article:modified_time\" content=\"2018-08-24T14:21:42+00:00\" \/>\n<meta property=\"og:image\" content=\"https:\/\/www.residencesacchi.it\/wp-content\/uploads\/2014\/04\/appartamenti-ammobiliati-torino-recensioni1.jpg\" \/>\n\t<meta property=\"og:image:width\" content=\"624\" \/>\n\t<meta property=\"og:image:height\" content=\"319\" \/>\n\t<meta property=\"og:image:type\" content=\"image\/jpeg\" \/>\n<meta name=\"twitter:card\" content=\"summary_large_image\" \/>\n<meta name=\"twitter:label1\" content=\"Est. reading time\" \/>\n\t<meta name=\"twitter:data1\" content=\"6 minutes\" \/>\n<script type=\"application\/ld+json\" class=\"yoast-schema-graph\">{\"@context\":\"https:\/\/schema.org\",\"@graph\":[{\"@type\":\"WebPage\",\"@id\":\"https:\/\/www.residencesacchi.it\/recensioni-residence-sacchi-torino-escapades\/\",\"url\":\"https:\/\/www.residencesacchi.it\/recensioni-residence-sacchi-torino-escapades\/\",\"name\":\"Reviews Residence Sacchi | Aparthotel Turin\",\"isPartOf\":{\"@id\":\"https:\/\/www.residencesacchi.it\/#website\"},\"primaryImageOfPage\":{\"@id\":\"https:\/\/www.residencesacchi.it\/recensioni-residence-sacchi-torino-escapades\/#primaryimage\"},\"image\":{\"@id\":\"https:\/\/www.residencesacchi.it\/recensioni-residence-sacchi-torino-escapades\/#primaryimage\"},\"thumbnailUrl\":\"https:\/\/www.residencesacchi.it\/wp-content\/uploads\/2014\/04\/appartamenti-ammobiliati-torino-recensioni1.jpg\",\"datePublished\":\"2014-04-14T12:59:27+00:00\",\"dateModified\":\"2018-08-24T14:21:42+00:00\",\"description\":\"Modern and spacious apartments redesigned to ensure a stylish contemporary lifestyle which redefines hotel experience\",\"breadcrumb\":{\"@id\":\"https:\/\/www.residencesacchi.it\/recensioni-residence-sacchi-torino-escapades\/#breadcrumb\"},\"inLanguage\":\"en-US\",\"potentialAction\":[{\"@type\":\"ReadAction\",\"target\":[\"https:\/\/www.residencesacchi.it\/recensioni-residence-sacchi-torino-escapades\/\"]}]},{\"@type\":\"ImageObject\",\"inLanguage\":\"en-US\",\"@id\":\"https:\/\/www.residencesacchi.it\/recensioni-residence-sacchi-torino-escapades\/#primaryimage\",\"url\":\"https:\/\/www.residencesacchi.it\/wp-content\/uploads\/2014\/04\/appartamenti-ammobiliati-torino-recensioni1.jpg\",\"contentUrl\":\"https:\/\/www.residencesacchi.it\/wp-content\/uploads\/2014\/04\/appartamenti-ammobiliati-torino-recensioni1.jpg\"},{\"@type\":\"BreadcrumbList\",\"@id\":\"https:\/\/www.residencesacchi.it\/recensioni-residence-sacchi-torino-escapades\/#breadcrumb\",\"itemListElement\":[{\"@type\":\"ListItem\",\"position\":1,\"name\":\"Home\",\"item\":\"https:\/\/www.residencesacchi.it\/en\/\"},{\"@type\":\"ListItem\",\"position\":2,\"name\":\"Reviews Residence Sacchi &#8211; Escapades\"}]},{\"@type\":\"WebSite\",\"@id\":\"https:\/\/www.residencesacchi.it\/#website\",\"url\":\"https:\/\/www.residencesacchi.it\/\",\"name\":\"Residence Sacchi Aparthotel in the center of Turin\",\"description\":\"The RESIDENCE SACCHI, located in the center of Turin, near the railway and subway station Porta Nuova, is able to satisfy the different requests\",\"potentialAction\":[{\"@type\":\"SearchAction\",\"target\":{\"@type\":\"EntryPoint\",\"urlTemplate\":\"https:\/\/www.residencesacchi.it\/?s={search_term_string}\"},\"query-input\":{\"@type\":\"PropertyValueSpecification\",\"valueRequired\":true,\"valueName\":\"search_term_string\"}}],\"inLanguage\":\"en-US\"}]}<\/script>\n<!-- \/ Yoast SEO plugin. -->","yoast_head_json":{"title":"Reviews Residence Sacchi | Aparthotel Turin","description":"Modern and spacious apartments redesigned to ensure a stylish contemporary lifestyle which redefines hotel experience","robots":{"index":"index","follow":"follow","max-snippet":"max-snippet:-1","max-image-preview":"max-image-preview:large","max-video-preview":"max-video-preview:-1"},"canonical":"https:\/\/www.residencesacchi.it\/recensioni-residence-sacchi-torino-escapades\/","og_locale":"en_US","og_type":"article","og_title":"Reviews Residence Sacchi | Aparthotel Turin","og_description":"Modern and spacious apartments redesigned to ensure a stylish contemporary lifestyle which redefines hotel experience","og_url":"https:\/\/www.residencesacchi.it\/recensioni-residence-sacchi-torino-escapades\/","og_site_name":"Residence Sacchi Aparthotel in the center of Turin","article_modified_time":"2018-08-24T14:21:42+00:00","og_image":[{"width":624,"height":319,"url":"https:\/\/www.residencesacchi.it\/wp-content\/uploads\/2014\/04\/appartamenti-ammobiliati-torino-recensioni1.jpg","type":"image\/jpeg"}],"twitter_card":"summary_large_image","twitter_misc":{"Est. reading time":"6 minutes"},"schema":{"@context":"https:\/\/schema.org","@graph":[{"@type":"WebPage","@id":"https:\/\/www.residencesacchi.it\/recensioni-residence-sacchi-torino-escapades\/","url":"https:\/\/www.residencesacchi.it\/recensioni-residence-sacchi-torino-escapades\/","name":"Reviews Residence Sacchi | Aparthotel Turin","isPartOf":{"@id":"https:\/\/www.residencesacchi.it\/#website"},"primaryImageOfPage":{"@id":"https:\/\/www.residencesacchi.it\/recensioni-residence-sacchi-torino-escapades\/#primaryimage"},"image":{"@id":"https:\/\/www.residencesacchi.it\/recensioni-residence-sacchi-torino-escapades\/#primaryimage"},"thumbnailUrl":"https:\/\/www.residencesacchi.it\/wp-content\/uploads\/2014\/04\/appartamenti-ammobiliati-torino-recensioni1.jpg","datePublished":"2014-04-14T12:59:27+00:00","dateModified":"2018-08-24T14:21:42+00:00","description":"Modern and spacious apartments redesigned to ensure a stylish contemporary lifestyle which redefines hotel experience","breadcrumb":{"@id":"https:\/\/www.residencesacchi.it\/recensioni-residence-sacchi-torino-escapades\/#breadcrumb"},"inLanguage":"en-US","potentialAction":[{"@type":"ReadAction","target":["https:\/\/www.residencesacchi.it\/recensioni-residence-sacchi-torino-escapades\/"]}]},{"@type":"ImageObject","inLanguage":"en-US","@id":"https:\/\/www.residencesacchi.it\/recensioni-residence-sacchi-torino-escapades\/#primaryimage","url":"https:\/\/www.residencesacchi.it\/wp-content\/uploads\/2014\/04\/appartamenti-ammobiliati-torino-recensioni1.jpg","contentUrl":"https:\/\/www.residencesacchi.it\/wp-content\/uploads\/2014\/04\/appartamenti-ammobiliati-torino-recensioni1.jpg"},{"@type":"BreadcrumbList","@id":"https:\/\/www.residencesacchi.it\/recensioni-residence-sacchi-torino-escapades\/#breadcrumb","itemListElement":[{"@type":"ListItem","position":1,"name":"Home","item":"https:\/\/www.residencesacchi.it\/en\/"},{"@type":"ListItem","position":2,"name":"Reviews Residence Sacchi &#8211; Escapades"}]},{"@type":"WebSite","@id":"https:\/\/www.residencesacchi.it\/#website","url":"https:\/\/www.residencesacchi.it\/","name":"Residence Sacchi Aparthotel in the center of Turin","description":"The RESIDENCE SACCHI, located in the center of Turin, near the railway and subway station Porta Nuova, is able to satisfy the different requests","potentialAction":[{"@type":"SearchAction","target":{"@type":"EntryPoint","urlTemplate":"https:\/\/www.residencesacchi.it\/?s={search_term_string}"},"query-input":{"@type":"PropertyValueSpecification","valueRequired":true,"valueName":"search_term_string"}}],"inLanguage":"en-US"}]}},"_links":{"self":[{"href":"https:\/\/www.residencesacchi.it\/en\/wp-json\/wp\/v2\/pages\/1370"}],"collection":[{"href":"https:\/\/www.residencesacchi.it\/en\/wp-json\/wp\/v2\/pages"}],"about":[{"href":"https:\/\/www.residencesacchi.it\/en\/wp-json\/wp\/v2\/types\/page"}],"author":[{"embeddable":true,"href":"https:\/\/www.residencesacchi.it\/en\/wp-json\/wp\/v2\/users\/1"}],"replies":[{"embeddable":true,"href":"https:\/\/www.residencesacchi.it\/en\/wp-json\/wp\/v2\/comments?post=1370"}],"version-history":[{"count":0,"href":"https:\/\/www.residencesacchi.it\/en\/wp-json\/wp\/v2\/pages\/1370\/revisions"}],"wp:attachment":[{"href":"https:\/\/www.residencesacchi.it\/en\/wp-json\/wp\/v2\/media?parent=1370"}],"wp:term":[{"taxonomy":"category","embeddable":true,"href":"https:\/\/www.residencesacchi.it\/en\/wp-json\/wp\/v2\/categories?post=1370"},{"taxonomy":"post_tag","embeddable":true,"href":"https:\/\/www.residencesacchi.it\/en\/wp-json\/wp\/v2\/tags?post=1370"}],"curies":[{"name":"wp","href":"https:\/\/api.w.org\/{rel}","templated":true}]}}