{"id":4637,"date":"2017-08-25T05:43:36","date_gmt":"2017-08-25T04:43:36","guid":{"rendered":"https:\/\/www.residencesacchi.it\/aparthotel-torino-centro\/"},"modified":"2021-09-01T11:21:23","modified_gmt":"2021-09-01T10:21:23","slug":"appartements-turin","status":"publish","type":"page","link":"https:\/\/www.residencesacchi.it\/fr\/appartements-turin\/","title":{"rendered":"Appartements"},"content":{"rendered":"<div class=\"wpb-content-wrapper\"><p>[vc_row][vc_column width=&#8221;1\/2&#8243;]<h2>Apart-Hotel dans le coeur de la ville de Savoie<\/h2><h6>R\u00e9sidence Sacchi offre Votre s\u00e9jour de loisir ou d&#8217;affaires, appartements de m\u00e9trages et caract\u00e9ristiques diff\u00e9rents, tous meubl\u00e9s avec une attention particuli\u00e8re au go\u00fbt et \u00e0 la fonctionnalit\u00e9.<\/h6>[vc_column_text]Un ensemble des logements semblables \u00e0 un oasis de confort et de chaleur: plus qu\u2019une r\u00e9sidence est un habitat \u00e0 des prix accessibles.<\/p>\n<p>Logements con\u00e7ues pour surprende, en cr\u00e9ant un fort impact \u00e9motionel o\u00f9 la vue est le premier sense en \u00e0 jouir.<\/p>\n<p>Chaque appartement est caract\u00e9ris\u00e9 par fonctionnalit\u00e9, confort, technologie et services\u00a0 enfin, unique!<\/p>\n<p>Solutions pour tous, \u00e0 un prix tr\u00e8s inf\u00e9rieur \u00e0 ce des grands h\u00f4tels, grandes surfaces et plusiers services.<br \/>\n<strong>\u00c0 la place d&#8217;une petite chambre d&#8217;h\u00f4tel, \u00a0Vous aurez l\u2019impression d&#8217;\u00eatre chez vous.<\/strong>[\/vc_column_text][\/vc_column][vc_column width=&#8221;1\/2&#8243; css=&#8221;.vc_custom_1512554993522{margin-top: -30px !important;}&#8221;][vc_column_text]<\/p>\n<div class=\"gallery galleryid-2965 gallery-columns-2 gallery-size-thumbnail\">\n<div class=\"gallery-item\">\n<div><a title=\"Aparthotel Torino Centro\" href=\"https:\/\/www.residencesacchi.it\/fr\/appartements-turin\/petits-studios\/\"><img decoding=\"async\" src=\"https:\/\/www.residencesacchi.it\/wp-content\/uploads\/2018\/03\/Hotel-Residence-Sacchi-Torino-Centro-Appartamento-51-2.jpg\" alt=\"Studio Torino Residence Sacchi\" \/><\/a><\/div>\n<h3>Petits Studios<\/h3>\n<p>Studios des dimensions les plus r\u00e9duites. Peuvent \u00eatre des mansardes ou situ\u00e9 au rez de chauss\u00e9e \u00e9quip\u00e9es de tout le confort moderne et con\u00e7ues afin d\u2019offrir toutes sortes de services comme chez vous!<\/p>\n<\/div>\n<div class=\"gallery-item\">\n<div><a title=\"Monolocali in Aparthotel in torino Centro Residence Sacchi\" href=\"https:\/\/www.residencesacchi.it\/fr\/appartements-turin\/studios\/\"><img decoding=\"async\" src=\"https:\/\/www.residencesacchi.it\/wp-content\/uploads\/2014\/03\/Hotel-Residence-Sacchi-Torino-Centro-Appartamento-26-1.jpg\" alt=\"Monolocali Torino Centro - Residence Sacchi\" \/><\/a><\/div>\n<h3>Studios<\/h3>\n<p>Grand open space r\u00e9interpr\u00e9t\u00e9 en d\u00e9clinaison plus moderne et contemporaine, qu&#8217;ils garantissent un nouveau art de vivre.<\/p>\n<\/div>\n<div class=\"gallery-item\">\n<div><a title=\"Bilocali in Residence a Torino comodi al centro citt\u00e0\" href=\"https:\/\/www.residencesacchi.it\/fr\/appartements-turin\/deux-pieces\/\"><img decoding=\"async\" src=\"https:\/\/www.residencesacchi.it\/wp-content\/uploads\/2018\/07\/Hotel-Residence-Sacchi-Torino-Centro-Appartamento-25-7.jpg\" alt=\"Bilocali Residence Torino\" \/><\/a><\/div>\n<h3>Appartements deux pi\u00e8ces<\/h3>\n<p>Sont nombreux, tous avec des caract\u00e9ristiques diff\u00e9rentes: chambre \u00e0 coucher compl\u00e8tement s\u00e9parer ou open space avec mezzanine.<\/p>\n<\/div>\n<div class=\"gallery-item\">\n<div><a title=\"Suite di charme a Torino in Residence\" href=\"https:\/\/www.residencesacchi.it\/fr\/appartements-turin\/suites\/\"><img decoding=\"async\" src=\"https:\/\/www.residencesacchi.it\/wp-content\/uploads\/2018\/07\/Hotel-Residence-Sacchi-Torino-Centro-Appartamento-3-1-MOD.jpg\" alt=\"Suite in Residence Torino\" \/><\/a><\/div>\n<h3>Suite<\/h3>\n<p>Uniques, pour dimensions, qualit\u00e9 des mat\u00e9riels et soin des d\u00e9tails qu\u2019ils garantissent une nouvelle mani\u00e8re d&#8217;habiter.<\/p>\n<\/div>\n<div class=\"gallery-item\">\n<div><a title=\"Appartamenti deluxe in residence a Torino\" href=\"https:\/\/www.residencesacchi.it\/fr\/appartements-turin\/deluxe\/\"><img decoding=\"async\" src=\"https:\/\/www.residencesacchi.it\/wp-content\/uploads\/2021\/09\/aparthotel-deluxe.jpg\" alt=\"Deluxe di design al Residence Sacchi\" \/><\/a><\/div>\n<h3>Deluxe<\/h3>\n<p>Id\u00e9aux pour celui qui voyage avec la famille pour se sentir comme \u00e0 la maison apr\u00e8s une journ\u00e9e de visite de la ville.<\/p>\n<\/div>\n<div class=\"gallery-item\">\n<div><a title=\"Appartamenti Plus in ApartHotel\" href=\"https:\/\/www.residencesacchi.it\/fr\/appartements-turin\/plus\/\"><img decoding=\"async\" class=\"alignnone\" src=\"https:\/\/www.residencesacchi.it\/wp-content\/uploads\/2018\/03\/Hotel-Residence-Sacchi-Torino-Centro-Appartamento-12-Plus-16.jpg\" alt=\"Suite di design al Residence Sacchi\" \/><\/a><\/div>\n<h3>Plus<\/h3>\n<p>Tous les appartements Plus de la R\u00e9sidence Sacchi, un r\u00eave au c\u0153ur de la ville.<\/p>\n<\/div>\n<\/div>\n<p>[\/vc_column_text][\/vc_column][\/vc_row][vc_row][vc_column][vc_empty_space height=&#8221;80px&#8221;][\/vc_column][\/vc_row]<\/p>\n<\/div>","protected":false},"excerpt":{"rendered":"<p>[vc_row][vc_column width=&#8221;1\/2&#8243;][vc_column_text]Un ensemble des logements semblables \u00e0 un oasis de confort et de chaleur: plus qu\u2019une r\u00e9sidence est un habitat \u00e0 des prix accessibles. Logements con\u00e7ues pour surprende, en cr\u00e9ant un fort impact \u00e9motionel o\u00f9 la vue est le premier sense en \u00e0 jouir. Chaque appartement est caract\u00e9ris\u00e9 par fonctionnalit\u00e9, confort, technologie et services\u00a0 enfin,<\/p>\n","protected":false},"author":1,"featured_media":0,"parent":0,"menu_order":0,"comment_status":"closed","ping_status":"closed","template":"","meta":{"footnotes":""},"categories":[],"tags":[],"class_list":["post-4637","page","type-page","status-publish","hentry"],"yoast_head":"<!-- This site is optimized with the Yoast SEO plugin v23.8 - https:\/\/yoast.com\/wordpress\/plugins\/seo\/ -->\n<title>Residence Turin | Apart-Hotel dans le coeur de la ville de Savoie<\/title>\n<meta name=\"description\" content=\"R\u00e9sidence Sacchi offre Votre s\u00e9jour de loisir ou d\u2019affaires, appartements de m\u00e9trages et caract\u00e9ristiques diff\u00e9rents, tous meubl\u00e9s\" \/>\n<meta name=\"robots\" content=\"index, follow, max-snippet:-1, max-image-preview:large, max-video-preview:-1\" \/>\n<link rel=\"canonical\" href=\"https:\/\/www.residencesacchi.it\/fr\/appartements-turin\/\" \/>\n<meta property=\"og:locale\" content=\"fr_FR\" \/>\n<meta property=\"og:type\" content=\"article\" \/>\n<meta property=\"og:title\" content=\"Residence Turin | Apart-Hotel dans le coeur de la ville de Savoie\" \/>\n<meta property=\"og:description\" content=\"R\u00e9sidence Sacchi offre Votre s\u00e9jour de loisir ou d\u2019affaires, appartements de m\u00e9trages et caract\u00e9ristiques diff\u00e9rents, tous meubl\u00e9s\" \/>\n<meta property=\"og:url\" content=\"https:\/\/www.residencesacchi.it\/fr\/appartements-turin\/\" \/>\n<meta property=\"og:site_name\" content=\"Residence Sacchi Aparthotel in the center of Turin\" \/>\n<meta property=\"article:modified_time\" content=\"2021-09-01T10:21:23+00:00\" \/>\n<meta property=\"og:image\" content=\"https:\/\/www.residencesacchi.it\/wp-content\/uploads\/2018\/03\/Hotel-Residence-Sacchi-Torino-Centro-Appartamento-51-2.jpg\" \/>\n<meta name=\"twitter:card\" content=\"summary_large_image\" \/>\n<meta name=\"twitter:label1\" content=\"Dur\u00e9e de lecture estim\u00e9e\" \/>\n\t<meta name=\"twitter:data1\" content=\"2 minutes\" \/>\n<script type=\"application\/ld+json\" class=\"yoast-schema-graph\">{\"@context\":\"https:\/\/schema.org\",\"@graph\":[{\"@type\":\"WebPage\",\"@id\":\"https:\/\/www.residencesacchi.it\/fr\/appartements-turin\/\",\"url\":\"https:\/\/www.residencesacchi.it\/fr\/appartements-turin\/\",\"name\":\"Residence Turin | Apart-Hotel dans le coeur de la ville de Savoie\",\"isPartOf\":{\"@id\":\"https:\/\/www.residencesacchi.it\/#website\"},\"primaryImageOfPage\":{\"@id\":\"https:\/\/www.residencesacchi.it\/fr\/appartements-turin\/#primaryimage\"},\"image\":{\"@id\":\"https:\/\/www.residencesacchi.it\/fr\/appartements-turin\/#primaryimage\"},\"thumbnailUrl\":\"https:\/\/www.residencesacchi.it\/wp-content\/uploads\/2018\/03\/Hotel-Residence-Sacchi-Torino-Centro-Appartamento-51-2.jpg\",\"datePublished\":\"2017-08-25T04:43:36+00:00\",\"dateModified\":\"2021-09-01T10:21:23+00:00\",\"description\":\"R\u00e9sidence Sacchi offre Votre s\u00e9jour de loisir ou d\u2019affaires, appartements de m\u00e9trages et caract\u00e9ristiques diff\u00e9rents, tous meubl\u00e9s\",\"breadcrumb\":{\"@id\":\"https:\/\/www.residencesacchi.it\/fr\/appartements-turin\/#breadcrumb\"},\"inLanguage\":\"fr-FR\",\"potentialAction\":[{\"@type\":\"ReadAction\",\"target\":[\"https:\/\/www.residencesacchi.it\/fr\/appartements-turin\/\"]}]},{\"@type\":\"ImageObject\",\"inLanguage\":\"fr-FR\",\"@id\":\"https:\/\/www.residencesacchi.it\/fr\/appartements-turin\/#primaryimage\",\"url\":\"https:\/\/www.residencesacchi.it\/wp-content\/uploads\/2018\/03\/Hotel-Residence-Sacchi-Torino-Centro-Appartamento-51-2.jpg\",\"contentUrl\":\"https:\/\/www.residencesacchi.it\/wp-content\/uploads\/2018\/03\/Hotel-Residence-Sacchi-Torino-Centro-Appartamento-51-2.jpg\"},{\"@type\":\"BreadcrumbList\",\"@id\":\"https:\/\/www.residencesacchi.it\/fr\/appartements-turin\/#breadcrumb\",\"itemListElement\":[{\"@type\":\"ListItem\",\"position\":1,\"name\":\"Home\",\"item\":\"https:\/\/www.residencesacchi.it\/fr\/\"},{\"@type\":\"ListItem\",\"position\":2,\"name\":\"Appartements\"}]},{\"@type\":\"WebSite\",\"@id\":\"https:\/\/www.residencesacchi.it\/#website\",\"url\":\"https:\/\/www.residencesacchi.it\/\",\"name\":\"Residence Sacchi Aparthotel in the center of Turin\",\"description\":\"The RESIDENCE SACCHI, located in the center of Turin, near the railway and subway station Porta Nuova, is able to satisfy the different requests\",\"potentialAction\":[{\"@type\":\"SearchAction\",\"target\":{\"@type\":\"EntryPoint\",\"urlTemplate\":\"https:\/\/www.residencesacchi.it\/?s={search_term_string}\"},\"query-input\":{\"@type\":\"PropertyValueSpecification\",\"valueRequired\":true,\"valueName\":\"search_term_string\"}}],\"inLanguage\":\"fr-FR\"}]}<\/script>\n<!-- \/ Yoast SEO plugin. -->","yoast_head_json":{"title":"Residence Turin | Apart-Hotel dans le coeur de la ville de Savoie","description":"R\u00e9sidence Sacchi offre Votre s\u00e9jour de loisir ou d\u2019affaires, appartements de m\u00e9trages et caract\u00e9ristiques diff\u00e9rents, tous meubl\u00e9s","robots":{"index":"index","follow":"follow","max-snippet":"max-snippet:-1","max-image-preview":"max-image-preview:large","max-video-preview":"max-video-preview:-1"},"canonical":"https:\/\/www.residencesacchi.it\/fr\/appartements-turin\/","og_locale":"fr_FR","og_type":"article","og_title":"Residence Turin | Apart-Hotel dans le coeur de la ville de Savoie","og_description":"R\u00e9sidence Sacchi offre Votre s\u00e9jour de loisir ou d\u2019affaires, appartements de m\u00e9trages et caract\u00e9ristiques diff\u00e9rents, tous meubl\u00e9s","og_url":"https:\/\/www.residencesacchi.it\/fr\/appartements-turin\/","og_site_name":"Residence Sacchi Aparthotel in the center of Turin","article_modified_time":"2021-09-01T10:21:23+00:00","og_image":[{"url":"https:\/\/www.residencesacchi.it\/wp-content\/uploads\/2018\/03\/Hotel-Residence-Sacchi-Torino-Centro-Appartamento-51-2.jpg"}],"twitter_card":"summary_large_image","twitter_misc":{"Dur\u00e9e de lecture estim\u00e9e":"2 minutes"},"schema":{"@context":"https:\/\/schema.org","@graph":[{"@type":"WebPage","@id":"https:\/\/www.residencesacchi.it\/fr\/appartements-turin\/","url":"https:\/\/www.residencesacchi.it\/fr\/appartements-turin\/","name":"Residence Turin | Apart-Hotel dans le coeur de la ville de Savoie","isPartOf":{"@id":"https:\/\/www.residencesacchi.it\/#website"},"primaryImageOfPage":{"@id":"https:\/\/www.residencesacchi.it\/fr\/appartements-turin\/#primaryimage"},"image":{"@id":"https:\/\/www.residencesacchi.it\/fr\/appartements-turin\/#primaryimage"},"thumbnailUrl":"https:\/\/www.residencesacchi.it\/wp-content\/uploads\/2018\/03\/Hotel-Residence-Sacchi-Torino-Centro-Appartamento-51-2.jpg","datePublished":"2017-08-25T04:43:36+00:00","dateModified":"2021-09-01T10:21:23+00:00","description":"R\u00e9sidence Sacchi offre Votre s\u00e9jour de loisir ou d\u2019affaires, appartements de m\u00e9trages et caract\u00e9ristiques diff\u00e9rents, tous meubl\u00e9s","breadcrumb":{"@id":"https:\/\/www.residencesacchi.it\/fr\/appartements-turin\/#breadcrumb"},"inLanguage":"fr-FR","potentialAction":[{"@type":"ReadAction","target":["https:\/\/www.residencesacchi.it\/fr\/appartements-turin\/"]}]},{"@type":"ImageObject","inLanguage":"fr-FR","@id":"https:\/\/www.residencesacchi.it\/fr\/appartements-turin\/#primaryimage","url":"https:\/\/www.residencesacchi.it\/wp-content\/uploads\/2018\/03\/Hotel-Residence-Sacchi-Torino-Centro-Appartamento-51-2.jpg","contentUrl":"https:\/\/www.residencesacchi.it\/wp-content\/uploads\/2018\/03\/Hotel-Residence-Sacchi-Torino-Centro-Appartamento-51-2.jpg"},{"@type":"BreadcrumbList","@id":"https:\/\/www.residencesacchi.it\/fr\/appartements-turin\/#breadcrumb","itemListElement":[{"@type":"ListItem","position":1,"name":"Home","item":"https:\/\/www.residencesacchi.it\/fr\/"},{"@type":"ListItem","position":2,"name":"Appartements"}]},{"@type":"WebSite","@id":"https:\/\/www.residencesacchi.it\/#website","url":"https:\/\/www.residencesacchi.it\/","name":"Residence Sacchi Aparthotel in the center of Turin","description":"The RESIDENCE SACCHI, located in the center of Turin, near the railway and subway station Porta Nuova, is able to satisfy the different requests","potentialAction":[{"@type":"SearchAction","target":{"@type":"EntryPoint","urlTemplate":"https:\/\/www.residencesacchi.it\/?s={search_term_string}"},"query-input":{"@type":"PropertyValueSpecification","valueRequired":true,"valueName":"search_term_string"}}],"inLanguage":"fr-FR"}]}},"_links":{"self":[{"href":"https:\/\/www.residencesacchi.it\/fr\/wp-json\/wp\/v2\/pages\/4637"}],"collection":[{"href":"https:\/\/www.residencesacchi.it\/fr\/wp-json\/wp\/v2\/pages"}],"about":[{"href":"https:\/\/www.residencesacchi.it\/fr\/wp-json\/wp\/v2\/types\/page"}],"author":[{"embeddable":true,"href":"https:\/\/www.residencesacchi.it\/fr\/wp-json\/wp\/v2\/users\/1"}],"replies":[{"embeddable":true,"href":"https:\/\/www.residencesacchi.it\/fr\/wp-json\/wp\/v2\/comments?post=4637"}],"version-history":[{"count":0,"href":"https:\/\/www.residencesacchi.it\/fr\/wp-json\/wp\/v2\/pages\/4637\/revisions"}],"wp:attachment":[{"href":"https:\/\/www.residencesacchi.it\/fr\/wp-json\/wp\/v2\/media?parent=4637"}],"wp:term":[{"taxonomy":"category","embeddable":true,"href":"https:\/\/www.residencesacchi.it\/fr\/wp-json\/wp\/v2\/categories?post=4637"},{"taxonomy":"post_tag","embeddable":true,"href":"https:\/\/www.residencesacchi.it\/fr\/wp-json\/wp\/v2\/tags?post=4637"}],"curies":[{"name":"wp","href":"https:\/\/api.w.org\/{rel}","templated":true}]}}