{"id":4643,"date":"2014-04-01T08:44:24","date_gmt":"2014-04-01T08:44:24","guid":{"rendered":"https:\/\/www.residencesacchi.it\/informazioni-hotel-torino\/"},"modified":"2026-03-31T13:48:06","modified_gmt":"2026-03-31T12:48:06","slug":"faq-residence-sacchi","status":"publish","type":"page","link":"https:\/\/www.residencesacchi.it\/fr\/faq-residence-sacchi\/","title":{"rendered":"FAQ <span class=\"titleFR\">fr<\/span>"},"content":{"rendered":"<div class=\"wpb-content-wrapper\"><p>[vc_row][vc_column][vc_tta_accordion][vc_tta_section title=&#8221;Est-ce que le prix est par appartement ou par personne?&#8221; tab_id=&#8221;1512656626370-0e82527e-54a9&#8243;][vc_column_text]Le prix c\u2019est par appartement et il est different en fonction du nombre d\u2019occupants. Vous trouverez plusiers informations dans la section \u201ctarifs\u201d.[\/vc_column_text][\/vc_tta_section][vc_tta_section title=&#8221;Est-ce que les enfants paient un suppl\u00e9ment?&#8221; tab_id=&#8221;1512656626468-397e090e-38cb&#8221;][vc_column_text]Le s\u00e9jour est gratuit pour le premier enfant de moins de 12 ans. Pour tous les autres enfants, sera appliqu\u00e9 un suppl\u00e9ment de 20,00 \u20ac par jour. Au moment de la r\u00e9servation, sur requ\u00eate, Vous\u00a0 sera fourni (sans frais suppl\u00e9mentaires) lit, chaise haute, table \u00e0 langer et jeux.[\/vc_column_text][\/vc_tta_section][vc_tta_section title=&#8221;Quel est la taille des appartements?&#8221; tab_id=&#8221;1512656754387-c5895a0f-b681&#8243;][vc_column_text]Nos appartements peuvent \u00eatre de 40 &#8211; 60 &#8211; 100 \u00a0ou 130 mq.<br \/>\nL\u2019ample choix nous permet d&#8217;offrir diff\u00e9rentes solutions selon vos exigences.[\/vc_column_text][\/vc_tta_section][vc_tta_section title=&#8221;Qu&#8217;est-ce que signifie cuisine \u00e9quip\u00e9e?&#8221; tab_id=&#8221;1512656781682-2fd75cfc-6697&#8243;][vc_column_text]Une cuisine enti\u00e8rement \u00e9quip\u00e9e avec plaques \u00e9lectriques, r\u00e9frig\u00e9rateur avec cong\u00e9lateur, four micro-ondes, \u00e9quip\u00e9s de vaisselle, m\u00e9nag\u00e8re, casseroles et po\u00eales. Bouilloire et grille-pain sont disponibles sur demande. Quelques appartements sont dot\u00e9s de lave-vaisselle.[\/vc_column_text][\/vc_tta_section][vc_tta_section title=&#8221;Est-il possible d\u2019avoir le petit-d\u00e9jeuner dans la chambre?&#8221; tab_id=&#8221;1512656811025-374374d3-223e&#8221;][vc_column_text]Vous pouvez demander \u00e0 la r\u00e9ception \u2013 du lundi au samedi le service de petit-d\u00e9jeuner dans la chambre, qu&#8217;elle sera fournie par le Bar situ\u00e9 dans les environs. Les frais peuvent \u00eatre pay\u00e9s directement au serveur ou au moment du d\u00e9part.[\/vc_column_text][\/vc_tta_section][vc_tta_section title=&#8221;Mon emploi ne me permet pas de faire les achats comment puis-je-faire?&#8221; tab_id=&#8221;1512656879750-e54fb906-f457&#8243;][vc_column_text]En envoyant une requ\u00eate par courriel ou en laissant la liste des courses \u00e0 la r\u00e9ception, notre personnel vous fornira le n\u00e9cessaire.[\/vc_column_text][\/vc_tta_section][vc_tta_section title=&#8221;Qu&#8217;est-ce qu&#8217;est la zone bureau dans les appartements?&#8221; tab_id=&#8221;1512656912446-aae316c5-582c&#8221;][vc_column_text]Il s&#8217;agit d&#8217;une zone de l&#8217;appartement dou\u00e9e de bureau \u00e9quip\u00e9 avec t\u00e9l\u00e9phone, r\u00e9pondeur, connexion internet ou wi-fi gratuit.[\/vc_column_text][\/vc_tta_section][vc_tta_section title=&#8221;Qu&#8217;est-ce que sont les lits king size?&#8221; tab_id=&#8221;1512657045756-a850a99b-a38e&#8221;][vc_column_text]Ce sont des lits avec des dimensions sup\u00e9rieures par rapport \u00e0 celles d&#8217;un lit double traditionnel.[\/vc_column_text][\/vc_tta_section][vc_tta_section title=&#8221;Combien de t\u00e9l\u00e9visions y a-t-il dans les appartements? Avez-vous des cha\u00eenes internationales?&#8221; tab_id=&#8221;1512657077396-5f90cfd6-1bf0&#8243;][vc_column_text]Dans chaque appartement, la t\u00e9l\u00e9vision est install\u00e9e dans le salon et dans la chambre. Lecteur DVD, plus de 80 cha\u00eenes SKY multilingues et internationales, JSTV et 30 cha\u00eenes de musique.[\/vc_column_text][\/vc_tta_section][vc_tta_section title=&#8221;Est-ce qu&#8217;il y a un service de pressing pour les v\u00eatements personnels?&#8221; tab_id=&#8221;1512657110909-fcc336cc-2494&#8243;][vc_column_text]Il y a un service \u00e0 p\u00e9age disponible du lundi au vendredi, avec la retrait des v\u00eatements avant 12h00 et le retour dans l&#8217;appartement avant 17h00 le lendemain..[\/vc_column_text][\/vc_tta_section][vc_tta_section title=&#8221;Le nettoyage et le rangement de l&#8217;appartement sont-ils inclus dans le prix?&#8221; tab_id=&#8221;1512657150545-2660eb2f-c294&#8243;][vc_column_text]Le nettoyage est quotidien effectu\u00e9 par notre personnel (du lundi au samedi), le dimanche sur requ\u00eate en utilisant l&#8217;\u00e9tiquette sp\u00e9ciale.<br \/>\nLe linge de toilette, de la chambre et de la cuisine sont chang\u00e9 trois fois par semaine.[\/vc_column_text][\/vc_tta_section][vc_tta_section title=&#8221;Le linge est-il fourni par la R\u00e9sidence?&#8221; tab_id=&#8221;1512657177276-ce00a0d6-30a5&#8243;][vc_column_text]Tout le linge de lit, de la salle de bain et de la cuisine sont fournis par la R\u00e9sidence.[\/vc_column_text][\/vc_tta_section][vc_tta_section title=&#8221;Est-ce qu&#8217;il y a un restaurant dans la R\u00e9sidence?&#8221; tab_id=&#8221;1512657208963-a0c9397b-4b30&#8243;][vc_column_text]La R\u00e9sidence Sacchi ne poss\u00e8de pas un restaurant \u00e0 l&#8217;int\u00e9rieur, car dans tous les appartements il y a une cuisine enti\u00e8rement \u00e9quip\u00e9e, mais en proximit\u00e9 de la structure, vous trouverez plusieurs restaurants, dont beaucoup entre eux proposent \u00e9galement un service de livraison \u00e0 domicile.[\/vc_column_text][\/vc_tta_section][vc_tta_section title=&#8221;Un acompte est-il n\u00e9cessaire? Dans quels cas le paiement total du s\u00e9jour est-il requis?&#8221; tab_id=&#8221;1512657236383-90e5c197-0fe7&#8243;][vc_column_text]Selon le tarif choisi pour le s\u00e9jour, il y a deux m\u00e9thodes diff\u00e9rentes de payement:<\/p>\n<p><strong>Tarif standard:<\/strong> au moment de la r\u00e9servation, vous devez fournir les d\u00e9tails de la carte de cr\u00e9dit (typologie, num\u00e9ro et date d&#8217;expiration) \u00a0\u00a0\u00a0\u00a0American Express, Visa, CartaS\u00ec. La R\u00e9sidence Sacchi se r\u00e9serve le droit de v\u00e9rifier la validit\u00e9 de la carte de cr\u00e9dit avant l&#8217;arriv\u00e9e. Le solde du s\u00e9jour peut \u00eatre effectu\u00e9 directement sur place au moment du d\u00e9part.<\/p>\n<p><strong>Tarif non remboursable:<\/strong> ce tarif n\u00e9cessite le paiement imm\u00e9diat du montant total du s\u00e9jour au moment de la r\u00e9servation par carte de cr\u00e9dit, esp\u00e8ces ou virement bancaire.<\/p>\n<p>RESIDENCE SACCHI Srl<br \/>\nBanque: UNICREDIT \u2013 Ag. SACCHI<br \/>\nIBAN: IT 56 M 02008 01105 000000796922<br \/>\nPour les transferts de l&#8217;\u00e9tranger: Swift BIC code: UNCRITM1AA5[\/vc_column_text][\/vc_tta_section][vc_tta_section title=&#8221;Quelles sont le donn\u00e9es pour le virement bancaire?&#8221; tab_id=&#8221;1512657286114-ca66bab1-8e63&#8243;][vc_column_text]R\u00c9SIDENCE SACCHI SRL<br \/>\nBanque: UNICREDIT &#8211; Ag. SACCHI<br \/>\nIBAN: IT 56 M 02008 01105 000000796922<br \/>\nPour les transferts de l&#8217;\u00e9tranger (code Bic Swift): UNCRITM1AA5[\/vc_column_text][\/vc_tta_section][vc_tta_section title=&#8221;POLITIQUE d\u2019annulation: est-ce qu&#8217;il y a des p\u00e9nalit\u00e9s pour l\u2019annulation?&#8221; tab_id=&#8221;1512657317522-95ce5e66-c992&#8243;][vc_column_text]Selon le tarif choisi lors de la r\u00e9servation, il y a deux conditions d&#8217;annulation:<\/p>\n<p><strong>Tarif standard:<\/strong> les annulations faites jusqu&#8217;\u00e0 48 heures avant la date d\u2019arriv\u00e9e ne sont pas p\u00e9nalis\u00e9es. Toute annulation apr\u00e8s la date limite indiqu\u00e9e ci-dessus et \/ ou en cas d&#8217;absence d&#8217;arriv\u00e9e comporteront l&#8217;application d&#8217;une p\u00e9nalit\u00e9 \u00e9quivalent au prix d&#8217;une nuit.<\/p>\n<p><strong>Tarif non remboursable<\/strong>: \u00e9tant un tarif pr\u00e9pay\u00e9, aucun remboursement est pr\u00e9vu en cas d&#8217;annulation. Le cr\u00e9dit peut \u00eatre utilis\u00e9 pour un s\u00e9jour suivant (dans les 30 jours, pas en haute saison \/ \u00e9v\u00e9nements \/ matchs) selon la disponibilit\u00e9.[\/vc_column_text][\/vc_tta_section][vc_tta_section title=&#8221;Est-ce que les animaux sont admis?&#8221; tab_id=&#8221;1512657373832-bbc29511-7439&#8243;][vc_column_text]Les chiens et les chats sont les bienvenus, mais il est n\u00e9cessaire d\u00e9clarer leur pr\u00e9sence au moment de la r\u00e9servation car pas tous les appartements ont les caract\u00e9ristiques pour les accueillir.<br \/>\nLes dommages caus\u00e9s par les animaux \u00e0 l&#8217;int\u00e9rieur des appartements ou dans les parties communes seront \u00e0 la charge du propri\u00e9taire.[\/vc_column_text][\/vc_tta_section][vc_tta_section title=&#8221;Y a-t-il un parking pour les voitures?&#8221; tab_id=&#8221;1512657400821-9e15268d-1697&#8243;][vc_column_text]En face de notre R\u00e9sidence, nous avons environ 5 places gratuites mais nous ne pouvons pas les r\u00e9server en avance.<br \/>\nParking \u00a0\u00e0 p\u00e9age dans les zones bleues (du lundi au samedi \u00e0 partir de 8.00 h jusqu\u2019\u00e0 19h30, au tarif de \u20ac 1,50 par heure ou \u20ac 10,00 par jour.<br \/>\nGarage conventionn\u00e9 \u00e0 environ de 200 m\u00e8tres au prix de 28,00 \u20ac\/jour (ils sont pr\u00e9vus aussi des tarifs mensuels r\u00e9duits).[\/vc_column_text][\/vc_tta_section][vc_tta_section title=&#8221;Quelles sont les horaires d&#8217;arriv\u00e9e et du d\u00e9part?&#8221; tab_id=&#8221;1512657425250-317fa19b-225b&#8221;][vc_column_text css=&#8221;&#8221;]L\u2019<strong>enregistremen<\/strong>t est possible \u00e0 partir de 13h00 et le\u00a0<strong>d\u00e9part<\/strong>\u00a0avant 11h00.<\/p>\n<p>Sur demande et sous r\u00e9serve de disponibilit\u00e9, il est possible d\u2019effectuer un d\u00e9part tardif :<br data-start=\"325\" data-end=\"328\" \/>\u20ac 30.00\u00a0 jusqu\u2019\u00e0 13h00<br data-start=\"349\" data-end=\"352\" \/>\u20ac 50.00\u00a0 jusqu\u2019\u00e0 15h00<br data-start=\"373\" data-end=\"376\" \/>\u20ac 80.00\u00a0 jusqu\u2019\u00e0 17h00<br data-start=\"397\" data-end=\"400\" \/>Il est \u00e9galement possible d\u2019effectuer un enregistrement anticip\u00e9 moyennant un suppl\u00e9ment.[\/vc_column_text][\/vc_tta_section][vc_tta_section title=&#8221;Taxe de s\u00e9jour&#8221; tab_id=&#8221;1512657492371-2c83e1f5-d1f0&#8243;][vc_column_text css=&#8221;&#8221;]La taxe de s\u00e9jour est une taxe \u00e9tablie par la Commune de Turin \u00e9gale \u00e0 3,80 \u20ac par personne pour les premi\u00e8res sept nuits cons\u00e9cutives \u00e0 l&#8217;exception des enfants de moins de 12 ans et des ayants droit.[\/vc_column_text][\/vc_tta_section][vc_tta_section title=&#8221;Est-ce que c\u2019est possible de choisir les appartements?&#8221; tab_id=&#8221;1512657523314-5d8fc505-0a9e&#8221;][vc_column_text]La typologie d&#8217;appartement choisi est toujours garanti et nous ferons de notre mieux pour satisfaire vos requ\u00eates. Seulement dans le cas de s\u00e9jours mensuels il sera possible \u2013 selon la disponibilit\u00e9 &#8211; de convenir en avance avec l\u2019l&#8217;h\u00f4te\u00a0 l&#8217;appartement qui lui sera attribu\u00e9.[\/vc_column_text][\/vc_tta_section][vc_tta_section title=&#8221;Qu&#8217;est-ce que la formule d&#8217;utilisation journalier?&#8221; tab_id=&#8221;1526979968500-45754c35-4cc2&#8243;][vc_column_text]Si vous recherchez du repos et vous souhaitez faire une pause de quelques heures pendant la journ\u00e9e, vous pouvez choisir un appartement de la R\u00e9sidence Sacchi: la formule d&#8217;utilisation journalier n&#8217;inclut pas l&#8217;h\u00e9bergement, mais vous pouvez profiter de tous nos conforts \u00e0 moindre co\u00fbt du tarif habituel.<\/p>\n<p>Le s\u00e9jour journalier vous permet de profiter de l&#8217;intimit\u00e9 des espaces de la R\u00e9sidence pour vous ressourcer et vous accorder quelques heures de d\u00e9tente dans une tranquillit\u00e9 absolue.<\/p>\n<p><a href=\"https:\/\/www.residencesacchi.it\/en\/day-use-turin-residence-sacchi-offers-transit-day-use-formula\/\">Ici vous trouverez toutes les informations\u00bb<\/a>[\/vc_column_text][\/vc_tta_section][\/vc_tta_accordion][\/vc_column][\/vc_row]<\/p>\n<\/div>","protected":false},"excerpt":{"rendered":"<p>[vc_row][vc_column][vc_tta_accordion][vc_tta_section title=&#8221;Est-ce que le prix est par appartement ou par personne?&#8221; tab_id=&#8221;1512656626370-0e82527e-54a9&#8243;][vc_column_text]Le prix c\u2019est par appartement et il est different en fonction du nombre d\u2019occupants. Vous trouverez plusiers informations dans la section \u201ctarifs\u201d.[\/vc_column_text][\/vc_tta_section][vc_tta_section title=&#8221;Est-ce que les enfants paient un suppl\u00e9ment?&#8221; tab_id=&#8221;1512656626468-397e090e-38cb&#8221;][vc_column_text]Le s\u00e9jour est gratuit pour le premier enfant de moins de 12 ans. Pour tous<\/p>\n","protected":false},"author":1,"featured_media":4645,"parent":0,"menu_order":0,"comment_status":"closed","ping_status":"closed","template":"","meta":{"footnotes":""},"categories":[],"tags":[],"class_list":["post-4643","page","type-page","status-publish","has-post-thumbnail","hentry"],"yoast_head":"<!-- This site is optimized with the Yoast SEO plugin v23.8 - https:\/\/yoast.com\/wordpress\/plugins\/seo\/ -->\n<title>Residence Sacchi Turin | Foire Aux Questions<\/title>\n<meta name=\"description\" content=\"Est-ce que le prix est par appartement ou par personne? Les informations du Residence Sacchi\" \/>\n<meta name=\"robots\" content=\"index, follow, max-snippet:-1, max-image-preview:large, max-video-preview:-1\" \/>\n<link rel=\"canonical\" href=\"https:\/\/www.residencesacchi.it\/fr\/faq-residence-sacchi\/\" \/>\n<meta property=\"og:locale\" content=\"fr_FR\" \/>\n<meta property=\"og:type\" content=\"article\" \/>\n<meta property=\"og:title\" content=\"Residence Sacchi Turin | Foire Aux Questions\" \/>\n<meta property=\"og:description\" content=\"Est-ce que le prix est par appartement ou par personne? Les informations du Residence Sacchi\" \/>\n<meta property=\"og:url\" content=\"https:\/\/www.residencesacchi.it\/fr\/faq-residence-sacchi\/\" \/>\n<meta property=\"og:site_name\" content=\"Residence Sacchi Aparthotel in the center of Turin\" \/>\n<meta property=\"article:modified_time\" content=\"2026-03-31T12:48:06+00:00\" \/>\n<meta property=\"og:image\" content=\"https:\/\/www.residencesacchi.it\/wp-content\/uploads\/2018\/08\/coppia-aparthotel.jpg\" \/>\n\t<meta property=\"og:image:width\" content=\"1732\" \/>\n\t<meta property=\"og:image:height\" content=\"245\" \/>\n\t<meta property=\"og:image:type\" content=\"image\/jpeg\" \/>\n<meta name=\"twitter:card\" content=\"summary_large_image\" \/>\n<meta name=\"twitter:label1\" content=\"Dur\u00e9e de lecture estim\u00e9e\" \/>\n\t<meta name=\"twitter:data1\" content=\"7 minutes\" \/>\n<script type=\"application\/ld+json\" class=\"yoast-schema-graph\">{\"@context\":\"https:\/\/schema.org\",\"@graph\":[{\"@type\":\"WebPage\",\"@id\":\"https:\/\/www.residencesacchi.it\/fr\/faq-residence-sacchi\/\",\"url\":\"https:\/\/www.residencesacchi.it\/fr\/faq-residence-sacchi\/\",\"name\":\"Residence Sacchi Turin | Foire Aux Questions\",\"isPartOf\":{\"@id\":\"https:\/\/www.residencesacchi.it\/#website\"},\"primaryImageOfPage\":{\"@id\":\"https:\/\/www.residencesacchi.it\/fr\/faq-residence-sacchi\/#primaryimage\"},\"image\":{\"@id\":\"https:\/\/www.residencesacchi.it\/fr\/faq-residence-sacchi\/#primaryimage\"},\"thumbnailUrl\":\"https:\/\/www.residencesacchi.it\/wp-content\/uploads\/2018\/08\/coppia-aparthotel.jpg\",\"datePublished\":\"2014-04-01T08:44:24+00:00\",\"dateModified\":\"2026-03-31T12:48:06+00:00\",\"description\":\"Est-ce que le prix est par appartement ou par personne? Les informations du Residence Sacchi\",\"breadcrumb\":{\"@id\":\"https:\/\/www.residencesacchi.it\/fr\/faq-residence-sacchi\/#breadcrumb\"},\"inLanguage\":\"fr-FR\",\"potentialAction\":[{\"@type\":\"ReadAction\",\"target\":[\"https:\/\/www.residencesacchi.it\/fr\/faq-residence-sacchi\/\"]}]},{\"@type\":\"ImageObject\",\"inLanguage\":\"fr-FR\",\"@id\":\"https:\/\/www.residencesacchi.it\/fr\/faq-residence-sacchi\/#primaryimage\",\"url\":\"https:\/\/www.residencesacchi.it\/wp-content\/uploads\/2018\/08\/coppia-aparthotel.jpg\",\"contentUrl\":\"https:\/\/www.residencesacchi.it\/wp-content\/uploads\/2018\/08\/coppia-aparthotel.jpg\",\"width\":1732,\"height\":245},{\"@type\":\"BreadcrumbList\",\"@id\":\"https:\/\/www.residencesacchi.it\/fr\/faq-residence-sacchi\/#breadcrumb\",\"itemListElement\":[{\"@type\":\"ListItem\",\"position\":1,\"name\":\"Home\",\"item\":\"https:\/\/www.residencesacchi.it\/fr\/\"},{\"@type\":\"ListItem\",\"position\":2,\"name\":\"FAQ fr\"}]},{\"@type\":\"WebSite\",\"@id\":\"https:\/\/www.residencesacchi.it\/#website\",\"url\":\"https:\/\/www.residencesacchi.it\/\",\"name\":\"Residence Sacchi Aparthotel in the center of Turin\",\"description\":\"The RESIDENCE SACCHI, located in the center of Turin, near the railway and subway station Porta Nuova, is able to satisfy the different requests\",\"potentialAction\":[{\"@type\":\"SearchAction\",\"target\":{\"@type\":\"EntryPoint\",\"urlTemplate\":\"https:\/\/www.residencesacchi.it\/?s={search_term_string}\"},\"query-input\":{\"@type\":\"PropertyValueSpecification\",\"valueRequired\":true,\"valueName\":\"search_term_string\"}}],\"inLanguage\":\"fr-FR\"}]}<\/script>\n<!-- \/ Yoast SEO plugin. -->","yoast_head_json":{"title":"Residence Sacchi Turin | Foire Aux Questions","description":"Est-ce que le prix est par appartement ou par personne? Les informations du Residence Sacchi","robots":{"index":"index","follow":"follow","max-snippet":"max-snippet:-1","max-image-preview":"max-image-preview:large","max-video-preview":"max-video-preview:-1"},"canonical":"https:\/\/www.residencesacchi.it\/fr\/faq-residence-sacchi\/","og_locale":"fr_FR","og_type":"article","og_title":"Residence Sacchi Turin | Foire Aux Questions","og_description":"Est-ce que le prix est par appartement ou par personne? Les informations du Residence Sacchi","og_url":"https:\/\/www.residencesacchi.it\/fr\/faq-residence-sacchi\/","og_site_name":"Residence Sacchi Aparthotel in the center of Turin","article_modified_time":"2026-03-31T12:48:06+00:00","og_image":[{"width":1732,"height":245,"url":"https:\/\/www.residencesacchi.it\/wp-content\/uploads\/2018\/08\/coppia-aparthotel.jpg","type":"image\/jpeg"}],"twitter_card":"summary_large_image","twitter_misc":{"Dur\u00e9e de lecture estim\u00e9e":"7 minutes"},"schema":{"@context":"https:\/\/schema.org","@graph":[{"@type":"WebPage","@id":"https:\/\/www.residencesacchi.it\/fr\/faq-residence-sacchi\/","url":"https:\/\/www.residencesacchi.it\/fr\/faq-residence-sacchi\/","name":"Residence Sacchi Turin | Foire Aux Questions","isPartOf":{"@id":"https:\/\/www.residencesacchi.it\/#website"},"primaryImageOfPage":{"@id":"https:\/\/www.residencesacchi.it\/fr\/faq-residence-sacchi\/#primaryimage"},"image":{"@id":"https:\/\/www.residencesacchi.it\/fr\/faq-residence-sacchi\/#primaryimage"},"thumbnailUrl":"https:\/\/www.residencesacchi.it\/wp-content\/uploads\/2018\/08\/coppia-aparthotel.jpg","datePublished":"2014-04-01T08:44:24+00:00","dateModified":"2026-03-31T12:48:06+00:00","description":"Est-ce que le prix est par appartement ou par personne? Les informations du Residence Sacchi","breadcrumb":{"@id":"https:\/\/www.residencesacchi.it\/fr\/faq-residence-sacchi\/#breadcrumb"},"inLanguage":"fr-FR","potentialAction":[{"@type":"ReadAction","target":["https:\/\/www.residencesacchi.it\/fr\/faq-residence-sacchi\/"]}]},{"@type":"ImageObject","inLanguage":"fr-FR","@id":"https:\/\/www.residencesacchi.it\/fr\/faq-residence-sacchi\/#primaryimage","url":"https:\/\/www.residencesacchi.it\/wp-content\/uploads\/2018\/08\/coppia-aparthotel.jpg","contentUrl":"https:\/\/www.residencesacchi.it\/wp-content\/uploads\/2018\/08\/coppia-aparthotel.jpg","width":1732,"height":245},{"@type":"BreadcrumbList","@id":"https:\/\/www.residencesacchi.it\/fr\/faq-residence-sacchi\/#breadcrumb","itemListElement":[{"@type":"ListItem","position":1,"name":"Home","item":"https:\/\/www.residencesacchi.it\/fr\/"},{"@type":"ListItem","position":2,"name":"FAQ fr"}]},{"@type":"WebSite","@id":"https:\/\/www.residencesacchi.it\/#website","url":"https:\/\/www.residencesacchi.it\/","name":"Residence Sacchi Aparthotel in the center of Turin","description":"The RESIDENCE SACCHI, located in the center of Turin, near the railway and subway station Porta Nuova, is able to satisfy the different requests","potentialAction":[{"@type":"SearchAction","target":{"@type":"EntryPoint","urlTemplate":"https:\/\/www.residencesacchi.it\/?s={search_term_string}"},"query-input":{"@type":"PropertyValueSpecification","valueRequired":true,"valueName":"search_term_string"}}],"inLanguage":"fr-FR"}]}},"_links":{"self":[{"href":"https:\/\/www.residencesacchi.it\/fr\/wp-json\/wp\/v2\/pages\/4643"}],"collection":[{"href":"https:\/\/www.residencesacchi.it\/fr\/wp-json\/wp\/v2\/pages"}],"about":[{"href":"https:\/\/www.residencesacchi.it\/fr\/wp-json\/wp\/v2\/types\/page"}],"author":[{"embeddable":true,"href":"https:\/\/www.residencesacchi.it\/fr\/wp-json\/wp\/v2\/users\/1"}],"replies":[{"embeddable":true,"href":"https:\/\/www.residencesacchi.it\/fr\/wp-json\/wp\/v2\/comments?post=4643"}],"version-history":[{"count":2,"href":"https:\/\/www.residencesacchi.it\/fr\/wp-json\/wp\/v2\/pages\/4643\/revisions"}],"predecessor-version":[{"id":8173,"href":"https:\/\/www.residencesacchi.it\/fr\/wp-json\/wp\/v2\/pages\/4643\/revisions\/8173"}],"wp:featuredmedia":[{"embeddable":true,"href":"https:\/\/www.residencesacchi.it\/fr\/wp-json\/wp\/v2\/media\/4645"}],"wp:attachment":[{"href":"https:\/\/www.residencesacchi.it\/fr\/wp-json\/wp\/v2\/media?parent=4643"}],"wp:term":[{"taxonomy":"category","embeddable":true,"href":"https:\/\/www.residencesacchi.it\/fr\/wp-json\/wp\/v2\/categories?post=4643"},{"taxonomy":"post_tag","embeddable":true,"href":"https:\/\/www.residencesacchi.it\/fr\/wp-json\/wp\/v2\/tags?post=4643"}],"curies":[{"name":"wp","href":"https:\/\/api.w.org\/{rel}","templated":true}]}}