{"id":6067,"date":"2020-05-28T11:30:44","date_gmt":"2020-05-28T10:30:44","guid":{"rendered":"https:\/\/www.residencesacchi.it\/siamo-aperti-lo-siamo-sempre-stati\/"},"modified":"2020-07-05T13:09:24","modified_gmt":"2020-07-05T12:09:24","slug":"siamo-aperti-lo-siamo-sempre-stati","status":"publish","type":"page","link":"https:\/\/www.residencesacchi.it\/fr\/siamo-aperti-lo-siamo-sempre-stati\/","title":{"rendered":"Nous sommes ouverts et nous l&#8217;avons toujours \u00e9t\u00e9!"},"content":{"rendered":"<div class=\"wpb-content-wrapper\"><p>[vc_row][vc_column]<h2>R\u00e9sidence Sacchi: a imm\u00e9diatement pris toutes les mesures de s\u00e9curit\u00e9 pour la lutte contre le COVID-19.<\/h2>[\/vc_column][\/vc_row][vc_row][vc_column][vc_column_text]R\u00e9sidence Sacchi pour ses clients a imm\u00e9diatement r\u00e9alis\u00e9 une s\u00e9rie de proc\u00e9dures internes pour garantir un s\u00e9jour s\u00fbr et agr\u00e9able \u00e0 l\u2019int\u00e9riuer des ses appartements.[\/vc_column_text][\/vc_column][\/vc_row][vc_row][vc_column width=&#8221;1\/2&#8243;][vc_icon icon_fontawesome=&#8221;fa fa-calendar-check-o&#8221; background_style=&#8221;rounded&#8221; align=&#8221;center&#8221; css_animation=&#8221;fadeIn&#8221;][vc_column_text]<\/p>\n<h2 style=\"text-align: center;\">NOUS SOMMES OUVERTS<\/h2>\n<p style=\"text-align: center;\">Nous sommes ouverts et nous l&#8217;avons toujours \u00e9t\u00e9! Nous respectons toutes les dispositions concernant la lutte contre le COVID 19.<\/p>\n<p>[\/vc_column_text][\/vc_column][vc_column width=&#8221;1\/2&#8243;][vc_icon icon_fontawesome=&#8221;fa fa-fast-forward&#8221; background_style=&#8221;rounded&#8221; align=&#8221;center&#8221; css_animation=&#8221;fadeIn&#8221;][vc_column_text]<\/p>\n<h2 style=\"text-align: center;\">RAPIDE PROC\u00c9DURES DE CHECK-IN ET CHECK-OUT<\/h2>\n<p style=\"text-align: center;\">Pour rendre plus rapide les proc\u00e9dures de check-in e check-out, vous pouvez nous envoyer avant l\u2019arrive par \u00e9mail ou \u00e0 travers WhatsApp vos pi\u00e9ces de indentit\u00e9, les donn\u00e9es relatives \u00e0 la facture et le payement.<\/p>\n<p>[\/vc_column_text][\/vc_column][\/vc_row][vc_row][vc_column width=&#8221;1\/2&#8243;][vc_icon icon_fontawesome=&#8221;fa fa-shield&#8221; color=&#8221;custom&#8221; background_style=&#8221;rounded&#8221; align=&#8221;center&#8221; css_animation=&#8221;fadeIn&#8221; custom_color=&#8221;#00c47c&#8221;][vc_column_text]<\/p>\n<h2 style=\"text-align: center;\">IGY\u00c9NISATION<\/h2>\n<p style=\"text-align: center;\">Pour votre protection et securit\u00e9 nous utilisons seulement des produits certifi\u00e9s. Notre personnel interne \u00e0 \u00e9t\u00e9 correctement form\u00e9 concernat toutes les proc\u00e9dures et les produits nec\u00e9ssaires.<\/p>\n<p>[\/vc_column_text][\/vc_column][vc_column width=&#8221;1\/2&#8243;][vc_icon icon_fontawesome=&#8221;fa fa-arrows-alt&#8221; background_style=&#8221;rounded&#8221; align=&#8221;center&#8221; css_animation=&#8221;fadeIn&#8221;][vc_column_text]<\/p>\n<h2 style=\"text-align: center;\">GRANDS ESPACES<\/h2>\n<p style=\"text-align: center;\">Pas une chambre simple! La R\u00e9sidence propose des grandes appartments de 40 \u00e0 100 m\u00e8tres carr\u00e9s tous meubl\u00e9s, avec cuisine \u00e9quip\u00e9es de tout le confort moderne.<\/p>\n<p>[\/vc_column_text][\/vc_column][\/vc_row][vc_row][vc_column width=&#8221;1\/2&#8243;][vc_icon type=&#8221;entypo&#8221; icon_entypo=&#8221;entypo-icon entypo-icon-leaf&#8221; color=&#8221;custom&#8221; background_style=&#8221;rounded&#8221; align=&#8221;center&#8221; css_animation=&#8221;fadeIn&#8221; custom_color=&#8221;#00c47c&#8221;][vc_column_text]<\/p>\n<h2 style=\"text-align: center;\">ASSAINISSEMENT<\/h2>\n<p style=\"text-align: center;\">Les espaces communs et les appartements ont \u00e9t\u00e9 \u00e9quip\u00e9s de dispositifs d\u2019assainissement \u00e9cologiques \u00e0 l\u2019ozone de derni\u00e8re g\u00e9n\u00e9ration, pour la st\u00e9rilisation des environnements.<\/p>\n<p>[\/vc_column_text][\/vc_column][vc_column width=&#8221;1\/2&#8243;][vc_icon icon_fontawesome=&#8221;fa fa-bookmark&#8221; color=&#8221;custom&#8221; background_style=&#8221;rounded&#8221; align=&#8221;center&#8221; css_animation=&#8221;fadeIn&#8221; custom_color=&#8221;#00c47c&#8221;][vc_column_text]<\/p>\n<h2 style=\"text-align: center;\">LINGE<\/h2>\n<p style=\"text-align: center;\">Scarafiotti Srl fournit le linge n\u00e9cessaire avec certificat:<br \/>\nUNI EN 14065:2004<\/p>\n<p>[\/vc_column_text][\/vc_column][\/vc_row][vc_row][vc_column][vc_single_image image=&#8221;6020&#8243; img_size=&#8221;full&#8221;][\/vc_column][\/vc_row][vc_row][vc_column][vc_column_text]<\/p>\n<h3>Plus pr\u00e9cis\u00e9ment, sur le plan op\u00e9rationnel, la R\u00e9sidence Sacchi a mis en place, les mesures suivantes pour la gestion du COVID 19.<\/h3>\n<ul>\n<li>Le personnel \u00e9tait \u00e9quip\u00e9 de tout l&#8217;\u00e9quipement n\u00e9cessaire avec un rapport de livraison d&#8217;EPI connexe: <strong>masques, gants, d\u00e9sinfectants,<\/strong> v\u00eatements \u00e0 manches longues, combinaisons \u00e0 usage unique, sacs \u00e0 usage unique pour le mat\u00e9riel \u00e0 risque biologique (destin\u00e9 au linge sale), d\u00e9sinfectant germicide, produits hygi\u00e9nisants.<\/li>\n<li><strong>Le formulaire de mesure de la temp\u00e9rature des employ\u00e9s<\/strong> a \u00e9t\u00e9 cr\u00e9\u00e9: la temp\u00e9rature est enregistr\u00e9e quotidiennement \u00e0 l\u2019entr\u00e9e et \u00e0 la sortie de la R\u00e9sidence et ne doit pas d\u00e9passer 37,5 degr\u00e9s.<\/li>\n<li><strong>Un Registre des Actions a \u00e9t\u00e9 cr\u00e9\u00e9 pour enregistrer le nettoyage<\/strong> des espaces communs qui sont d\u00e9sinfect\u00e9s au moins deux fois par jour (entr\u00e9e\/sortie).<\/li>\n<li>Le nettoyage quotidien des appartements est effectu\u00e9 avec des produits d\u2019assainissement certifi\u00e9s et \u00e9quip\u00e9s de fiches techniques. En d\u00e9tail:<\/li>\n<\/ul>\n<p style=\"padding-left: 80px;\"><em>&#8211; D\u00e9tergent pour sols et surfaces dures: Maxisan Super<\/em><br \/>\n<em>&#8211; Eau de Javel: Italverde<\/em><br \/>\n<em>&#8211; Spray d\u00e9sinfectant Deo-Sany pour assainir les environnements<\/em><\/p>\n<ul>\n<li>Une attention particuli\u00e8re est d\u00e9di\u00e9e aux surfaces telles que <strong>les poign\u00e9es, les interrupteurs, les t\u00e9l\u00e9commandes, les cl\u00e9s des appartements<\/strong>: celles-ci sont sujettes \u00e0 un<strong> nettoyage<\/strong> <strong>ult\u00e9rieur avec de l\u2019alcool<\/strong>.<\/li>\n<li>Les cl\u00e9s des appartements sont d\u00e9sinfect\u00e9es avec de l\u2019alcool et livr\u00e9es au client dans une enveloppe.<\/li>\n<li>Les chiffons microfibres utilis\u00e9s pour les surfaces et les sols sont d\u00e9sinfect\u00e9s avec de l\u2019alcool avant d\u2019\u00eatre \u00e9ventuellement r\u00e9utilis\u00e9s dans un autre appartement.<\/li>\n<li>Dans les appartements, <strong>les filtres de climatisation<\/strong> sont nettoy\u00e9s et <strong>d\u00e9sinfect\u00e9s \u00e0 chaque changement d\u2019h\u00f4te avec le produit hygi\u00e9nisant SANIQUAT<\/strong>.<\/li>\n<li><strong>Les lave-vaisselle, les machines \u00e0 laver, les bains \u00e0 remous sont assainis.<\/strong><\/li>\n<li><strong>Le panneau d\u2019affichage n\u00e9cessaire pour gardez la distance de securit\u00e9<\/strong> et le nombre maximum de personnes pr\u00e9sentes \u00e0 la r\u00e9ception a \u00e9t\u00e9 cr\u00e9\u00e9.<\/li>\n<li>Toutes les diff\u00e9rentes zones et les espace communs de l\u2019h\u00f4tel ont \u00e9t\u00e9 \u00e9quip\u00e9es d\u2019un <strong>distributeur de gel d\u00e9sinfectant<\/strong> avec son panneau d\u2019affichage : r\u00e9ception (c\u00f4t\u00e9 clients et c\u00f4t\u00e9 op\u00e9rateurs), ascenseurs, vestiaire personnel, toilettes h\u00f4tes, etc.<\/li>\n<li><strong>Le comptoir de r\u00e9ception a \u00e9t\u00e9 \u00e9quip\u00e9 d\u2019un cristal pour s\u00e9parer l\u2019op\u00e9rateur des h\u00f4tes. <\/strong>Une attention particuli\u00e8re est dedi\u00e9e au nettoyage et \u00e0 l\u2019assainissement de la r\u00e9ception qui est effectu\u00e9e deux fois par jour et apr\u00e8s chaque passage du client sont assainis les poign\u00e9es des portes. \u00c0 chaque changement de poste sont assainis t\u00e9l\u00e9phones, PC, claviers, comptoir, POS et tout le mat\u00e9riel de bureau utilis\u00e9 quotidiennement.<\/li>\n<li>Pour assurer une d\u00e9sinfection continue des appartements, de la r\u00e9ception et des espaces communs ont \u00e9t\u00e9 install\u00e9s des <strong>APPAREILS D\u2019ASSAINISSEMENT DE L\u2019ENVIRONNEMENT \u00e0 base d\u2019OZONE<\/strong> (appel\u00e9s DRUIDO).\u00a0 \u00a0 \u00a0 \u00a0 \u00a0 \u00a0 \u00a0 \u00a0 \u00a0 \u00a0 \u00a0 \u00a0 \u00a0 \u00a0 \u00a0 \u00a0 \u00a0 \u00a0Ces appareils assainissent l\u2019environnement dans lequel ils sont install\u00e9s et maintiennent l\u2019assainissement dans le temps en \u00e9liminant les micro-organismes pathog\u00e8nes et les virus.<\/li>\n<\/ul>\n<p><em>[Le Minist\u00e8re de la Sant\u00e9 avec le Protocole N. 24482 de juillet 1996 a: &#8220;Reconnu l\u2019OZONE comme PRESIDIUM NATUREL POUR LA ST\u00c9RILISATION DES ENVIRONNEMENTS&#8221; avec emploi dans les lieux domestiques, de travail et dans les structures sanitaires.<\/em><br \/>\n<small><br \/>\n<em>L&#8217;ozone a la propri\u00e9t\u00e9 d&#8217;\u00e9liminer les bact\u00e9ries de toute nature, de d\u00e9sactiver les virus, d&#8217;\u00e9liminer compl\u00e8tement les allerg\u00e8nes, en particulier les acariens de la poussi\u00e8re et des tissus, l&#8217;ozone \u00e9limine les moisissures et les champignons de toutes sortes. Apr\u00e8s avoir \u00e9t\u00e9 produit avec DRUIDO en utilisant l&#8217;oxyg\u00e8ne de l&#8217;environnement, l&#8217;ozone en raison de sa nature triatomique est reconverti en oxyg\u00e8ne O2 apr\u00e8s environ 20 minutes, c&#8217;est-\u00e0-dire ce que nous respirons.<\/em><\/small><\/p>\n<p><em>Gr\u00e2ce \u00e0 la propri\u00e9t\u00e9 de l&#8217;ozone, DRUIDO assainit l&#8217;environnement dans lequel il est install\u00e9, en \u00e9liminant tous les micro-organismes pathog\u00e8nes et allerg\u00e8nes (tels que les acariens qui se nourrissent de d\u00e9chets humains comme la peau s\u00e8che, les poils, les cheveux, les pellicules) qui rendent mauvaise la qualit\u00e9 de vie des personnes avec allergies de toutes sortes.<\/em><\/p>\n<p><em>Avec DRUIDO, l\u2019utilisateur peut assainir la chambre \u00e0 coucher et les autres pi\u00e8ces de la maison et en maintenir l\u2019\u00e9tat optimal dans le temps, en \u00e9liminant les allerg\u00e8nes, les insectes, les mites du bois et du tissu, les moisissures et les champignons environnementaux.<\/em><\/p>\n<p><em>DRUIDO aide \u00e0 combattre les allergies, parmi celles-ci la plus commune est celle \u00e0 l\u2019acarien qui est un micro-organisme grand un dixi\u00e8me de millim\u00e8tre et qui vit dans des environnements peu oxyg\u00e9n\u00e9s, vit en se nourrissant de scories, lib\u00e8re des d\u00e9jections polluantes et d\u00e9pose au moins un \u0153uf par jour. L\u2019acarien (Dermatophagoides) se niche dans les tissus, les draps, les oreillers, les matelas, les couvertures, les tapis, les tentes, les canap\u00e9s et les armoires o\u00f9 des v\u00eatements sont port\u00e9s r\u00e9cemment.<br \/>\nDRUIDE d\u00e9truit \u00e9galement les insectes nuisibles (fourmis, araign\u00e9es, blattes) et leurs \u0153ufs.]<\/em><\/p>\n<ul>\n<li>Conform\u00e9ment aux directives, la posologie du syst\u00e8me anti-l\u00e9gionellose a \u00e9t\u00e9 augment\u00e9e.<\/li>\n<li>Blanchisserie certifi\u00e9e par la soci\u00e9t\u00e9 sp\u00e9cialis\u00e9e Scarafiotti srl<\/li>\n<li>Les employ\u00e9s ont re\u00e7u toutes les informations n\u00e9cessaires pour pr\u00e9venir le risque de contamination.<\/li>\n<\/ul>\n<p>[\/vc_column_text][\/vc_column][\/vc_row]<\/p>\n<\/div>","protected":false},"excerpt":{"rendered":"<p>[vc_row][vc_column][\/vc_column][\/vc_row][vc_row][vc_column][vc_column_text]R\u00e9sidence Sacchi pour ses clients a imm\u00e9diatement r\u00e9alis\u00e9 une s\u00e9rie de proc\u00e9dures internes pour garantir un s\u00e9jour s\u00fbr et agr\u00e9able \u00e0 l\u2019int\u00e9riuer des ses appartements.[\/vc_column_text][\/vc_column][\/vc_row][vc_row][vc_column width=&#8221;1\/2&#8243;][vc_icon icon_fontawesome=&#8221;fa fa-calendar-check-o&#8221; background_style=&#8221;rounded&#8221; align=&#8221;center&#8221; css_animation=&#8221;fadeIn&#8221;][vc_column_text] NOUS SOMMES OUVERTS Nous sommes ouverts et nous l&#8217;avons toujours \u00e9t\u00e9! Nous respectons toutes les dispositions concernant la lutte contre le COVID 19. [\/vc_column_text][\/vc_column][vc_column<\/p>\n","protected":false},"author":1,"featured_media":6027,"parent":0,"menu_order":0,"comment_status":"closed","ping_status":"closed","template":"","meta":{"footnotes":""},"categories":[],"tags":[],"class_list":["post-6067","page","type-page","status-publish","has-post-thumbnail","hentry"],"yoast_head":"<!-- This site is optimized with the Yoast SEO plugin v23.8 - https:\/\/yoast.com\/wordpress\/plugins\/seo\/ -->\n<title>Nous sommes ouverts et nous l&#039;avons toujours \u00e9t\u00e9! - Residence Sacchi Aparthotel in the center of Turin<\/title>\n<meta name=\"robots\" content=\"index, follow, max-snippet:-1, max-image-preview:large, max-video-preview:-1\" \/>\n<link rel=\"canonical\" href=\"https:\/\/www.residencesacchi.it\/fr\/siamo-aperti-lo-siamo-sempre-stati\/\" \/>\n<meta property=\"og:locale\" content=\"fr_FR\" \/>\n<meta property=\"og:type\" content=\"article\" \/>\n<meta property=\"og:title\" content=\"Nous sommes ouverts et nous l&#039;avons toujours \u00e9t\u00e9! - Residence Sacchi Aparthotel in the center of Turin\" \/>\n<meta property=\"og:description\" content=\"[vc_row][vc_column][\/vc_column][\/vc_row][vc_row][vc_column][vc_column_text]R\u00e9sidence Sacchi pour ses clients a imm\u00e9diatement r\u00e9alis\u00e9 une s\u00e9rie de proc\u00e9dures internes pour garantir un s\u00e9jour s\u00fbr et agr\u00e9able \u00e0 l\u2019int\u00e9riuer des ses appartements.[\/vc_column_text][\/vc_column][\/vc_row][vc_row][vc_column width=&#8221;1\/2&#8243;][vc_icon icon_fontawesome=&#8221;fa fa-calendar-check-o&#8221; background_style=&#8221;rounded&#8221; align=&#8221;center&#8221; css_animation=&#8221;fadeIn&#8221;][vc_column_text] NOUS SOMMES OUVERTS Nous sommes ouverts et nous l&#8217;avons toujours \u00e9t\u00e9! Nous respectons toutes les dispositions concernant la lutte contre le COVID 19. [\/vc_column_text][\/vc_column][vc_column\" \/>\n<meta property=\"og:url\" content=\"https:\/\/www.residencesacchi.it\/fr\/siamo-aperti-lo-siamo-sempre-stati\/\" \/>\n<meta property=\"og:site_name\" content=\"Residence Sacchi Aparthotel in the center of Turin\" \/>\n<meta property=\"article:modified_time\" content=\"2020-07-05T12:09:24+00:00\" \/>\n<meta property=\"og:image\" content=\"https:\/\/www.residencesacchi.it\/wp-content\/uploads\/2020\/05\/sanificazione.jpg\" \/>\n\t<meta property=\"og:image:width\" content=\"1732\" \/>\n\t<meta property=\"og:image:height\" content=\"245\" \/>\n\t<meta property=\"og:image:type\" content=\"image\/jpeg\" \/>\n<meta name=\"twitter:card\" content=\"summary_large_image\" \/>\n<meta name=\"twitter:label1\" content=\"Dur\u00e9e de lecture estim\u00e9e\" \/>\n\t<meta name=\"twitter:data1\" content=\"7 minutes\" \/>\n<script type=\"application\/ld+json\" class=\"yoast-schema-graph\">{\"@context\":\"https:\/\/schema.org\",\"@graph\":[{\"@type\":\"WebPage\",\"@id\":\"https:\/\/www.residencesacchi.it\/fr\/siamo-aperti-lo-siamo-sempre-stati\/\",\"url\":\"https:\/\/www.residencesacchi.it\/fr\/siamo-aperti-lo-siamo-sempre-stati\/\",\"name\":\"Nous sommes ouverts et nous l'avons toujours \u00e9t\u00e9! - Residence Sacchi Aparthotel in the center of Turin\",\"isPartOf\":{\"@id\":\"https:\/\/www.residencesacchi.it\/#website\"},\"primaryImageOfPage\":{\"@id\":\"https:\/\/www.residencesacchi.it\/fr\/siamo-aperti-lo-siamo-sempre-stati\/#primaryimage\"},\"image\":{\"@id\":\"https:\/\/www.residencesacchi.it\/fr\/siamo-aperti-lo-siamo-sempre-stati\/#primaryimage\"},\"thumbnailUrl\":\"https:\/\/www.residencesacchi.it\/wp-content\/uploads\/2020\/05\/sanificazione.jpg\",\"datePublished\":\"2020-05-28T10:30:44+00:00\",\"dateModified\":\"2020-07-05T12:09:24+00:00\",\"breadcrumb\":{\"@id\":\"https:\/\/www.residencesacchi.it\/fr\/siamo-aperti-lo-siamo-sempre-stati\/#breadcrumb\"},\"inLanguage\":\"fr-FR\",\"potentialAction\":[{\"@type\":\"ReadAction\",\"target\":[\"https:\/\/www.residencesacchi.it\/fr\/siamo-aperti-lo-siamo-sempre-stati\/\"]}]},{\"@type\":\"ImageObject\",\"inLanguage\":\"fr-FR\",\"@id\":\"https:\/\/www.residencesacchi.it\/fr\/siamo-aperti-lo-siamo-sempre-stati\/#primaryimage\",\"url\":\"https:\/\/www.residencesacchi.it\/wp-content\/uploads\/2020\/05\/sanificazione.jpg\",\"contentUrl\":\"https:\/\/www.residencesacchi.it\/wp-content\/uploads\/2020\/05\/sanificazione.jpg\",\"width\":1732,\"height\":245},{\"@type\":\"BreadcrumbList\",\"@id\":\"https:\/\/www.residencesacchi.it\/fr\/siamo-aperti-lo-siamo-sempre-stati\/#breadcrumb\",\"itemListElement\":[{\"@type\":\"ListItem\",\"position\":1,\"name\":\"Home\",\"item\":\"https:\/\/www.residencesacchi.it\/fr\/\"},{\"@type\":\"ListItem\",\"position\":2,\"name\":\"Nous sommes ouverts et nous l&#8217;avons toujours \u00e9t\u00e9!\"}]},{\"@type\":\"WebSite\",\"@id\":\"https:\/\/www.residencesacchi.it\/#website\",\"url\":\"https:\/\/www.residencesacchi.it\/\",\"name\":\"Residence Sacchi Aparthotel in the center of Turin\",\"description\":\"The RESIDENCE SACCHI, located in the center of Turin, near the railway and subway station Porta Nuova, is able to satisfy the different requests\",\"potentialAction\":[{\"@type\":\"SearchAction\",\"target\":{\"@type\":\"EntryPoint\",\"urlTemplate\":\"https:\/\/www.residencesacchi.it\/?s={search_term_string}\"},\"query-input\":{\"@type\":\"PropertyValueSpecification\",\"valueRequired\":true,\"valueName\":\"search_term_string\"}}],\"inLanguage\":\"fr-FR\"}]}<\/script>\n<!-- \/ Yoast SEO plugin. -->","yoast_head_json":{"title":"Nous sommes ouverts et nous l'avons toujours \u00e9t\u00e9! - Residence Sacchi Aparthotel in the center of Turin","robots":{"index":"index","follow":"follow","max-snippet":"max-snippet:-1","max-image-preview":"max-image-preview:large","max-video-preview":"max-video-preview:-1"},"canonical":"https:\/\/www.residencesacchi.it\/fr\/siamo-aperti-lo-siamo-sempre-stati\/","og_locale":"fr_FR","og_type":"article","og_title":"Nous sommes ouverts et nous l'avons toujours \u00e9t\u00e9! - Residence Sacchi Aparthotel in the center of Turin","og_description":"[vc_row][vc_column][\/vc_column][\/vc_row][vc_row][vc_column][vc_column_text]R\u00e9sidence Sacchi pour ses clients a imm\u00e9diatement r\u00e9alis\u00e9 une s\u00e9rie de proc\u00e9dures internes pour garantir un s\u00e9jour s\u00fbr et agr\u00e9able \u00e0 l\u2019int\u00e9riuer des ses appartements.[\/vc_column_text][\/vc_column][\/vc_row][vc_row][vc_column width=&#8221;1\/2&#8243;][vc_icon icon_fontawesome=&#8221;fa fa-calendar-check-o&#8221; background_style=&#8221;rounded&#8221; align=&#8221;center&#8221; css_animation=&#8221;fadeIn&#8221;][vc_column_text] NOUS SOMMES OUVERTS Nous sommes ouverts et nous l&#8217;avons toujours \u00e9t\u00e9! Nous respectons toutes les dispositions concernant la lutte contre le COVID 19. [\/vc_column_text][\/vc_column][vc_column","og_url":"https:\/\/www.residencesacchi.it\/fr\/siamo-aperti-lo-siamo-sempre-stati\/","og_site_name":"Residence Sacchi Aparthotel in the center of Turin","article_modified_time":"2020-07-05T12:09:24+00:00","og_image":[{"width":1732,"height":245,"url":"https:\/\/www.residencesacchi.it\/wp-content\/uploads\/2020\/05\/sanificazione.jpg","type":"image\/jpeg"}],"twitter_card":"summary_large_image","twitter_misc":{"Dur\u00e9e de lecture estim\u00e9e":"7 minutes"},"schema":{"@context":"https:\/\/schema.org","@graph":[{"@type":"WebPage","@id":"https:\/\/www.residencesacchi.it\/fr\/siamo-aperti-lo-siamo-sempre-stati\/","url":"https:\/\/www.residencesacchi.it\/fr\/siamo-aperti-lo-siamo-sempre-stati\/","name":"Nous sommes ouverts et nous l'avons toujours \u00e9t\u00e9! - Residence Sacchi Aparthotel in the center of Turin","isPartOf":{"@id":"https:\/\/www.residencesacchi.it\/#website"},"primaryImageOfPage":{"@id":"https:\/\/www.residencesacchi.it\/fr\/siamo-aperti-lo-siamo-sempre-stati\/#primaryimage"},"image":{"@id":"https:\/\/www.residencesacchi.it\/fr\/siamo-aperti-lo-siamo-sempre-stati\/#primaryimage"},"thumbnailUrl":"https:\/\/www.residencesacchi.it\/wp-content\/uploads\/2020\/05\/sanificazione.jpg","datePublished":"2020-05-28T10:30:44+00:00","dateModified":"2020-07-05T12:09:24+00:00","breadcrumb":{"@id":"https:\/\/www.residencesacchi.it\/fr\/siamo-aperti-lo-siamo-sempre-stati\/#breadcrumb"},"inLanguage":"fr-FR","potentialAction":[{"@type":"ReadAction","target":["https:\/\/www.residencesacchi.it\/fr\/siamo-aperti-lo-siamo-sempre-stati\/"]}]},{"@type":"ImageObject","inLanguage":"fr-FR","@id":"https:\/\/www.residencesacchi.it\/fr\/siamo-aperti-lo-siamo-sempre-stati\/#primaryimage","url":"https:\/\/www.residencesacchi.it\/wp-content\/uploads\/2020\/05\/sanificazione.jpg","contentUrl":"https:\/\/www.residencesacchi.it\/wp-content\/uploads\/2020\/05\/sanificazione.jpg","width":1732,"height":245},{"@type":"BreadcrumbList","@id":"https:\/\/www.residencesacchi.it\/fr\/siamo-aperti-lo-siamo-sempre-stati\/#breadcrumb","itemListElement":[{"@type":"ListItem","position":1,"name":"Home","item":"https:\/\/www.residencesacchi.it\/fr\/"},{"@type":"ListItem","position":2,"name":"Nous sommes ouverts et nous l&#8217;avons toujours \u00e9t\u00e9!"}]},{"@type":"WebSite","@id":"https:\/\/www.residencesacchi.it\/#website","url":"https:\/\/www.residencesacchi.it\/","name":"Residence Sacchi Aparthotel in the center of Turin","description":"The RESIDENCE SACCHI, located in the center of Turin, near the railway and subway station Porta Nuova, is able to satisfy the different requests","potentialAction":[{"@type":"SearchAction","target":{"@type":"EntryPoint","urlTemplate":"https:\/\/www.residencesacchi.it\/?s={search_term_string}"},"query-input":{"@type":"PropertyValueSpecification","valueRequired":true,"valueName":"search_term_string"}}],"inLanguage":"fr-FR"}]}},"_links":{"self":[{"href":"https:\/\/www.residencesacchi.it\/fr\/wp-json\/wp\/v2\/pages\/6067"}],"collection":[{"href":"https:\/\/www.residencesacchi.it\/fr\/wp-json\/wp\/v2\/pages"}],"about":[{"href":"https:\/\/www.residencesacchi.it\/fr\/wp-json\/wp\/v2\/types\/page"}],"author":[{"embeddable":true,"href":"https:\/\/www.residencesacchi.it\/fr\/wp-json\/wp\/v2\/users\/1"}],"replies":[{"embeddable":true,"href":"https:\/\/www.residencesacchi.it\/fr\/wp-json\/wp\/v2\/comments?post=6067"}],"version-history":[{"count":0,"href":"https:\/\/www.residencesacchi.it\/fr\/wp-json\/wp\/v2\/pages\/6067\/revisions"}],"wp:featuredmedia":[{"embeddable":true,"href":"https:\/\/www.residencesacchi.it\/fr\/wp-json\/wp\/v2\/media\/6027"}],"wp:attachment":[{"href":"https:\/\/www.residencesacchi.it\/fr\/wp-json\/wp\/v2\/media?parent=6067"}],"wp:term":[{"taxonomy":"category","embeddable":true,"href":"https:\/\/www.residencesacchi.it\/fr\/wp-json\/wp\/v2\/categories?post=6067"},{"taxonomy":"post_tag","embeddable":true,"href":"https:\/\/www.residencesacchi.it\/fr\/wp-json\/wp\/v2\/tags?post=6067"}],"curies":[{"name":"wp","href":"https:\/\/api.w.org\/{rel}","templated":true}]}}