{"id":6293,"date":"2018-04-23T09:39:40","date_gmt":"2018-04-23T08:39:40","guid":{"rendered":"https:\/\/www.residencesacchi.it\/appartements-turin\/via-san-secondo\/"},"modified":"2021-12-07T10:45:07","modified_gmt":"2021-12-07T09:45:07","slug":"via-san-secondo","status":"publish","type":"page","link":"https:\/\/www.residencesacchi.it\/fr\/appartements-turin\/via-san-secondo\/","title":{"rendered":"D\u00e9pendance Rue San Secondo"},"content":{"rendered":"<div class=\"wpb-content-wrapper\"><p>[vc_row][vc_column]<h2>D\u00e9pendance Rue San Secondo<\/h2>[\/vc_column][\/vc_row][vc_row][vc_column][vc_column_text]<\/p>\n<p style=\"text-align: center;\">Appartements \u00e0 location mensuelle, \u00e9quip\u00e9s de tout le confort pour vous faire sentir comme chez soi.<\/p>\n<p>[\/vc_column_text][\/vc_column][\/vc_row][vc_row][vc_column]\t\t\n\t\t\t\t\n\t\t\n\t\t\t\t\t\n\t\t\t<!-- BEGIN .rooms-block-wrapper -->\n\t\t\t<div class=\"rooms-block-wrapper room-3-cols clearfix\">\n\t\t\t\n\t\t\t\t\n\t\t\t\t\t\n\t\t\t\t\t\t\n\t\t\t\t<!-- BEGIN .rooms-block -->\n\t\t\t\t<div class=\"rooms-block\">\n\n\t\t\t\t\t<div class=\"rooms-block-image\">\n\t\t\t\t\t\t\n\t\t\t\t\t\t\t<a href=\"https:\/\/www.residencesacchi.it\/fr\/accommodation\/bilocali-r2-appartamento-01\/\" rel=\"bookmark\" title=\"Deux pi\u00e8ces mansard\u00e9 1\">\n\n\t\t\t\t\t\t\t\t\t\t\t\t\t\t\t\t\t\t\t\t\t\t\t\t\t\n\t\t\t\t\t\t\t\t<img decoding=\"async\" src=\"https:\/\/www.residencesacchi.it\/wp-content\/uploads\/2014\/04\/100_3991-bis-600x370.jpg\" alt=\"Deux pi\u00e8ces mansard\u00e9 1 Residence Torino\" \/>\n\t\t\t\t\t\t\t<\/a>\n\n\t\t\t\t\t\t\t\t\t\t\t<\/div>\n\n\t\t\t\t\t<div class=\"rooms-block-content\">\n\t\t\t\t\t\t<h4><a href=\"https:\/\/www.residencesacchi.it\/fr\/accommodation\/bilocali-r2-appartamento-01\/\" rel=\"bookmark\" title=\"Deux pi\u00e8ces mansard\u00e9 1\">Deux pi\u00e8ces mansard\u00e9 1<\/a><\/h4>\n\t\t\t\t\t\t<div class=\"title-block-2\"><\/div>\n\t\t\t\t\t\t\n\t\t\t\t\t\t\t\t\t\t\t\t\n\t\t\t\t\t\t<ul class=\"list-style4\"><li><span>Personnes:<\/span> 2 adultes (possibilit\u00e9 d\u2019ajouter sur r\u00eaquete 2 adultes)<\/li>\r\n<li><span>Cat\u00e9gorie:<\/span> Deux-pi\u00e8ces<\/li>\r\n<li>Appartement deux pi\u00e8ces mansard\u00e9 au 5\u00e8me \u00e9tage avec balcon et double vue<\/li><\/ul><div class=\"clearboth\"><\/div>\t\t\t\t\t\t<a href=\"https:\/\/www.residencesacchi.it\/fr\/accommodation\/bilocali-r2-appartamento-01\/\" class=\"view-details-button\">En d\u00e8tail <i class=\"fa fa-angle-right\"><\/i><\/a>\n\t\t\t\t\t<\/div>\n\t\t\t\t<!-- END .rooms-block -->\n\t\t\t\t<\/div>\n\t\t\t\t\n\t\t\t\t\t\t\n\t\t\t\t\t\n\t\t\t\t\t\t\n\t\t\t\t<!-- BEGIN .rooms-block -->\n\t\t\t\t<div class=\"rooms-block\">\n\n\t\t\t\t\t<div class=\"rooms-block-image\">\n\t\t\t\t\t\t\n\t\t\t\t\t\t\t<a href=\"https:\/\/www.residencesacchi.it\/fr\/accommodation\/monolocali-r2-appartamento-02\/\" rel=\"bookmark\" title=\"Studio mansard\u00e9 2\">\n\n\t\t\t\t\t\t\t\t\t\t\t\t\t\t\t\t\t\t\t\t\t\t\t\t\t\n\t\t\t\t\t\t\t\t<img decoding=\"async\" src=\"https:\/\/www.residencesacchi.it\/wp-content\/uploads\/2021\/03\/app02-r2-1-600x370.jpg\" alt=\"Studio mansard\u00e9 2 Residence Torino\" \/>\n\t\t\t\t\t\t\t<\/a>\n\n\t\t\t\t\t\t\t\t\t\t\t<\/div>\n\n\t\t\t\t\t<div class=\"rooms-block-content\">\n\t\t\t\t\t\t<h4><a href=\"https:\/\/www.residencesacchi.it\/fr\/accommodation\/monolocali-r2-appartamento-02\/\" rel=\"bookmark\" title=\"Studio mansard\u00e9 2\">Studio mansard\u00e9 2<\/a><\/h4>\n\t\t\t\t\t\t<div class=\"title-block-2\"><\/div>\n\t\t\t\t\t\t\n\t\t\t\t\t\t\t\t\t\t\t\t\n\t\t\t\t\t\t<ul class=\"list-style4\"><li><span>Personnes:<\/span> 2 adultes (possibilit\u00e9 d\u2019ajouter sur r\u00eaquete 1 ou 2 adultes et 1 lit b\u00e9b\u00e9)<\/li>\r\n<li><span>Cat\u00e9gorie:<\/span> Studio<\/li>\r\n<li>Appartement mansard\u00e9 <\/li><\/ul><div class=\"clearboth\"><\/div>\t\t\t\t\t\t<a href=\"https:\/\/www.residencesacchi.it\/fr\/accommodation\/monolocali-r2-appartamento-02\/\" class=\"view-details-button\">En d\u00e8tail <i class=\"fa fa-angle-right\"><\/i><\/a>\n\t\t\t\t\t<\/div>\n\t\t\t\t<!-- END .rooms-block -->\n\t\t\t\t<\/div>\n\t\t\t\t\n\t\t\t\t\t\t\n\t\t\t\t\t\n\t\t\t\t\t\t\n\t\t\t\t<!-- BEGIN .rooms-block -->\n\t\t\t\t<div class=\"rooms-block\">\n\n\t\t\t\t\t<div class=\"rooms-block-image\">\n\t\t\t\t\t\t\n\t\t\t\t\t\t\t<a href=\"https:\/\/www.residencesacchi.it\/fr\/accommodation\/penthouse-3\/\" rel=\"bookmark\" title=\"Penthouse 3\">\n\n\t\t\t\t\t\t\t\t\t\t\t\t\t\t\t\t\t\t\t\t\t\t\t\t\t\n\t\t\t\t\t\t\t\t<img decoding=\"async\" src=\"https:\/\/www.residencesacchi.it\/wp-content\/uploads\/2021\/09\/aparthotel-residence-hotel-turin-app3ss-4-600x370.jpg\" alt=\"Penthouse 3 Residence Torino\" \/>\n\t\t\t\t\t\t\t<\/a>\n\n\t\t\t\t\t\t\t\t\t\t\t<\/div>\n\n\t\t\t\t\t<div class=\"rooms-block-content\">\n\t\t\t\t\t\t<h4><a href=\"https:\/\/www.residencesacchi.it\/fr\/accommodation\/penthouse-3\/\" rel=\"bookmark\" title=\"Penthouse 3\">Penthouse 3<\/a><\/h4>\n\t\t\t\t\t\t<div class=\"title-block-2\"><\/div>\n\t\t\t\t\t\t\n\t\t\t\t\t\t\t\t\t\t\t\t\n\t\t\t\t\t\t<ul class=\"list-style4\"><li><span>Personnes:<\/span> 2 adultes (possibilit\u00e9 d\u2019ajouter sur r\u00eaquete 1 adulte)<\/li>\r\n<li><span>Cat\u00e9gorie:<\/span> Penthouse <\/li>\r\n<li>Penthouse au 5\u00e8me \u00e9tage avec terrasse et chemin\u00e9e <\/li><\/ul><div class=\"clearboth\"><\/div>\t\t\t\t\t\t<a href=\"https:\/\/www.residencesacchi.it\/fr\/accommodation\/penthouse-3\/\" class=\"view-details-button\">En d\u00e8tail <i class=\"fa fa-angle-right\"><\/i><\/a>\n\t\t\t\t\t<\/div>\n\t\t\t\t<!-- END .rooms-block -->\n\t\t\t\t<\/div>\n\t\t\t\t\n\t\t\t\t\t\t\n\t\t\t\t\t\n\t\t\t\t\t\t\n\t\t\t\t<!-- BEGIN .rooms-block -->\n\t\t\t\t<div class=\"rooms-block\">\n\n\t\t\t\t\t<div class=\"rooms-block-image\">\n\t\t\t\t\t\t\n\t\t\t\t\t\t\t<a href=\"https:\/\/www.residencesacchi.it\/fr\/accommodation\/r2-appartamento-07\/\" rel=\"bookmark\" title=\"Open space sur deux niveaux 7\">\n\n\t\t\t\t\t\t\t\t\t\t\t\t\t\t\t\t\t\t\t\t\t\t\t\t\t\n\t\t\t\t\t\t\t\t<img decoding=\"async\" src=\"https:\/\/www.residencesacchi.it\/wp-content\/uploads\/2014\/04\/R2-APP-7-F-8-bis-600x370.jpg\" alt=\"Open space sur deux niveaux 7 Residence Torino\" \/>\n\t\t\t\t\t\t\t<\/a>\n\n\t\t\t\t\t\t\t\t\t\t\t<\/div>\n\n\t\t\t\t\t<div class=\"rooms-block-content\">\n\t\t\t\t\t\t<h4><a href=\"https:\/\/www.residencesacchi.it\/fr\/accommodation\/r2-appartamento-07\/\" rel=\"bookmark\" title=\"Open space sur deux niveaux 7\">Open space sur deux niveaux 7<\/a><\/h4>\n\t\t\t\t\t\t<div class=\"title-block-2\"><\/div>\n\t\t\t\t\t\t\n\t\t\t\t\t\t\t\t\t\t\t\t\n\t\t\t\t\t\t<ul class=\"list-style4\"><li><span>Personnes:<\/span> 2 adultes (possibilit\u00e9 d\u2019ajouter sur r\u00eaquete 2 adultes)<\/li>\r\n<li><span>Cat\u00e9gorie:<\/span> Studio<\/li>\r\n<li>Luxueux appartement mansard\u00e9 au 4\u00e8me \u00e9tageo<\/li><\/ul><div class=\"clearboth\"><\/div>\t\t\t\t\t\t<a href=\"https:\/\/www.residencesacchi.it\/fr\/accommodation\/r2-appartamento-07\/\" class=\"view-details-button\">En d\u00e8tail <i class=\"fa fa-angle-right\"><\/i><\/a>\n\t\t\t\t\t<\/div>\n\t\t\t\t<!-- END .rooms-block -->\n\t\t\t\t<\/div>\n\t\t\t\t\n\t\t\t\t\t\t\n\t\t\t\t\t\n\t\t\t\t\t\t\n\t\t\t\t<!-- BEGIN .rooms-block -->\n\t\t\t\t<div class=\"rooms-block\">\n\n\t\t\t\t\t<div class=\"rooms-block-image\">\n\t\t\t\t\t\t\n\t\t\t\t\t\t\t<a href=\"https:\/\/www.residencesacchi.it\/fr\/accommodation\/appartamenti-de-luxe-r2-appartamento-08\/\" rel=\"bookmark\" title=\"Deluxe 8\">\n\n\t\t\t\t\t\t\t\t\t\t\t\t\t\t\t\t\t\t\t\t\t\t\t\t\t\n\t\t\t\t\t\t\t\t<img decoding=\"async\" src=\"https:\/\/www.residencesacchi.it\/wp-content\/uploads\/2014\/04\/family-apartment-residence-sacchi-hotel-turin-bis-600x370.jpg\" alt=\"Deluxe 8 Residence Torino\" \/>\n\t\t\t\t\t\t\t<\/a>\n\n\t\t\t\t\t\t\t\t\t\t\t<\/div>\n\n\t\t\t\t\t<div class=\"rooms-block-content\">\n\t\t\t\t\t\t<h4><a href=\"https:\/\/www.residencesacchi.it\/fr\/accommodation\/appartamenti-de-luxe-r2-appartamento-08\/\" rel=\"bookmark\" title=\"Deluxe 8\">Deluxe 8<\/a><\/h4>\n\t\t\t\t\t\t<div class=\"title-block-2\"><\/div>\n\t\t\t\t\t\t\n\t\t\t\t\t\t\t\t\t\t\t\t\n\t\t\t\t\t\t<ul class=\"list-style4\"><li><span>Personnes:<\/span> 2 adultes (possibilit\u00e9 d\u2019ajouter sur r\u00eaquete 1-4 adultes)<\/li>\r\n<li><span>Cat\u00e9gorie:<\/span> deluxe<\/li>\r\n<li>Appartement deluxe au 4\u00e8me \u00e9tage d\u2019un immeuble Art Nouveau avec ascenseur<\/li><\/ul><div class=\"clearboth\"><\/div>\t\t\t\t\t\t<a href=\"https:\/\/www.residencesacchi.it\/fr\/accommodation\/appartamenti-de-luxe-r2-appartamento-08\/\" class=\"view-details-button\">En d\u00e8tail <i class=\"fa fa-angle-right\"><\/i><\/a>\n\t\t\t\t\t<\/div>\n\t\t\t\t<!-- END .rooms-block -->\n\t\t\t\t<\/div>\n\t\t\t\t\n\t\t\t\t\t\t\n\t\t\t\t\t\n\t\t\t\t\t\t\n\t\t\t\t<!-- BEGIN .rooms-block -->\n\t\t\t\t<div class=\"rooms-block\">\n\n\t\t\t\t\t<div class=\"rooms-block-image\">\n\t\t\t\t\t\t\n\t\t\t\t\t\t\t<a href=\"https:\/\/www.residencesacchi.it\/fr\/accommodation\/deluxe-9\/\" rel=\"bookmark\" title=\"Deluxe 9\">\n\n\t\t\t\t\t\t\t\t\t\t\t\t\t\t\t\t\t\t\t\t\t\t\t\t\t\n\t\t\t\t\t\t\t\t<img decoding=\"async\" src=\"https:\/\/www.residencesacchi.it\/wp-content\/uploads\/2022\/06\/deluxe9-salone-1-600x370.jpg\" alt=\"Deluxe 9 Residence Torino\" \/>\n\t\t\t\t\t\t\t<\/a>\n\n\t\t\t\t\t\t\t\t\t\t\t<\/div>\n\n\t\t\t\t\t<div class=\"rooms-block-content\">\n\t\t\t\t\t\t<h4><a href=\"https:\/\/www.residencesacchi.it\/fr\/accommodation\/deluxe-9\/\" rel=\"bookmark\" title=\"Deluxe 9\">Deluxe 9<\/a><\/h4>\n\t\t\t\t\t\t<div class=\"title-block-2\"><\/div>\n\t\t\t\t\t\t\n\t\t\t\t\t\t\t\t\t\t\t\t\n\t\t\t\t\t\t<ul class=\"list-style4\"><li><span>Personnes:<\/span>2 adultes (possibilit\u00e9 d\u2019ajouter sur r\u00eaquete 2-4 adultes)<\/li>\r\n<li><span>Cat\u00e9gorie:<\/span> deluxe<\/li>\r\n<li>Appartement deluxe au 4\u00e8me \u00e9tage d\u2019un immeuble Art Nouveau avec ascenseur<\/li><\/ul><div class=\"clearboth\"><\/div>\t\t\t\t\t\t<a href=\"https:\/\/www.residencesacchi.it\/fr\/accommodation\/deluxe-9\/\" class=\"view-details-button\">En d\u00e8tail <i class=\"fa fa-angle-right\"><\/i><\/a>\n\t\t\t\t\t<\/div>\n\t\t\t\t<!-- END .rooms-block -->\n\t\t\t\t<\/div>\n\t\t\t\t\n\t\t\t\t\t\t\n\t\t\t\t\n\t\t<!-- BEGIN .rooms-block-wrapper -->\n\t\t<\/div>\n\t\t\n\t\t\t\t\n\t\t\t\t\n\t\t\t\t\n\t\t[\/vc_column][\/vc_row]<\/p>\n<\/div>","protected":false},"excerpt":{"rendered":"<p>[vc_row][vc_column][\/vc_column][\/vc_row][vc_row][vc_column][vc_column_text] Appartements \u00e0 location mensuelle, \u00e9quip\u00e9s de tout le confort pour vous faire sentir comme chez soi. [\/vc_column_text][\/vc_column][\/vc_row][vc_row][vc_column][\/vc_column][\/vc_row]<\/p>\n","protected":false},"author":1,"featured_media":0,"parent":4637,"menu_order":0,"comment_status":"closed","ping_status":"closed","template":"","meta":{"footnotes":""},"categories":[],"tags":[],"class_list":["post-6293","page","type-page","status-publish","hentry"],"yoast_head":"<!-- This site is optimized with the Yoast SEO plugin v23.8 - https:\/\/yoast.com\/wordpress\/plugins\/seo\/ -->\n<title>Residence au centre de Turin - Appart&#039;h\u00f4tel luxe et design<\/title>\n<meta name=\"description\" content=\"R\u00e9sidence au centre de Turin : appartements de luxe au design raffin\u00e9, \u00e0 la R\u00e9sidence Sacchi suites, appartements de deux pi\u00e8ces, appartements de luxe tout confort\" \/>\n<meta name=\"robots\" content=\"index, follow, max-snippet:-1, max-image-preview:large, max-video-preview:-1\" \/>\n<link rel=\"canonical\" href=\"https:\/\/www.residencesacchi.it\/fr\/appartements-turin\/via-san-secondo\/\" \/>\n<meta property=\"og:locale\" content=\"fr_FR\" \/>\n<meta property=\"og:type\" content=\"article\" \/>\n<meta property=\"og:title\" content=\"Residence au centre de Turin - Appart&#039;h\u00f4tel luxe et design\" \/>\n<meta property=\"og:description\" content=\"R\u00e9sidence au centre de Turin : appartements de luxe au design raffin\u00e9, \u00e0 la R\u00e9sidence Sacchi suites, appartements de deux pi\u00e8ces, appartements de luxe tout confort\" \/>\n<meta property=\"og:url\" content=\"https:\/\/www.residencesacchi.it\/fr\/appartements-turin\/via-san-secondo\/\" \/>\n<meta property=\"og:site_name\" content=\"Residence Sacchi Aparthotel in the center of Turin\" \/>\n<meta property=\"article:modified_time\" content=\"2021-12-07T09:45:07+00:00\" \/>\n<meta name=\"twitter:card\" content=\"summary_large_image\" \/>\n<script type=\"application\/ld+json\" class=\"yoast-schema-graph\">{\"@context\":\"https:\/\/schema.org\",\"@graph\":[{\"@type\":\"WebPage\",\"@id\":\"https:\/\/www.residencesacchi.it\/fr\/appartements-turin\/via-san-secondo\/\",\"url\":\"https:\/\/www.residencesacchi.it\/fr\/appartements-turin\/via-san-secondo\/\",\"name\":\"Residence au centre de Turin - Appart'h\u00f4tel luxe et design\",\"isPartOf\":{\"@id\":\"https:\/\/www.residencesacchi.it\/#website\"},\"datePublished\":\"2018-04-23T08:39:40+00:00\",\"dateModified\":\"2021-12-07T09:45:07+00:00\",\"description\":\"R\u00e9sidence au centre de Turin : appartements de luxe au design raffin\u00e9, \u00e0 la R\u00e9sidence Sacchi suites, appartements de deux pi\u00e8ces, appartements de luxe tout confort\",\"breadcrumb\":{\"@id\":\"https:\/\/www.residencesacchi.it\/fr\/appartements-turin\/via-san-secondo\/#breadcrumb\"},\"inLanguage\":\"fr-FR\",\"potentialAction\":[{\"@type\":\"ReadAction\",\"target\":[\"https:\/\/www.residencesacchi.it\/fr\/appartements-turin\/via-san-secondo\/\"]}]},{\"@type\":\"BreadcrumbList\",\"@id\":\"https:\/\/www.residencesacchi.it\/fr\/appartements-turin\/via-san-secondo\/#breadcrumb\",\"itemListElement\":[{\"@type\":\"ListItem\",\"position\":1,\"name\":\"Home\",\"item\":\"https:\/\/www.residencesacchi.it\/fr\/\"},{\"@type\":\"ListItem\",\"position\":2,\"name\":\"Appartements\",\"item\":\"https:\/\/www.residencesacchi.it\/fr\/appartements-turin\/\"},{\"@type\":\"ListItem\",\"position\":3,\"name\":\"D\u00e9pendance Rue San Secondo\"}]},{\"@type\":\"WebSite\",\"@id\":\"https:\/\/www.residencesacchi.it\/#website\",\"url\":\"https:\/\/www.residencesacchi.it\/\",\"name\":\"Residence Sacchi Aparthotel in the center of Turin\",\"description\":\"The RESIDENCE SACCHI, located in the center of Turin, near the railway and subway station Porta Nuova, is able to satisfy the different requests\",\"potentialAction\":[{\"@type\":\"SearchAction\",\"target\":{\"@type\":\"EntryPoint\",\"urlTemplate\":\"https:\/\/www.residencesacchi.it\/?s={search_term_string}\"},\"query-input\":{\"@type\":\"PropertyValueSpecification\",\"valueRequired\":true,\"valueName\":\"search_term_string\"}}],\"inLanguage\":\"fr-FR\"}]}<\/script>\n<!-- \/ Yoast SEO plugin. -->","yoast_head_json":{"title":"Residence au centre de Turin - Appart'h\u00f4tel luxe et design","description":"R\u00e9sidence au centre de Turin : appartements de luxe au design raffin\u00e9, \u00e0 la R\u00e9sidence Sacchi suites, appartements de deux pi\u00e8ces, appartements de luxe tout confort","robots":{"index":"index","follow":"follow","max-snippet":"max-snippet:-1","max-image-preview":"max-image-preview:large","max-video-preview":"max-video-preview:-1"},"canonical":"https:\/\/www.residencesacchi.it\/fr\/appartements-turin\/via-san-secondo\/","og_locale":"fr_FR","og_type":"article","og_title":"Residence au centre de Turin - Appart'h\u00f4tel luxe et design","og_description":"R\u00e9sidence au centre de Turin : appartements de luxe au design raffin\u00e9, \u00e0 la R\u00e9sidence Sacchi suites, appartements de deux pi\u00e8ces, appartements de luxe tout confort","og_url":"https:\/\/www.residencesacchi.it\/fr\/appartements-turin\/via-san-secondo\/","og_site_name":"Residence Sacchi Aparthotel in the center of Turin","article_modified_time":"2021-12-07T09:45:07+00:00","twitter_card":"summary_large_image","schema":{"@context":"https:\/\/schema.org","@graph":[{"@type":"WebPage","@id":"https:\/\/www.residencesacchi.it\/fr\/appartements-turin\/via-san-secondo\/","url":"https:\/\/www.residencesacchi.it\/fr\/appartements-turin\/via-san-secondo\/","name":"Residence au centre de Turin - Appart'h\u00f4tel luxe et design","isPartOf":{"@id":"https:\/\/www.residencesacchi.it\/#website"},"datePublished":"2018-04-23T08:39:40+00:00","dateModified":"2021-12-07T09:45:07+00:00","description":"R\u00e9sidence au centre de Turin : appartements de luxe au design raffin\u00e9, \u00e0 la R\u00e9sidence Sacchi suites, appartements de deux pi\u00e8ces, appartements de luxe tout confort","breadcrumb":{"@id":"https:\/\/www.residencesacchi.it\/fr\/appartements-turin\/via-san-secondo\/#breadcrumb"},"inLanguage":"fr-FR","potentialAction":[{"@type":"ReadAction","target":["https:\/\/www.residencesacchi.it\/fr\/appartements-turin\/via-san-secondo\/"]}]},{"@type":"BreadcrumbList","@id":"https:\/\/www.residencesacchi.it\/fr\/appartements-turin\/via-san-secondo\/#breadcrumb","itemListElement":[{"@type":"ListItem","position":1,"name":"Home","item":"https:\/\/www.residencesacchi.it\/fr\/"},{"@type":"ListItem","position":2,"name":"Appartements","item":"https:\/\/www.residencesacchi.it\/fr\/appartements-turin\/"},{"@type":"ListItem","position":3,"name":"D\u00e9pendance Rue San Secondo"}]},{"@type":"WebSite","@id":"https:\/\/www.residencesacchi.it\/#website","url":"https:\/\/www.residencesacchi.it\/","name":"Residence Sacchi Aparthotel in the center of Turin","description":"The RESIDENCE SACCHI, located in the center of Turin, near the railway and subway station Porta Nuova, is able to satisfy the different requests","potentialAction":[{"@type":"SearchAction","target":{"@type":"EntryPoint","urlTemplate":"https:\/\/www.residencesacchi.it\/?s={search_term_string}"},"query-input":{"@type":"PropertyValueSpecification","valueRequired":true,"valueName":"search_term_string"}}],"inLanguage":"fr-FR"}]}},"_links":{"self":[{"href":"https:\/\/www.residencesacchi.it\/fr\/wp-json\/wp\/v2\/pages\/6293"}],"collection":[{"href":"https:\/\/www.residencesacchi.it\/fr\/wp-json\/wp\/v2\/pages"}],"about":[{"href":"https:\/\/www.residencesacchi.it\/fr\/wp-json\/wp\/v2\/types\/page"}],"author":[{"embeddable":true,"href":"https:\/\/www.residencesacchi.it\/fr\/wp-json\/wp\/v2\/users\/1"}],"replies":[{"embeddable":true,"href":"https:\/\/www.residencesacchi.it\/fr\/wp-json\/wp\/v2\/comments?post=6293"}],"version-history":[{"count":0,"href":"https:\/\/www.residencesacchi.it\/fr\/wp-json\/wp\/v2\/pages\/6293\/revisions"}],"up":[{"embeddable":true,"href":"https:\/\/www.residencesacchi.it\/fr\/wp-json\/wp\/v2\/pages\/4637"}],"wp:attachment":[{"href":"https:\/\/www.residencesacchi.it\/fr\/wp-json\/wp\/v2\/media?parent=6293"}],"wp:term":[{"taxonomy":"category","embeddable":true,"href":"https:\/\/www.residencesacchi.it\/fr\/wp-json\/wp\/v2\/categories?post=6293"},{"taxonomy":"post_tag","embeddable":true,"href":"https:\/\/www.residencesacchi.it\/fr\/wp-json\/wp\/v2\/tags?post=6293"}],"curies":[{"name":"wp","href":"https:\/\/api.w.org\/{rel}","templated":true}]}}