{"id":6707,"date":"2021-05-31T17:06:18","date_gmt":"2021-05-31T16:06:18","guid":{"rendered":"https:\/\/www.residencesacchi.it\/?page_id=6707"},"modified":"2024-10-10T09:56:45","modified_gmt":"2024-10-10T08:56:45","slug":"atp-finals-turin-pensez-a-reserver-residence","status":"publish","type":"page","link":"https:\/\/www.residencesacchi.it\/fr\/atp-finals-turin-pensez-a-reserver-residence\/","title":{"rendered":"ATP Finals Turin 2024: votre R\u00e9sidence \u00e0 Turin pour profiter de l\u2019\u00e9v\u00e9nement"},"content":{"rendered":"<div class=\"wpb-content-wrapper\"><p>[vc_section][vc_row][vc_column][vc_column_text]<\/p>\n<h2>Turin capitale du tennis: les ATP Finals se d\u00e9rouleront \u00e0 l&#8217;Inalpi Arena du 10 au 17 novembre 2024.<\/h2>\n<p>Les <strong>ATP de tennis<\/strong> repr\u00e9sentent un \u00e9v\u00e9nement certainement attendu, dans lequel les op\u00e9rateurs esp\u00e8rent beaucoup apr\u00e8s des mois de travail difficile et balan\u00e7ant.<\/p>\n<p>Ne manquez pas l&#8217;\u00e9v\u00e9nement de tennis le plus exclusif : \u00e0 ce jour, de nombreuses r\u00e9servations ont d\u00e9j\u00e0 \u00e9t\u00e9 faites pour la manifestation turinoise (voir le site officiel de l\u2019\u00e9v\u00e9nement pour acheter les billets (<a href=\"https:\/\/tickets.nittoatpfinals.com\/\">https:\/\/tickets.nittoatpfinals.com\/<\/a>).<\/p>\n<blockquote><p>La R\u00e9sidence Sacchi est pr\u00eate \u00e0 accueillir les amateurs de tennis, avec son service de r\u00e9ception et l\u2019offre d\u2019appartements de m\u00e9trages diff\u00e9rentes tous \u00e9quip\u00e9s pour garantir \u00e0 nos clients le meilleur confort.<\/p><\/blockquote>\n<p>[\/vc_column_text][vc_row_inner css=&#8221;.vc_custom_1622107780845{background-image: url(https:\/\/www.residencesacchi.it\/wp-content\/uploads\/2021\/05\/bkg-tennis.jpg?id=6635) !important;}&#8221; el_class=&#8221;calltoactionpagina scuro&#8221;][vc_column_inner][vc_cta h2=&#8221;R\u00e9sidence Aparthotel pr\u00e8s de ATP Finals Turin&#8221; h4=&#8221;R\u00e9sidence Sacchi: la solution pour ceux qui recherchent un h\u00e9bergement \u00e0 Turin \u00e0 l\u2019occasion des ATP Finals&#8221; el_width=&#8221;lg&#8221; add_button=&#8221;bottom&#8221; btn_title=&#8221;R\u00e9servez \u00e0 la R\u00e9sidence Sacchi!&#8221; btn_style=&#8221;flat&#8221; btn_color=&#8221;success&#8221; btn_size=&#8221;lg&#8221; btn_align=&#8221;center&#8221; btn_i_icon_fontawesome=&#8221;fa fa-hand-o-right&#8221; btn_add_icon=&#8221;true&#8221; css=&#8221;.vc_custom_1728487519032{margin-top: 90px !important;margin-bottom: 90px !important;padding-top: 30px !important;padding-right: 30px !important;padding-bottom: 30px !important;padding-left: 30px !important;}&#8221; btn_link=&#8221;url:https%3A%2F%2Freservations.verticalbooking.com%2Freservations%2Findex.html%3Fid_stile%3D10659%26lingua_int%3Deng%26id_albergo%3D13884%26dc%3D4523|||&#8221;]La R\u00e9sidence offre des suites, des studios, des appartements de deux pi\u00e8ces et de penthouses de luxe pour un s\u00e9jour de sport en totale d\u00e9tente et s\u00e9curit\u00e9.<\/p>\n<p>Nous sommes \u00e0 environ 3 km du Inalpi Arena qui est facilement accessible avec les services du transport de la Compagnie turinoise GTT.[\/vc_cta][\/vc_column_inner][\/vc_row_inner][vc_row_inner][vc_column_inner][vc_column_text]<\/p>\n<h2>ATP Torino: un bin\u00f4me dans lequel toute la ville a cru et dans lequel elle a mis son c\u0153ur<\/h2>\n<p>\u00c0 la fin d\u2019avril 2019 est arriv\u00e9e la confirmation officielle que Turin, la ville de Savoie ent\u00eat\u00e9e et icroyablement touristique, \u00e0 \u00e9t\u00e9 choisie pour accueillir les ATP Finals de tennis depuis 2021. Un grand succ\u00e8s qui sera santionn\u00e9 par le passage du t\u00e9moin au <strong>Pala Isozaki par Londres, apr\u00e9s 2020<\/strong>.<\/p>\n<h3>L\u2019histoire des ATP de tennis<\/h3>\n<p><strong>ATP<\/strong> est l\u2019acronyme de l\u2019<strong>Association of Tennis Professionals<\/strong>, une association internaztionale n\u00e9e en 1972 des plus forts jouers de tennis professionnels. L\u2019ATP est l\u2019association masculine des athletes, tandis que la WTP est l\u2019association f\u00e9minine des tennistes.<\/p>\n<p>L\u2019<strong>ATP Entry Ranking<\/strong> et l\u2019<strong>ATP Race<\/strong> sont deux classements professionnels \u00e9tablis par l\u2019association qui donnent acc\u00e8s \u00e0 certaines comp\u00e9titions et scores.<\/p>\n<p>Remporter les ATP Finals n\u2019est que le d\u00e9but d\u2019un grand parcours sportif qui verra Turin protagoniste du tennis mondial.<\/p>\n<p>Turin sera le pivot d\u2019une rue passe d\u2019athl\u00e8tes et de champions qui vivront la ville de mani\u00e8re totale e compl\u00e8te, pas seulement pour trouver un h\u00f4tel. Les h\u00e9bergements tels que les h\u00f4tels, les r\u00e9sidences et les restaurants sont un \u00e9l\u00e9ment important d\u2019une offre qui a su convaincre l\u2019association des joueurs de tennis professionnels.<\/p>\n<h2>O\u00f9 joueront les ATP Finals Turin?<\/h2>\n<p>Le <strong>tennis ATP<\/strong> se jouera en salle au Inalpi Arena qui sera modernis\u00e9e transform\u00e8e pour l\u2019occasion des ATP World Tour Finals. La ville ne servira pas seulement de cadre \u00e0 l\u2019\u00e9v\u00e9nement, mais constituera l\u2019\u00e9v\u00e9nement lui-m\u00eame en fournissant de nombreux espaces et occasions pour s\u2019immerger dans le sport du tennis.<\/p>\n<p>Pendant les ATP Finals 2024, le Fan Village sera install\u00e9 sur la Piazza d&#8217;Armi \u00e0 Turin, offrant une exp\u00e9rience immersive avec plusieurs zones th\u00e9matiques, y compris un Play Garden et une Food Court. L&#8217;acc\u00e8s sera gratuit \u00e0 partir du Grand Opening le 11 novembre et se poursuivra du 12 au 18 novembre \u00e0 partir de 21h00.<\/p>\n<h2>Vid\u00e9o des finales ATP de Turin: pourquoi vous tombez amoureux de notre ville<\/h2>\n<p>Turin saura captiver cet important tournoi de tennis par sa magie \u00e9nerg\u00e9tique.<\/p>\n<p><a href=\"https:\/\/youtu.be\/MEqBHpk6c_E\">R\u00e9gardez la vid\u00e9o de Turin <\/a><\/p>\n<h2>O\u00f9 dormir \u00e0 l\u2019occasion des ATP de Turin de 2024?<\/h2>\n<p>Maintenant tu as juste l\u2019embarras du choix pour r\u00e9server ta place au premier rang.<\/p>\n<p>Vous pouvez suivre l&#8217;\u00e9v\u00e9nement depuis le c\u0153ur de la ville en optant pour un logement en r\u00e9sidence. La r\u00e9sidence Sacchi \u00e0 via Paolo Sacchi 34, gr\u00e2ce \u00e0 son emplacement central, peut \u00eatre l&#8217;h\u00e9bergement parfait et confortable pour profiter pleinement de tout l&#8217;\u00e9v\u00e9nement que les finales de tennis apporteront \u00e0 la ville : animation des rues centrales avec des spectacles de jonglerie, de magie et de flash mob.<\/p>\n<p>R\u00e9sidence Sacchi &#8211; Via Paolo Sacchi 34, gr\u00e2ce \u00e0 son emplacement central, pourra \u00eatre l\u2019h\u00e9bergement parfait et confortable pour profiter pleinement de toute la kermesse que les finales du tennis am\u00e8neront en ville.<\/p>\n<p><a href=\"https:\/\/www.residencesacchi.it\/contatti-aparthotel\/\">\u00c0 votre disposition pour plusiers informations et, pourquoi pas, venez visiter Turin avant les ATP! <\/a>[\/vc_column_text][\/vc_column_inner][\/vc_row_inner][\/vc_column][\/vc_row][\/vc_section]<\/p>\n<\/div>","protected":false},"excerpt":{"rendered":"<p>[vc_section][vc_row][vc_column][vc_column_text] Turin capitale du tennis: les ATP Finals se d\u00e9rouleront \u00e0 l&#8217;Inalpi Arena du 10 au 17 novembre 2024. Les ATP de tennis repr\u00e9sentent un \u00e9v\u00e9nement certainement attendu, dans lequel les op\u00e9rateurs esp\u00e8rent beaucoup apr\u00e8s des mois de travail difficile et balan\u00e7ant. Ne manquez pas l&#8217;\u00e9v\u00e9nement de tennis le plus exclusif : \u00e0 ce jour,<\/p>\n","protected":false},"author":1,"featured_media":5562,"parent":0,"menu_order":0,"comment_status":"closed","ping_status":"closed","template":"","meta":{"footnotes":""},"categories":[],"tags":[],"class_list":["post-6707","page","type-page","status-publish","has-post-thumbnail","hentry"],"yoast_head":"<!-- This site is optimized with the Yoast SEO plugin v23.8 - https:\/\/yoast.com\/wordpress\/plugins\/seo\/ -->\n<title>ATP Finals Turin 2024: votre R\u00e9sidence \u00e0 Turin pour profiter de l\u2019\u00e9v\u00e9nement - Residence Sacchi Aparthotel in the center of Turin<\/title>\n<meta name=\"robots\" content=\"index, follow, max-snippet:-1, max-image-preview:large, max-video-preview:-1\" \/>\n<link rel=\"canonical\" href=\"https:\/\/www.residencesacchi.it\/fr\/atp-finals-turin-pensez-a-reserver-residence\/\" \/>\n<meta property=\"og:locale\" content=\"fr_FR\" \/>\n<meta property=\"og:type\" content=\"article\" \/>\n<meta property=\"og:title\" content=\"ATP Finals Turin 2024: votre R\u00e9sidence \u00e0 Turin pour profiter de l\u2019\u00e9v\u00e9nement - Residence Sacchi Aparthotel in the center of Turin\" \/>\n<meta property=\"og:description\" content=\"[vc_section][vc_row][vc_column][vc_column_text] Turin capitale du tennis: les ATP Finals se d\u00e9rouleront \u00e0 l&#8217;Inalpi Arena du 10 au 17 novembre 2024. Les ATP de tennis repr\u00e9sentent un \u00e9v\u00e9nement certainement attendu, dans lequel les op\u00e9rateurs esp\u00e8rent beaucoup apr\u00e8s des mois de travail difficile et balan\u00e7ant. Ne manquez pas l&#8217;\u00e9v\u00e9nement de tennis le plus exclusif : \u00e0 ce jour,\" \/>\n<meta property=\"og:url\" content=\"https:\/\/www.residencesacchi.it\/fr\/atp-finals-turin-pensez-a-reserver-residence\/\" \/>\n<meta property=\"og:site_name\" content=\"Residence Sacchi Aparthotel in the center of Turin\" \/>\n<meta property=\"article:modified_time\" content=\"2024-10-10T08:56:45+00:00\" \/>\n<meta property=\"og:image\" content=\"https:\/\/www.residencesacchi.it\/wp-content\/uploads\/2019\/05\/tennis.jpg\" \/>\n\t<meta property=\"og:image:width\" content=\"1732\" \/>\n\t<meta property=\"og:image:height\" content=\"245\" \/>\n\t<meta property=\"og:image:type\" content=\"image\/jpeg\" \/>\n<meta name=\"twitter:card\" content=\"summary_large_image\" \/>\n<meta name=\"twitter:label1\" content=\"Dur\u00e9e de lecture estim\u00e9e\" \/>\n\t<meta name=\"twitter:data1\" content=\"4 minutes\" \/>\n<script type=\"application\/ld+json\" class=\"yoast-schema-graph\">{\"@context\":\"https:\/\/schema.org\",\"@graph\":[{\"@type\":\"WebPage\",\"@id\":\"https:\/\/www.residencesacchi.it\/fr\/atp-finals-turin-pensez-a-reserver-residence\/\",\"url\":\"https:\/\/www.residencesacchi.it\/fr\/atp-finals-turin-pensez-a-reserver-residence\/\",\"name\":\"ATP Finals Turin 2024: votre R\u00e9sidence \u00e0 Turin pour profiter de l\u2019\u00e9v\u00e9nement - Residence Sacchi Aparthotel in the center of Turin\",\"isPartOf\":{\"@id\":\"https:\/\/www.residencesacchi.it\/#website\"},\"primaryImageOfPage\":{\"@id\":\"https:\/\/www.residencesacchi.it\/fr\/atp-finals-turin-pensez-a-reserver-residence\/#primaryimage\"},\"image\":{\"@id\":\"https:\/\/www.residencesacchi.it\/fr\/atp-finals-turin-pensez-a-reserver-residence\/#primaryimage\"},\"thumbnailUrl\":\"https:\/\/www.residencesacchi.it\/wp-content\/uploads\/2019\/05\/tennis.jpg\",\"datePublished\":\"2021-05-31T16:06:18+00:00\",\"dateModified\":\"2024-10-10T08:56:45+00:00\",\"breadcrumb\":{\"@id\":\"https:\/\/www.residencesacchi.it\/fr\/atp-finals-turin-pensez-a-reserver-residence\/#breadcrumb\"},\"inLanguage\":\"fr-FR\",\"potentialAction\":[{\"@type\":\"ReadAction\",\"target\":[\"https:\/\/www.residencesacchi.it\/fr\/atp-finals-turin-pensez-a-reserver-residence\/\"]}]},{\"@type\":\"ImageObject\",\"inLanguage\":\"fr-FR\",\"@id\":\"https:\/\/www.residencesacchi.it\/fr\/atp-finals-turin-pensez-a-reserver-residence\/#primaryimage\",\"url\":\"https:\/\/www.residencesacchi.it\/wp-content\/uploads\/2019\/05\/tennis.jpg\",\"contentUrl\":\"https:\/\/www.residencesacchi.it\/wp-content\/uploads\/2019\/05\/tennis.jpg\",\"width\":1732,\"height\":245,\"caption\":\"tennis Torino\"},{\"@type\":\"BreadcrumbList\",\"@id\":\"https:\/\/www.residencesacchi.it\/fr\/atp-finals-turin-pensez-a-reserver-residence\/#breadcrumb\",\"itemListElement\":[{\"@type\":\"ListItem\",\"position\":1,\"name\":\"Home\",\"item\":\"https:\/\/www.residencesacchi.it\/fr\/\"},{\"@type\":\"ListItem\",\"position\":2,\"name\":\"ATP Finals Turin 2024: votre R\u00e9sidence \u00e0 Turin pour profiter de l\u2019\u00e9v\u00e9nement\"}]},{\"@type\":\"WebSite\",\"@id\":\"https:\/\/www.residencesacchi.it\/#website\",\"url\":\"https:\/\/www.residencesacchi.it\/\",\"name\":\"Residence Sacchi Aparthotel in the center of Turin\",\"description\":\"The RESIDENCE SACCHI, located in the center of Turin, near the railway and subway station Porta Nuova, is able to satisfy the different requests\",\"potentialAction\":[{\"@type\":\"SearchAction\",\"target\":{\"@type\":\"EntryPoint\",\"urlTemplate\":\"https:\/\/www.residencesacchi.it\/?s={search_term_string}\"},\"query-input\":{\"@type\":\"PropertyValueSpecification\",\"valueRequired\":true,\"valueName\":\"search_term_string\"}}],\"inLanguage\":\"fr-FR\"}]}<\/script>\n<!-- \/ Yoast SEO plugin. -->","yoast_head_json":{"title":"ATP Finals Turin 2024: votre R\u00e9sidence \u00e0 Turin pour profiter de l\u2019\u00e9v\u00e9nement - Residence Sacchi Aparthotel in the center of Turin","robots":{"index":"index","follow":"follow","max-snippet":"max-snippet:-1","max-image-preview":"max-image-preview:large","max-video-preview":"max-video-preview:-1"},"canonical":"https:\/\/www.residencesacchi.it\/fr\/atp-finals-turin-pensez-a-reserver-residence\/","og_locale":"fr_FR","og_type":"article","og_title":"ATP Finals Turin 2024: votre R\u00e9sidence \u00e0 Turin pour profiter de l\u2019\u00e9v\u00e9nement - Residence Sacchi Aparthotel in the center of Turin","og_description":"[vc_section][vc_row][vc_column][vc_column_text] Turin capitale du tennis: les ATP Finals se d\u00e9rouleront \u00e0 l&#8217;Inalpi Arena du 10 au 17 novembre 2024. Les ATP de tennis repr\u00e9sentent un \u00e9v\u00e9nement certainement attendu, dans lequel les op\u00e9rateurs esp\u00e8rent beaucoup apr\u00e8s des mois de travail difficile et balan\u00e7ant. Ne manquez pas l&#8217;\u00e9v\u00e9nement de tennis le plus exclusif : \u00e0 ce jour,","og_url":"https:\/\/www.residencesacchi.it\/fr\/atp-finals-turin-pensez-a-reserver-residence\/","og_site_name":"Residence Sacchi Aparthotel in the center of Turin","article_modified_time":"2024-10-10T08:56:45+00:00","og_image":[{"width":1732,"height":245,"url":"https:\/\/www.residencesacchi.it\/wp-content\/uploads\/2019\/05\/tennis.jpg","type":"image\/jpeg"}],"twitter_card":"summary_large_image","twitter_misc":{"Dur\u00e9e de lecture estim\u00e9e":"4 minutes"},"schema":{"@context":"https:\/\/schema.org","@graph":[{"@type":"WebPage","@id":"https:\/\/www.residencesacchi.it\/fr\/atp-finals-turin-pensez-a-reserver-residence\/","url":"https:\/\/www.residencesacchi.it\/fr\/atp-finals-turin-pensez-a-reserver-residence\/","name":"ATP Finals Turin 2024: votre R\u00e9sidence \u00e0 Turin pour profiter de l\u2019\u00e9v\u00e9nement - Residence Sacchi Aparthotel in the center of Turin","isPartOf":{"@id":"https:\/\/www.residencesacchi.it\/#website"},"primaryImageOfPage":{"@id":"https:\/\/www.residencesacchi.it\/fr\/atp-finals-turin-pensez-a-reserver-residence\/#primaryimage"},"image":{"@id":"https:\/\/www.residencesacchi.it\/fr\/atp-finals-turin-pensez-a-reserver-residence\/#primaryimage"},"thumbnailUrl":"https:\/\/www.residencesacchi.it\/wp-content\/uploads\/2019\/05\/tennis.jpg","datePublished":"2021-05-31T16:06:18+00:00","dateModified":"2024-10-10T08:56:45+00:00","breadcrumb":{"@id":"https:\/\/www.residencesacchi.it\/fr\/atp-finals-turin-pensez-a-reserver-residence\/#breadcrumb"},"inLanguage":"fr-FR","potentialAction":[{"@type":"ReadAction","target":["https:\/\/www.residencesacchi.it\/fr\/atp-finals-turin-pensez-a-reserver-residence\/"]}]},{"@type":"ImageObject","inLanguage":"fr-FR","@id":"https:\/\/www.residencesacchi.it\/fr\/atp-finals-turin-pensez-a-reserver-residence\/#primaryimage","url":"https:\/\/www.residencesacchi.it\/wp-content\/uploads\/2019\/05\/tennis.jpg","contentUrl":"https:\/\/www.residencesacchi.it\/wp-content\/uploads\/2019\/05\/tennis.jpg","width":1732,"height":245,"caption":"tennis Torino"},{"@type":"BreadcrumbList","@id":"https:\/\/www.residencesacchi.it\/fr\/atp-finals-turin-pensez-a-reserver-residence\/#breadcrumb","itemListElement":[{"@type":"ListItem","position":1,"name":"Home","item":"https:\/\/www.residencesacchi.it\/fr\/"},{"@type":"ListItem","position":2,"name":"ATP Finals Turin 2024: votre R\u00e9sidence \u00e0 Turin pour profiter de l\u2019\u00e9v\u00e9nement"}]},{"@type":"WebSite","@id":"https:\/\/www.residencesacchi.it\/#website","url":"https:\/\/www.residencesacchi.it\/","name":"Residence Sacchi Aparthotel in the center of Turin","description":"The RESIDENCE SACCHI, located in the center of Turin, near the railway and subway station Porta Nuova, is able to satisfy the different requests","potentialAction":[{"@type":"SearchAction","target":{"@type":"EntryPoint","urlTemplate":"https:\/\/www.residencesacchi.it\/?s={search_term_string}"},"query-input":{"@type":"PropertyValueSpecification","valueRequired":true,"valueName":"search_term_string"}}],"inLanguage":"fr-FR"}]}},"_links":{"self":[{"href":"https:\/\/www.residencesacchi.it\/fr\/wp-json\/wp\/v2\/pages\/6707"}],"collection":[{"href":"https:\/\/www.residencesacchi.it\/fr\/wp-json\/wp\/v2\/pages"}],"about":[{"href":"https:\/\/www.residencesacchi.it\/fr\/wp-json\/wp\/v2\/types\/page"}],"author":[{"embeddable":true,"href":"https:\/\/www.residencesacchi.it\/fr\/wp-json\/wp\/v2\/users\/1"}],"replies":[{"embeddable":true,"href":"https:\/\/www.residencesacchi.it\/fr\/wp-json\/wp\/v2\/comments?post=6707"}],"version-history":[{"count":0,"href":"https:\/\/www.residencesacchi.it\/fr\/wp-json\/wp\/v2\/pages\/6707\/revisions"}],"wp:featuredmedia":[{"embeddable":true,"href":"https:\/\/www.residencesacchi.it\/fr\/wp-json\/wp\/v2\/media\/5562"}],"wp:attachment":[{"href":"https:\/\/www.residencesacchi.it\/fr\/wp-json\/wp\/v2\/media?parent=6707"}],"wp:term":[{"taxonomy":"category","embeddable":true,"href":"https:\/\/www.residencesacchi.it\/fr\/wp-json\/wp\/v2\/categories?post=6707"},{"taxonomy":"post_tag","embeddable":true,"href":"https:\/\/www.residencesacchi.it\/fr\/wp-json\/wp\/v2\/tags?post=6707"}],"curies":[{"name":"wp","href":"https:\/\/api.w.org\/{rel}","templated":true}]}}