{"id":6784,"date":"2017-08-23T05:51:03","date_gmt":"2017-08-23T04:51:03","guid":{"rendered":"https:\/\/www.residencesacchi.it\/appartements-turin\/studio\/"},"modified":"2021-12-07T10:47:28","modified_gmt":"2021-12-07T09:47:28","slug":"petits-studios","status":"publish","type":"page","link":"https:\/\/www.residencesacchi.it\/fr\/appartements-turin\/petits-studios\/","title":{"rendered":"Petits Studio"},"content":{"rendered":"<div class=\"wpb-content-wrapper\"><p>[vc_row][vc_column]<h2>Petits Studio mansard\u00e9s ou rez-de-chauss\u00e9e, bien soign\u00e9s avec des espaces tr\u00e8s pratiques<\/h2>[\/vc_column][\/vc_row][vc_row][vc_column][vc_column_text]<\/p>\n<p style=\"text-align: center;\">Les Petits Studios de la R\u00e9sidence Sacchi sont des Studios aux dimensions plus r\u00e9duites, mais toujours tr\u00e8s fonctionnels et avec des espaces agr\u00e9ables. Environ 40 m\u00e8tres carr\u00e9s, peuvent \u00eatre mansard\u00e9s ou situ\u00e9s au rez-de-chauss\u00e9e; avec tout le confort de votre maison!<\/p>\n<p>[\/vc_column_text][\/vc_column][\/vc_row][vc_row type=&#8221;full_width_section&#8221;][vc_column css=&#8221;.vc_custom_1503565389183{margin-top: 0px !important;margin-right: 0px !important;margin-bottom: 0px !important;margin-left: 0px !important;border-top-width: 0px !important;border-right-width: 0px !important;border-bottom-width: 0px !important;border-left-width: 0px !important;padding-top: 0px !important;padding-right: 0px !important;padding-bottom: 0px !important;padding-left: 0px !important;}&#8221;]\t\t\n\t\t\t\t\n\t\t\n\t\t\t\t\t\n\t\t\t<!-- BEGIN .rooms-block-wrapper -->\n\t\t\t<div class=\"rooms-block-wrapper room-3-cols clearfix\">\n\t\t\t\n\t\t\t\t\n\t\t\t\t\t\n\t\t\t\t\t\t\n\t\t\t\t<!-- BEGIN .rooms-block -->\n\t\t\t\t<div class=\"rooms-block\">\n\n\t\t\t\t\t<div class=\"rooms-block-image\">\n\t\t\t\t\t\t\n\t\t\t\t\t\t\t<a href=\"https:\/\/www.residencesacchi.it\/fr\/accommodation\/petit-studio-12\/\" rel=\"bookmark\" title=\"Petit Studio 12\">\n\n\t\t\t\t\t\t\t\t\t\t\t\t\t\t\t\t\t\t\t\t\t\t\t\t\t\n\t\t\t\t\t\t\t\t<img decoding=\"async\" src=\"https:\/\/www.residencesacchi.it\/wp-content\/uploads\/2021\/06\/Hotel-Residence-Sacchi-Torino-Centro-Appartamento-12-11-600x370.jpg\" alt=\"Petit Studio 12 Residence Torino\" \/>\n\t\t\t\t\t\t\t<\/a>\n\n\t\t\t\t\t\t\t\t\t\t\t<\/div>\n\n\t\t\t\t\t<div class=\"rooms-block-content\">\n\t\t\t\t\t\t<h4><a href=\"https:\/\/www.residencesacchi.it\/fr\/accommodation\/petit-studio-12\/\" rel=\"bookmark\" title=\"Petit Studio 12\">Petit Studio 12<\/a><\/h4>\n\t\t\t\t\t\t<div class=\"title-block-2\"><\/div>\n\t\t\t\t\t\t\n\t\t\t\t\t\t\t\t\t\t\t\t\n\t\t\t\t\t\t<ul class=\"list-style4\">\r\n<li><span>Personnes:<\/span> 2 adultes (possibilit\u00e9 d\u2019ajouter sur r\u00eaquete 1 ou 2 adultes)<\/li>\r\n<li><span>Cat\u00e9gorie:<\/span>Petit Studio <\/li>\r\n<li>Appartement mansard\u00e9 au 5\u00e8me \u00e9tage<\/li><\/ul><div class=\"clearboth\"><\/div>\t\t\t\t\t\t<a href=\"https:\/\/www.residencesacchi.it\/fr\/accommodation\/petit-studio-12\/\" class=\"view-details-button\">En d\u00e8tail <i class=\"fa fa-angle-right\"><\/i><\/a>\n\t\t\t\t\t<\/div>\n\t\t\t\t<!-- END .rooms-block -->\n\t\t\t\t<\/div>\n\t\t\t\t\n\t\t\t\t\t\t\n\t\t\t\t\t\n\t\t\t\t\t\t\n\t\t\t\t<!-- BEGIN .rooms-block -->\n\t\t\t\t<div class=\"rooms-block\">\n\n\t\t\t\t\t<div class=\"rooms-block-image\">\n\t\t\t\t\t\t\n\t\t\t\t\t\t\t<a href=\"https:\/\/www.residencesacchi.it\/fr\/accommodation\/petit-studio-19\/\" rel=\"bookmark\" title=\"Petit Studio 19\">\n\n\t\t\t\t\t\t\t\t\t\t\t\t\t\t\t\t\t\t\t\t\t\t\t\t\t\n\t\t\t\t\t\t\t\t<img decoding=\"async\" src=\"https:\/\/www.residencesacchi.it\/wp-content\/uploads\/2018\/03\/Hotel-Residence-Sacchi-Torino-Centro-Appartamento-19-14-600x370.jpg\" alt=\"Petit Studio 19 Residence Torino\" \/>\n\t\t\t\t\t\t\t<\/a>\n\n\t\t\t\t\t\t\t\t\t\t\t<\/div>\n\n\t\t\t\t\t<div class=\"rooms-block-content\">\n\t\t\t\t\t\t<h4><a href=\"https:\/\/www.residencesacchi.it\/fr\/accommodation\/petit-studio-19\/\" rel=\"bookmark\" title=\"Petit Studio 19\">Petit Studio 19<\/a><\/h4>\n\t\t\t\t\t\t<div class=\"title-block-2\"><\/div>\n\t\t\t\t\t\t\n\t\t\t\t\t\t\t\t\t\t\t\t\n\t\t\t\t\t\t<ul class=\"list-style4\"><li><span>Personnes:<\/span>2 adultes <\/li>\r\n<li><span>Cat\u00e9gorie:<\/span> Petit Studio <\/li>\r\n<li>Petit Studio au rez-de-chauss\u00e9e avec vue sur le jardin de bambou<\/li><\/ul><div class=\"clearboth\"><\/div>\t\t\t\t\t\t<a href=\"https:\/\/www.residencesacchi.it\/fr\/accommodation\/petit-studio-19\/\" class=\"view-details-button\">En d\u00e8tail <i class=\"fa fa-angle-right\"><\/i><\/a>\n\t\t\t\t\t<\/div>\n\t\t\t\t<!-- END .rooms-block -->\n\t\t\t\t<\/div>\n\t\t\t\t\n\t\t\t\t\t\t\n\t\t\t\t\t\n\t\t\t\t\t\t\n\t\t\t\t<!-- BEGIN .rooms-block -->\n\t\t\t\t<div class=\"rooms-block\">\n\n\t\t\t\t\t<div class=\"rooms-block-image\">\n\t\t\t\t\t\t\n\t\t\t\t\t\t\t<a href=\"https:\/\/www.residencesacchi.it\/fr\/accommodation\/petit-studio-51\/\" rel=\"bookmark\" title=\"Petit Studio 51\">\n\n\t\t\t\t\t\t\t\t\t\t\t\t\t\t\t\t\t\t\t\t\t\t\t\t\t\n\t\t\t\t\t\t\t\t<img decoding=\"async\" src=\"https:\/\/www.residencesacchi.it\/wp-content\/uploads\/2018\/03\/Hotel-Residence-Sacchi-Torino-Centro-Appartamento-51-2-600x370.jpg\" alt=\"Petit Studio 51 Residence Torino\" \/>\n\t\t\t\t\t\t\t<\/a>\n\n\t\t\t\t\t\t\t\t\t\t\t<\/div>\n\n\t\t\t\t\t<div class=\"rooms-block-content\">\n\t\t\t\t\t\t<h4><a href=\"https:\/\/www.residencesacchi.it\/fr\/accommodation\/petit-studio-51\/\" rel=\"bookmark\" title=\"Petit Studio 51\">Petit Studio 51<\/a><\/h4>\n\t\t\t\t\t\t<div class=\"title-block-2\"><\/div>\n\t\t\t\t\t\t\n\t\t\t\t\t\t\t\t\t\t\t\t\n\t\t\t\t\t\t<ul class=\"list-style4\">\r\n<li><span>Personnes:<\/span> 2 adultes<\/li>\r\n<li><span>Cat\u00e9gorie:<\/span>Petit Studio <\/li>\r\n<li>L\u2019appartement mansard\u00e9 o\u00f9 le silence r\u00e8gne<\/li><\/ul><div class=\"clearboth\"><\/div>\t\t\t\t\t\t<a href=\"https:\/\/www.residencesacchi.it\/fr\/accommodation\/petit-studio-51\/\" class=\"view-details-button\">En d\u00e8tail <i class=\"fa fa-angle-right\"><\/i><\/a>\n\t\t\t\t\t<\/div>\n\t\t\t\t<!-- END .rooms-block -->\n\t\t\t\t<\/div>\n\t\t\t\t\n\t\t\t\t\t\t\n\t\t\t\t\t\n\t\t\t\t\t\t\n\t\t\t\t<!-- BEGIN .rooms-block -->\n\t\t\t\t<div class=\"rooms-block\">\n\n\t\t\t\t\t<div class=\"rooms-block-image\">\n\t\t\t\t\t\t\n\t\t\t\t\t\t\t<a href=\"https:\/\/www.residencesacchi.it\/fr\/accommodation\/petit-studio-53\/\" rel=\"bookmark\" title=\"Petit Studio 53\">\n\n\t\t\t\t\t\t\t\t\t\t\t\t\t\t\t\t\t\t\t\t\t\t\t\t\t\n\t\t\t\t\t\t\t\t<img decoding=\"async\" src=\"https:\/\/www.residencesacchi.it\/wp-content\/uploads\/2025\/12\/studio-residence-53-600x370.jpg\" alt=\"Petit Studio 53 Residence Torino\" \/>\n\t\t\t\t\t\t\t<\/a>\n\n\t\t\t\t\t\t\t\t\t\t\t<\/div>\n\n\t\t\t\t\t<div class=\"rooms-block-content\">\n\t\t\t\t\t\t<h4><a href=\"https:\/\/www.residencesacchi.it\/fr\/accommodation\/petit-studio-53\/\" rel=\"bookmark\" title=\"Petit Studio 53\">Petit Studio 53<\/a><\/h4>\n\t\t\t\t\t\t<div class=\"title-block-2\"><\/div>\n\t\t\t\t\t\t\n\t\t\t\t\t\t\t\t\t\t\t\t\n\t\t\t\t\t\t<ul class=\"list-style4\"><li><span>Personnes:<\/span> 2 adultes (possibilit\u00e9 d\u2019ajouter sur r\u00eaquete 1 adulte)<\/li>\r\n<li><span>Personnes:<\/span> Petit Studio <\/li>\r\n<li>La mansarde qui vous ram\u00e8nera dans les ann\u00e9es<\/li><\/ul><div class=\"clearboth\"><\/div>\t\t\t\t\t\t<a href=\"https:\/\/www.residencesacchi.it\/fr\/accommodation\/petit-studio-53\/\" class=\"view-details-button\">En d\u00e8tail <i class=\"fa fa-angle-right\"><\/i><\/a>\n\t\t\t\t\t<\/div>\n\t\t\t\t<!-- END .rooms-block -->\n\t\t\t\t<\/div>\n\t\t\t\t\n\t\t\t\t\t\t\n\t\t\t\t\t\n\t\t\t\t\t\t\n\t\t\t\t<!-- BEGIN .rooms-block -->\n\t\t\t\t<div class=\"rooms-block\">\n\n\t\t\t\t\t<div class=\"rooms-block-image\">\n\t\t\t\t\t\t\n\t\t\t\t\t\t\t<a href=\"https:\/\/www.residencesacchi.it\/fr\/accommodation\/petit-studio-56\/\" rel=\"bookmark\" title=\"Petit Studio 56\">\n\n\t\t\t\t\t\t\t\t\t\t\t\t\t\t\t\t\t\t\t\t\t\t\t\t\t\n\t\t\t\t\t\t\t\t<img decoding=\"async\" src=\"https:\/\/www.residencesacchi.it\/wp-content\/uploads\/2018\/07\/Hotel-Residence-Sacchi-Torino-Centro-Appartamento-56-9-600x370.jpg\" alt=\"Petit Studio 56 Residence Torino\" \/>\n\t\t\t\t\t\t\t<\/a>\n\n\t\t\t\t\t\t\t\t\t\t\t<\/div>\n\n\t\t\t\t\t<div class=\"rooms-block-content\">\n\t\t\t\t\t\t<h4><a href=\"https:\/\/www.residencesacchi.it\/fr\/accommodation\/petit-studio-56\/\" rel=\"bookmark\" title=\"Petit Studio 56\">Petit Studio 56<\/a><\/h4>\n\t\t\t\t\t\t<div class=\"title-block-2\"><\/div>\n\t\t\t\t\t\t\n\t\t\t\t\t\t\t\t\t\t\t\t\n\t\t\t\t\t\t<ul class=\"list-style4\"><li><span>Personnes:<\/span> 2 adultes <\/li>\r\n<li><span>Cat\u00e9gorie:<\/span> Petit Studio <\/li>\r\n<li>Mansarde open space au 5\u00e8me \u00e9tage<\/li><\/ul><div class=\"clearboth\"><\/div>\t\t\t\t\t\t<a href=\"https:\/\/www.residencesacchi.it\/fr\/accommodation\/petit-studio-56\/\" class=\"view-details-button\">En d\u00e8tail <i class=\"fa fa-angle-right\"><\/i><\/a>\n\t\t\t\t\t<\/div>\n\t\t\t\t<!-- END .rooms-block -->\n\t\t\t\t<\/div>\n\t\t\t\t\n\t\t\t\t\t\t\n\t\t\t\t\n\t\t<!-- BEGIN .rooms-block-wrapper -->\n\t\t<\/div>\n\t\t\n\t\t\t\t\n\t\t\t\t\n\t\t\t\t\n\t\t[\/vc_column][\/vc_row]<\/p>\n<\/div>","protected":false},"excerpt":{"rendered":"<p>[vc_row][vc_column][\/vc_column][\/vc_row][vc_row][vc_column][vc_column_text] Les Petits Studios de la R\u00e9sidence Sacchi sont des Studios aux dimensions plus r\u00e9duites, mais toujours tr\u00e8s fonctionnels et avec des espaces agr\u00e9ables. Environ 40 m\u00e8tres carr\u00e9s, peuvent \u00eatre mansard\u00e9s ou situ\u00e9s au rez-de-chauss\u00e9e; avec tout le confort de votre maison! [\/vc_column_text][\/vc_column][\/vc_row][vc_row type=&#8221;full_width_section&#8221;][vc_column css=&#8221;.vc_custom_1503565389183{margin-top: 0px !important;margin-right: 0px !important;margin-bottom: 0px !important;margin-left: 0px !important;border-top-width: 0px !important;border-right-width:<\/p>\n","protected":false},"author":1,"featured_media":0,"parent":4637,"menu_order":0,"comment_status":"closed","ping_status":"closed","template":"","meta":{"footnotes":""},"categories":[],"tags":[],"class_list":["post-6784","page","type-page","status-publish","hentry"],"yoast_head":"<!-- This site is optimized with the Yoast SEO plugin v23.8 - https:\/\/yoast.com\/wordpress\/plugins\/seo\/ -->\n<title>H\u00f4tel R\u00e9sidence Turin | R\u00e9sidence Sacchi au coeur de la ville<\/title>\n<meta name=\"description\" content=\"La R\u00e9sidence Sacchi vous propose des Studios Attiques ou Rez-de-jardin : des espaces pr\u00e9cis et pratiques toujours hautement fonctionnels\" \/>\n<meta name=\"robots\" content=\"index, follow, max-snippet:-1, max-image-preview:large, max-video-preview:-1\" \/>\n<link rel=\"canonical\" href=\"https:\/\/www.residencesacchi.it\/fr\/appartements-turin\/petits-studios\/\" \/>\n<meta property=\"og:locale\" content=\"fr_FR\" \/>\n<meta property=\"og:type\" content=\"article\" \/>\n<meta property=\"og:title\" content=\"H\u00f4tel R\u00e9sidence Turin | R\u00e9sidence Sacchi au coeur de la ville\" \/>\n<meta property=\"og:description\" content=\"La R\u00e9sidence Sacchi vous propose des Studios Attiques ou Rez-de-jardin : des espaces pr\u00e9cis et pratiques toujours hautement fonctionnels\" \/>\n<meta property=\"og:url\" content=\"https:\/\/www.residencesacchi.it\/fr\/appartements-turin\/petits-studios\/\" \/>\n<meta property=\"og:site_name\" content=\"Residence Sacchi Aparthotel in the center of Turin\" \/>\n<meta property=\"article:modified_time\" content=\"2021-12-07T09:47:28+00:00\" \/>\n<meta name=\"twitter:card\" content=\"summary_large_image\" \/>\n<meta name=\"twitter:label1\" content=\"Dur\u00e9e de lecture estim\u00e9e\" \/>\n\t<meta name=\"twitter:data1\" content=\"1 minute\" \/>\n<script type=\"application\/ld+json\" class=\"yoast-schema-graph\">{\"@context\":\"https:\/\/schema.org\",\"@graph\":[{\"@type\":\"WebPage\",\"@id\":\"https:\/\/www.residencesacchi.it\/fr\/appartements-turin\/petits-studios\/\",\"url\":\"https:\/\/www.residencesacchi.it\/fr\/appartements-turin\/petits-studios\/\",\"name\":\"H\u00f4tel R\u00e9sidence Turin | R\u00e9sidence Sacchi au coeur de la ville\",\"isPartOf\":{\"@id\":\"https:\/\/www.residencesacchi.it\/#website\"},\"datePublished\":\"2017-08-23T04:51:03+00:00\",\"dateModified\":\"2021-12-07T09:47:28+00:00\",\"description\":\"La R\u00e9sidence Sacchi vous propose des Studios Attiques ou Rez-de-jardin : des espaces pr\u00e9cis et pratiques toujours hautement fonctionnels\",\"breadcrumb\":{\"@id\":\"https:\/\/www.residencesacchi.it\/fr\/appartements-turin\/petits-studios\/#breadcrumb\"},\"inLanguage\":\"fr-FR\",\"potentialAction\":[{\"@type\":\"ReadAction\",\"target\":[\"https:\/\/www.residencesacchi.it\/fr\/appartements-turin\/petits-studios\/\"]}]},{\"@type\":\"BreadcrumbList\",\"@id\":\"https:\/\/www.residencesacchi.it\/fr\/appartements-turin\/petits-studios\/#breadcrumb\",\"itemListElement\":[{\"@type\":\"ListItem\",\"position\":1,\"name\":\"Home\",\"item\":\"https:\/\/www.residencesacchi.it\/fr\/\"},{\"@type\":\"ListItem\",\"position\":2,\"name\":\"Appartements\",\"item\":\"https:\/\/www.residencesacchi.it\/fr\/appartements-turin\/\"},{\"@type\":\"ListItem\",\"position\":3,\"name\":\"Petits Studio\"}]},{\"@type\":\"WebSite\",\"@id\":\"https:\/\/www.residencesacchi.it\/#website\",\"url\":\"https:\/\/www.residencesacchi.it\/\",\"name\":\"Residence Sacchi Aparthotel in the center of Turin\",\"description\":\"The RESIDENCE SACCHI, located in the center of Turin, near the railway and subway station Porta Nuova, is able to satisfy the different requests\",\"potentialAction\":[{\"@type\":\"SearchAction\",\"target\":{\"@type\":\"EntryPoint\",\"urlTemplate\":\"https:\/\/www.residencesacchi.it\/?s={search_term_string}\"},\"query-input\":{\"@type\":\"PropertyValueSpecification\",\"valueRequired\":true,\"valueName\":\"search_term_string\"}}],\"inLanguage\":\"fr-FR\"}]}<\/script>\n<!-- \/ Yoast SEO plugin. -->","yoast_head_json":{"title":"H\u00f4tel R\u00e9sidence Turin | R\u00e9sidence Sacchi au coeur de la ville","description":"La R\u00e9sidence Sacchi vous propose des Studios Attiques ou Rez-de-jardin : des espaces pr\u00e9cis et pratiques toujours hautement fonctionnels","robots":{"index":"index","follow":"follow","max-snippet":"max-snippet:-1","max-image-preview":"max-image-preview:large","max-video-preview":"max-video-preview:-1"},"canonical":"https:\/\/www.residencesacchi.it\/fr\/appartements-turin\/petits-studios\/","og_locale":"fr_FR","og_type":"article","og_title":"H\u00f4tel R\u00e9sidence Turin | R\u00e9sidence Sacchi au coeur de la ville","og_description":"La R\u00e9sidence Sacchi vous propose des Studios Attiques ou Rez-de-jardin : des espaces pr\u00e9cis et pratiques toujours hautement fonctionnels","og_url":"https:\/\/www.residencesacchi.it\/fr\/appartements-turin\/petits-studios\/","og_site_name":"Residence Sacchi Aparthotel in the center of Turin","article_modified_time":"2021-12-07T09:47:28+00:00","twitter_card":"summary_large_image","twitter_misc":{"Dur\u00e9e de lecture estim\u00e9e":"1 minute"},"schema":{"@context":"https:\/\/schema.org","@graph":[{"@type":"WebPage","@id":"https:\/\/www.residencesacchi.it\/fr\/appartements-turin\/petits-studios\/","url":"https:\/\/www.residencesacchi.it\/fr\/appartements-turin\/petits-studios\/","name":"H\u00f4tel R\u00e9sidence Turin | R\u00e9sidence Sacchi au coeur de la ville","isPartOf":{"@id":"https:\/\/www.residencesacchi.it\/#website"},"datePublished":"2017-08-23T04:51:03+00:00","dateModified":"2021-12-07T09:47:28+00:00","description":"La R\u00e9sidence Sacchi vous propose des Studios Attiques ou Rez-de-jardin : des espaces pr\u00e9cis et pratiques toujours hautement fonctionnels","breadcrumb":{"@id":"https:\/\/www.residencesacchi.it\/fr\/appartements-turin\/petits-studios\/#breadcrumb"},"inLanguage":"fr-FR","potentialAction":[{"@type":"ReadAction","target":["https:\/\/www.residencesacchi.it\/fr\/appartements-turin\/petits-studios\/"]}]},{"@type":"BreadcrumbList","@id":"https:\/\/www.residencesacchi.it\/fr\/appartements-turin\/petits-studios\/#breadcrumb","itemListElement":[{"@type":"ListItem","position":1,"name":"Home","item":"https:\/\/www.residencesacchi.it\/fr\/"},{"@type":"ListItem","position":2,"name":"Appartements","item":"https:\/\/www.residencesacchi.it\/fr\/appartements-turin\/"},{"@type":"ListItem","position":3,"name":"Petits Studio"}]},{"@type":"WebSite","@id":"https:\/\/www.residencesacchi.it\/#website","url":"https:\/\/www.residencesacchi.it\/","name":"Residence Sacchi Aparthotel in the center of Turin","description":"The RESIDENCE SACCHI, located in the center of Turin, near the railway and subway station Porta Nuova, is able to satisfy the different requests","potentialAction":[{"@type":"SearchAction","target":{"@type":"EntryPoint","urlTemplate":"https:\/\/www.residencesacchi.it\/?s={search_term_string}"},"query-input":{"@type":"PropertyValueSpecification","valueRequired":true,"valueName":"search_term_string"}}],"inLanguage":"fr-FR"}]}},"_links":{"self":[{"href":"https:\/\/www.residencesacchi.it\/fr\/wp-json\/wp\/v2\/pages\/6784"}],"collection":[{"href":"https:\/\/www.residencesacchi.it\/fr\/wp-json\/wp\/v2\/pages"}],"about":[{"href":"https:\/\/www.residencesacchi.it\/fr\/wp-json\/wp\/v2\/types\/page"}],"author":[{"embeddable":true,"href":"https:\/\/www.residencesacchi.it\/fr\/wp-json\/wp\/v2\/users\/1"}],"replies":[{"embeddable":true,"href":"https:\/\/www.residencesacchi.it\/fr\/wp-json\/wp\/v2\/comments?post=6784"}],"version-history":[{"count":0,"href":"https:\/\/www.residencesacchi.it\/fr\/wp-json\/wp\/v2\/pages\/6784\/revisions"}],"up":[{"embeddable":true,"href":"https:\/\/www.residencesacchi.it\/fr\/wp-json\/wp\/v2\/pages\/4637"}],"wp:attachment":[{"href":"https:\/\/www.residencesacchi.it\/fr\/wp-json\/wp\/v2\/media?parent=6784"}],"wp:term":[{"taxonomy":"category","embeddable":true,"href":"https:\/\/www.residencesacchi.it\/fr\/wp-json\/wp\/v2\/categories?post=6784"},{"taxonomy":"post_tag","embeddable":true,"href":"https:\/\/www.residencesacchi.it\/fr\/wp-json\/wp\/v2\/tags?post=6784"}],"curies":[{"name":"wp","href":"https:\/\/api.w.org\/{rel}","templated":true}]}}