{"id":6790,"date":"2017-12-05T17:37:43","date_gmt":"2017-12-05T16:37:43","guid":{"rendered":"https:\/\/www.residencesacchi.it\/appartements-turin\/monolocali\/"},"modified":"2021-12-07T10:04:28","modified_gmt":"2021-12-07T09:04:28","slug":"studios","status":"publish","type":"page","link":"https:\/\/www.residencesacchi.it\/fr\/appartements-turin\/studios\/","title":{"rendered":"Studios"},"content":{"rendered":"<div class=\"wpb-content-wrapper\"><p>[vc_row][vc_column]<h2>Des Studio qui repr\u00e9sentent une nouvelle fa\u00e7on de vivre&#8230; l\u2019open space!<\/h2>[\/vc_column][\/vc_row][vc_row][vc_column][vc_column_text]<\/p>\n<p style=\"text-align: center;\">Grand espace ouvert d\u2019environ 45 m\u00e8tres carr\u00e9s, o\u00f9 l\u2019espace a \u00e9t\u00e9 r\u00e9interpr\u00e9t\u00e9 selon les nouveaux standards de vie contemporaine, pour garantir une nouvelle conception de la vie: canap\u00e9s de design, armoires \u00e9quip\u00e9es, des espaces de bureau avec acc\u00e8s Internet gratuit et bien s\u00fbr des cuisines \u00e9quip\u00e9es.<\/p>\n<p>[\/vc_column_text][\/vc_column][\/vc_row][vc_row][vc_column]\t\t\n\t\t\t\t\n\t\t\n\t\t\t\t\t\n\t\t\t<!-- BEGIN .rooms-block-wrapper -->\n\t\t\t<div class=\"rooms-block-wrapper room-3-cols clearfix\">\n\t\t\t\n\t\t\t\t\n\t\t\t\t\t\n\t\t\t\t\t\t\n\t\t\t\t<!-- BEGIN .rooms-block -->\n\t\t\t\t<div class=\"rooms-block\">\n\n\t\t\t\t\t<div class=\"rooms-block-image\">\n\t\t\t\t\t\t\n\t\t\t\t\t\t\t<a href=\"https:\/\/www.residencesacchi.it\/fr\/accommodation\/studio-4\/\" rel=\"bookmark\" title=\"Studio 4\">\n\n\t\t\t\t\t\t\t\t\t\t\t\t\t\t\t\t\t\t\t\t\t\t\t\t\t\n\t\t\t\t\t\t\t\t<img decoding=\"async\" src=\"https:\/\/www.residencesacchi.it\/wp-content\/uploads\/2018\/05\/sacchi_day3-0009-600x370.jpg\" alt=\"Studio 4 Residence Torino\" \/>\n\t\t\t\t\t\t\t<\/a>\n\n\t\t\t\t\t\t\t\t\t\t\t<\/div>\n\n\t\t\t\t\t<div class=\"rooms-block-content\">\n\t\t\t\t\t\t<h4><a href=\"https:\/\/www.residencesacchi.it\/fr\/accommodation\/studio-4\/\" rel=\"bookmark\" title=\"Studio 4\">Studio 4<\/a><\/h4>\n\t\t\t\t\t\t<div class=\"title-block-2\"><\/div>\n\t\t\t\t\t\t\n\t\t\t\t\t\t\t\t\t\t\t\t\n\t\t\t\t\t\t<ul class=\"list-style4\"><li><span>Personnes:<\/span>  2 adultes (possibilit\u00e9 d\u2019ajouter 1 adulte sur r\u00eaquete)<\/li>\r\n<li><span>Cat\u00e9gorie:<\/span> Studios <\/li>\r\n<li>Open space avec vue sur le jardin de bambou<\/li><\/ul><div class=\"clearboth\"><\/div>\t\t\t\t\t\t<a href=\"https:\/\/www.residencesacchi.it\/fr\/accommodation\/studio-4\/\" class=\"view-details-button\">En d\u00e8tail <i class=\"fa fa-angle-right\"><\/i><\/a>\n\t\t\t\t\t<\/div>\n\t\t\t\t<!-- END .rooms-block -->\n\t\t\t\t<\/div>\n\t\t\t\t\n\t\t\t\t\t\t\n\t\t\t\t\t\n\t\t\t\t\t\t\n\t\t\t\t<!-- BEGIN .rooms-block -->\n\t\t\t\t<div class=\"rooms-block\">\n\n\t\t\t\t\t<div class=\"rooms-block-image\">\n\t\t\t\t\t\t\n\t\t\t\t\t\t\t<a href=\"https:\/\/www.residencesacchi.it\/fr\/accommodation\/studio-10\/\" rel=\"bookmark\" title=\"Studio 10\">\n\n\t\t\t\t\t\t\t\t\t\t\t\t\t\t\t\t\t\t\t\t\t\t\t\t\t\n\t\t\t\t\t\t\t\t<img decoding=\"async\" src=\"https:\/\/www.residencesacchi.it\/wp-content\/uploads\/2018\/04\/Hotel-Residence-Sacchi-Torino-Centro-Appartamento-10-1-600x370.jpg\" alt=\"Studio 10 Residence Torino\" \/>\n\t\t\t\t\t\t\t<\/a>\n\n\t\t\t\t\t\t\t\t\t\t\t<\/div>\n\n\t\t\t\t\t<div class=\"rooms-block-content\">\n\t\t\t\t\t\t<h4><a href=\"https:\/\/www.residencesacchi.it\/fr\/accommodation\/studio-10\/\" rel=\"bookmark\" title=\"Studio 10\">Studio 10<\/a><\/h4>\n\t\t\t\t\t\t<div class=\"title-block-2\"><\/div>\n\t\t\t\t\t\t\n\t\t\t\t\t\t\t\t\t\t\t\t\n\t\t\t\t\t\t<ul class=\"list-style4\"><li><span>Personnes:<\/span> 2 adultes (possibilit\u00e9 d\u2019ajouter sur r\u00eaquete 1 adulte)<\/li>\r\n<li><span>Cat\u00e9gorie:<\/span> Studio<\/li>\r\n<li>Open space avec vue sur le jardin de bambou<\/li><\/ul><div class=\"clearboth\"><\/div>\t\t\t\t\t\t<a href=\"https:\/\/www.residencesacchi.it\/fr\/accommodation\/studio-10\/\" class=\"view-details-button\">En d\u00e8tail <i class=\"fa fa-angle-right\"><\/i><\/a>\n\t\t\t\t\t<\/div>\n\t\t\t\t<!-- END .rooms-block -->\n\t\t\t\t<\/div>\n\t\t\t\t\n\t\t\t\t\t\t\n\t\t\t\t\t\n\t\t\t\t\t\t\n\t\t\t\t<!-- BEGIN .rooms-block -->\n\t\t\t\t<div class=\"rooms-block\">\n\n\t\t\t\t\t<div class=\"rooms-block-image\">\n\t\t\t\t\t\t\n\t\t\t\t\t\t\t<a href=\"https:\/\/www.residencesacchi.it\/fr\/accommodation\/studio-14\/\" rel=\"bookmark\" title=\"Studio 14\">\n\n\t\t\t\t\t\t\t\t\t\t\t\t\t\t\t\t\t\t\t\t\t\t\t\t\t\n\t\t\t\t\t\t\t\t<img decoding=\"async\" src=\"https:\/\/www.residencesacchi.it\/wp-content\/uploads\/2014\/03\/Hotel-Residence-Sacchi-Torino-Centro-Appartamento-14-8-600x370.jpg\" alt=\"Studio 14 Residence Torino\" \/>\n\t\t\t\t\t\t\t<\/a>\n\n\t\t\t\t\t\t\t\t\t\t\t<\/div>\n\n\t\t\t\t\t<div class=\"rooms-block-content\">\n\t\t\t\t\t\t<h4><a href=\"https:\/\/www.residencesacchi.it\/fr\/accommodation\/studio-14\/\" rel=\"bookmark\" title=\"Studio 14\">Studio 14<\/a><\/h4>\n\t\t\t\t\t\t<div class=\"title-block-2\"><\/div>\n\t\t\t\t\t\t\n\t\t\t\t\t\t\t\t\t\t\t\t\n\t\t\t\t\t\t<ul class=\"list-style4\"><li><span>Personnes:<\/span>2 adultes (possibilit\u00e9 d\u2019ajouter sur r\u00eaquete 1 adulte)<\/li>\r\n<li><span>Cat\u00e9gorie:<\/span> Studio<\/li>\r\n<li>Appartements au 1er \u00e9tage avec vue sur le jardin de bambou<\/li><\/ul><div class=\"clearboth\"><\/div>\t\t\t\t\t\t<a href=\"https:\/\/www.residencesacchi.it\/fr\/accommodation\/studio-14\/\" class=\"view-details-button\">En d\u00e8tail <i class=\"fa fa-angle-right\"><\/i><\/a>\n\t\t\t\t\t<\/div>\n\t\t\t\t<!-- END .rooms-block -->\n\t\t\t\t<\/div>\n\t\t\t\t\n\t\t\t\t\t\t\n\t\t\t\t\t\n\t\t\t\t\t\t\n\t\t\t\t<!-- BEGIN .rooms-block -->\n\t\t\t\t<div class=\"rooms-block\">\n\n\t\t\t\t\t<div class=\"rooms-block-image\">\n\t\t\t\t\t\t\n\t\t\t\t\t\t\t<a href=\"https:\/\/www.residencesacchi.it\/fr\/accommodation\/studio-18\/\" rel=\"bookmark\" title=\"Studio 18\">\n\n\t\t\t\t\t\t\t\t\t\t\t\t\t\t\t\t\t\t\t\t\t\t\t\t\t\n\t\t\t\t\t\t\t\t<img decoding=\"async\" src=\"https:\/\/www.residencesacchi.it\/wp-content\/uploads\/2018\/05\/sacchi_day3-0068-600x370.jpg\" alt=\"Studio 18 Residence Torino\" \/>\n\t\t\t\t\t\t\t<\/a>\n\n\t\t\t\t\t\t\t\t\t\t\t<\/div>\n\n\t\t\t\t\t<div class=\"rooms-block-content\">\n\t\t\t\t\t\t<h4><a href=\"https:\/\/www.residencesacchi.it\/fr\/accommodation\/studio-18\/\" rel=\"bookmark\" title=\"Studio 18\">Studio 18<\/a><\/h4>\n\t\t\t\t\t\t<div class=\"title-block-2\"><\/div>\n\t\t\t\t\t\t\n\t\t\t\t\t\t\t\t\t\t\t\t\n\t\t\t\t\t\t<ul class=\"list-style4\"><li><span>Personnes:<\/span> 2 adultes (possibilit\u00e9 d\u2019ajouter sur r\u00eaquete 1 adulte)<\/li>\r\n<li><span>Cat\u00e9gorie:<\/span> Studio<\/li>\r\n<li>Appartement ind\u00e9pedant avec entr\u00e9e donnant sur le jardin<\/li><\/ul><div class=\"clearboth\"><\/div>\t\t\t\t\t\t<a href=\"https:\/\/www.residencesacchi.it\/fr\/accommodation\/studio-18\/\" class=\"view-details-button\">En d\u00e8tail <i class=\"fa fa-angle-right\"><\/i><\/a>\n\t\t\t\t\t<\/div>\n\t\t\t\t<!-- END .rooms-block -->\n\t\t\t\t<\/div>\n\t\t\t\t\n\t\t\t\t\t\t\n\t\t\t\t\t\n\t\t\t\t\t\t\n\t\t\t\t<!-- BEGIN .rooms-block -->\n\t\t\t\t<div class=\"rooms-block\">\n\n\t\t\t\t\t<div class=\"rooms-block-image\">\n\t\t\t\t\t\t\n\t\t\t\t\t\t\t<a href=\"https:\/\/www.residencesacchi.it\/fr\/accommodation\/studio-26\/\" rel=\"bookmark\" title=\"Studio 26\">\n\n\t\t\t\t\t\t\t\t\t\t\t\t\t\t\t\t\t\t\t\t\t\t\t\t\t\n\t\t\t\t\t\t\t\t<img decoding=\"async\" src=\"https:\/\/www.residencesacchi.it\/wp-content\/uploads\/2014\/03\/Hotel-Residence-Sacchi-Torino-Centro-Appartamento-26-1-600x370.jpg\" alt=\"Studio 26 Residence Torino\" \/>\n\t\t\t\t\t\t\t<\/a>\n\n\t\t\t\t\t\t\t\t\t\t\t<\/div>\n\n\t\t\t\t\t<div class=\"rooms-block-content\">\n\t\t\t\t\t\t<h4><a href=\"https:\/\/www.residencesacchi.it\/fr\/accommodation\/studio-26\/\" rel=\"bookmark\" title=\"Studio 26\">Studio 26<\/a><\/h4>\n\t\t\t\t\t\t<div class=\"title-block-2\"><\/div>\n\t\t\t\t\t\t\n\t\t\t\t\t\t\t\t\t\t\t\t\n\t\t\t\t\t\t<ul class=\"list-style4\"><li><span>Personnes:<\/span> 2 adultes (possibilit\u00e9 d\u2019ajouter sur r\u00eaquete 1 adulte)<\/li>\r\n<li><span>Cat\u00e9gorie:<\/span> Studio<\/li>\r\n<li>Appartements au 2\u00e8me \u00e9tage avec vue sur le jardin de bambou<\/li><\/ul><div class=\"clearboth\"><\/div>\t\t\t\t\t\t<a href=\"https:\/\/www.residencesacchi.it\/fr\/accommodation\/studio-26\/\" class=\"view-details-button\">En d\u00e8tail <i class=\"fa fa-angle-right\"><\/i><\/a>\n\t\t\t\t\t<\/div>\n\t\t\t\t<!-- END .rooms-block -->\n\t\t\t\t<\/div>\n\t\t\t\t\n\t\t\t\t\t\t\n\t\t\t\t\t\n\t\t\t\t\t\t\n\t\t\t\t<!-- BEGIN .rooms-block -->\n\t\t\t\t<div class=\"rooms-block\">\n\n\t\t\t\t\t<div class=\"rooms-block-image\">\n\t\t\t\t\t\t\n\t\t\t\t\t\t\t<a href=\"https:\/\/www.residencesacchi.it\/fr\/accommodation\/studio-36\/\" rel=\"bookmark\" title=\"Studio 36\">\n\n\t\t\t\t\t\t\t\t\t\t\t\t\t\t\t\t\t\t\t\t\t\t\t\t\t\n\t\t\t\t\t\t\t\t<img decoding=\"async\" src=\"https:\/\/www.residencesacchi.it\/wp-content\/uploads\/2018\/03\/Hotel-Residence-Sacchi-Torino-Centro-Appartamento-36-3-600x370.jpg\" alt=\"Studio 36 Residence Torino\" \/>\n\t\t\t\t\t\t\t<\/a>\n\n\t\t\t\t\t\t\t\t\t\t\t<\/div>\n\n\t\t\t\t\t<div class=\"rooms-block-content\">\n\t\t\t\t\t\t<h4><a href=\"https:\/\/www.residencesacchi.it\/fr\/accommodation\/studio-36\/\" rel=\"bookmark\" title=\"Studio 36\">Studio 36<\/a><\/h4>\n\t\t\t\t\t\t<div class=\"title-block-2\"><\/div>\n\t\t\t\t\t\t\n\t\t\t\t\t\t\t\t\t\t\t\t\n\t\t\t\t\t\t<ul class=\"list-style4\"><li><span>Personnes:<\/span> 2 adultes <\/li>\r\n<li><span>Cat\u00e9gorie:<\/span> Studio<\/li>\r\n<li>Open space fonctionnel et \u00e9l\u00e9gant avec vue sur le jardin<\/li><\/ul><div class=\"clearboth\"><\/div>\t\t\t\t\t\t<a href=\"https:\/\/www.residencesacchi.it\/fr\/accommodation\/studio-36\/\" class=\"view-details-button\">En d\u00e8tail <i class=\"fa fa-angle-right\"><\/i><\/a>\n\t\t\t\t\t<\/div>\n\t\t\t\t<!-- END .rooms-block -->\n\t\t\t\t<\/div>\n\t\t\t\t\n\t\t\t\t\t\t\n\t\t\t\t\t\n\t\t\t\t\t\t\n\t\t\t\t<!-- BEGIN .rooms-block -->\n\t\t\t\t<div class=\"rooms-block\">\n\n\t\t\t\t\t<div class=\"rooms-block-image\">\n\t\t\t\t\t\t\n\t\t\t\t\t\t\t<a href=\"https:\/\/www.residencesacchi.it\/fr\/accommodation\/studio-41\/\" rel=\"bookmark\" title=\"Studio 41\">\n\n\t\t\t\t\t\t\t\t\t\t\t\t\t\t\t\t\t\t\t\t\t\t\t\t\t\n\t\t\t\t\t\t\t\t<img decoding=\"async\" src=\"https:\/\/www.residencesacchi.it\/wp-content\/uploads\/2025\/12\/monolocale-residence-41-600x370.jpg\" alt=\"Studio 41 Residence Torino\" \/>\n\t\t\t\t\t\t\t<\/a>\n\n\t\t\t\t\t\t\t\t\t\t\t<\/div>\n\n\t\t\t\t\t<div class=\"rooms-block-content\">\n\t\t\t\t\t\t<h4><a href=\"https:\/\/www.residencesacchi.it\/fr\/accommodation\/studio-41\/\" rel=\"bookmark\" title=\"Studio 41\">Studio 41<\/a><\/h4>\n\t\t\t\t\t\t<div class=\"title-block-2\"><\/div>\n\t\t\t\t\t\t\n\t\t\t\t\t\t\t\t\t\t\t\t\n\t\t\t\t\t\t<ul class=\"list-style4\"><li><span>Personnes:<\/span> 2 adultes (possibilit\u00e9 d\u2019ajouter sur r\u00eaquete 1 adulte)<\/li>\r\n<li><span>Cat\u00e9gorie:<\/span> Studio<\/li>\r\n<li>Open space au 4\u00e8me \u00e9tage avec vue sur le jardin de bambou<\/li><\/ul><div class=\"clearboth\"><\/div>\t\t\t\t\t\t<a href=\"https:\/\/www.residencesacchi.it\/fr\/accommodation\/studio-41\/\" class=\"view-details-button\">En d\u00e8tail <i class=\"fa fa-angle-right\"><\/i><\/a>\n\t\t\t\t\t<\/div>\n\t\t\t\t<!-- END .rooms-block -->\n\t\t\t\t<\/div>\n\t\t\t\t\n\t\t\t\t\t\t\n\t\t\t\t\t\n\t\t\t\t\t\t\n\t\t\t\t<!-- BEGIN .rooms-block -->\n\t\t\t\t<div class=\"rooms-block\">\n\n\t\t\t\t\t<div class=\"rooms-block-image\">\n\t\t\t\t\t\t\n\t\t\t\t\t\t\t<a href=\"https:\/\/www.residencesacchi.it\/fr\/accommodation\/studio-52\/\" rel=\"bookmark\" title=\"Studio 52\">\n\n\t\t\t\t\t\t\t\t\t\t\t\t\t\t\t\t\t\t\t\t\t\t\t\t\t\n\t\t\t\t\t\t\t\t<img decoding=\"async\" src=\"https:\/\/www.residencesacchi.it\/wp-content\/uploads\/2018\/04\/Hotel-Residence-Sacchi-Torino-Centro-Appartamento-52-14-600x370.jpg\" alt=\"Studio 52 Residence Torino\" \/>\n\t\t\t\t\t\t\t<\/a>\n\n\t\t\t\t\t\t\t\t\t\t\t<\/div>\n\n\t\t\t\t\t<div class=\"rooms-block-content\">\n\t\t\t\t\t\t<h4><a href=\"https:\/\/www.residencesacchi.it\/fr\/accommodation\/studio-52\/\" rel=\"bookmark\" title=\"Studio 52\">Studio 52<\/a><\/h4>\n\t\t\t\t\t\t<div class=\"title-block-2\"><\/div>\n\t\t\t\t\t\t\n\t\t\t\t\t\t\t\t\t\t\t\t\n\t\t\t\t\t\t<ul class=\"list-style4\"><li><span>Personnes:<\/span> 2 adultes (possibilit\u00e9 d\u2019ajouter sur r\u00eaquete 1 adulte)<\/li>\r\n<li><span>Cat\u00e9gorie:<\/span> Studio<\/li>\r\n<li>Appartement mansard\u00e9 au 5\u00e8me \u00e9tage<\/li><\/ul><div class=\"clearboth\"><\/div>\t\t\t\t\t\t<a href=\"https:\/\/www.residencesacchi.it\/fr\/accommodation\/studio-52\/\" class=\"view-details-button\">En d\u00e8tail <i class=\"fa fa-angle-right\"><\/i><\/a>\n\t\t\t\t\t<\/div>\n\t\t\t\t<!-- END .rooms-block -->\n\t\t\t\t<\/div>\n\t\t\t\t\n\t\t\t\t\t\t\n\t\t\t\t\t\n\t\t\t\t\t\t\n\t\t\t\t<!-- BEGIN .rooms-block -->\n\t\t\t\t<div class=\"rooms-block\">\n\n\t\t\t\t\t<div class=\"rooms-block-image\">\n\t\t\t\t\t\t\n\t\t\t\t\t\t\t<a href=\"https:\/\/www.residencesacchi.it\/fr\/accommodation\/studio-54\/\" rel=\"bookmark\" title=\"Studio 54\">\n\n\t\t\t\t\t\t\t\t\t\t\t\t\t\t\t\t\t\t\t\t\t\t\t\t\t\n\t\t\t\t\t\t\t\t<img decoding=\"async\" src=\"https:\/\/www.residencesacchi.it\/wp-content\/uploads\/2018\/04\/Hotel-Residence-Sacchi-Torino-Centro-Appartamento-54-3-600x370.jpg\" alt=\"Studio 54 Residence Torino\" \/>\n\t\t\t\t\t\t\t<\/a>\n\n\t\t\t\t\t\t\t\t\t\t\t<\/div>\n\n\t\t\t\t\t<div class=\"rooms-block-content\">\n\t\t\t\t\t\t<h4><a href=\"https:\/\/www.residencesacchi.it\/fr\/accommodation\/studio-54\/\" rel=\"bookmark\" title=\"Studio 54\">Studio 54<\/a><\/h4>\n\t\t\t\t\t\t<div class=\"title-block-2\"><\/div>\n\t\t\t\t\t\t\n\t\t\t\t\t\t\t\t\t\t\t\t\n\t\t\t\t\t\t<ul class=\"list-style4\"><li><span>Personnes:<\/span> 2 adultes (possibilit\u00e9 d\u2019ajouter sur r\u00eaquete 1 adulte)<\/li>\r\n<li><span>Cat\u00e9gorie:<\/span> Studio<\/li>\r\n<li>La mansarde qui repr\u00e9sente un nouveau concept d\u2019habiter<\/li><\/ul><div class=\"clearboth\"><\/div>\t\t\t\t\t\t<a href=\"https:\/\/www.residencesacchi.it\/fr\/accommodation\/studio-54\/\" class=\"view-details-button\">En d\u00e8tail <i class=\"fa fa-angle-right\"><\/i><\/a>\n\t\t\t\t\t<\/div>\n\t\t\t\t<!-- END .rooms-block -->\n\t\t\t\t<\/div>\n\t\t\t\t\n\t\t\t\t\t\t\n\t\t\t\t\t\n\t\t\t\t\t\t\n\t\t\t\t<!-- BEGIN .rooms-block -->\n\t\t\t\t<div class=\"rooms-block\">\n\n\t\t\t\t\t<div class=\"rooms-block-image\">\n\t\t\t\t\t\t\n\t\t\t\t\t\t\t<a href=\"https:\/\/www.residencesacchi.it\/fr\/accommodation\/studio-55\/\" rel=\"bookmark\" title=\"Studio 55\">\n\n\t\t\t\t\t\t\t\t\t\t\t\t\t\t\t\t\t\t\t\t\t\t\t\t\t\n\t\t\t\t\t\t\t\t<img decoding=\"async\" src=\"https:\/\/www.residencesacchi.it\/wp-content\/uploads\/2018\/04\/Hotel-Residence-Sacchi-Torino-Centro-Appartamento-55-3-600x370.jpg\" alt=\"Studio 55 Residence Torino\" \/>\n\t\t\t\t\t\t\t<\/a>\n\n\t\t\t\t\t\t\t\t\t\t\t<\/div>\n\n\t\t\t\t\t<div class=\"rooms-block-content\">\n\t\t\t\t\t\t<h4><a href=\"https:\/\/www.residencesacchi.it\/fr\/accommodation\/studio-55\/\" rel=\"bookmark\" title=\"Studio 55\">Studio 55<\/a><\/h4>\n\t\t\t\t\t\t<div class=\"title-block-2\"><\/div>\n\t\t\t\t\t\t\n\t\t\t\t\t\t\t\t\t\t\t\t\n\t\t\t\t\t\t<ul class=\"list-style4\"><li><span>Personnes:<\/span> 2 adultes <\/li>\r\n<li><span>Cat\u00e9gorie:<\/span> Studio<\/li>\r\n<li>La mansarde au 5\u00e8me \u00e9tage... \u00e0 vivre!<\/li><\/ul><div class=\"clearboth\"><\/div>\t\t\t\t\t\t<a href=\"https:\/\/www.residencesacchi.it\/fr\/accommodation\/studio-55\/\" class=\"view-details-button\">En d\u00e8tail <i class=\"fa fa-angle-right\"><\/i><\/a>\n\t\t\t\t\t<\/div>\n\t\t\t\t<!-- END .rooms-block -->\n\t\t\t\t<\/div>\n\t\t\t\t\n\t\t\t\t\t\t\n\t\t\t\t\n\t\t<!-- BEGIN .rooms-block-wrapper -->\n\t\t<\/div>\n\t\t\n\t\t\t\t\n\t\t\t\t\n\t\t\t\t\n\t\t[\/vc_column][\/vc_row]<\/p>\n<\/div>","protected":false},"excerpt":{"rendered":"<p>[vc_row][vc_column][\/vc_column][\/vc_row][vc_row][vc_column][vc_column_text] Grand espace ouvert d\u2019environ 45 m\u00e8tres carr\u00e9s, o\u00f9 l\u2019espace a \u00e9t\u00e9 r\u00e9interpr\u00e9t\u00e9 selon les nouveaux standards de vie contemporaine, pour garantir une nouvelle conception de la vie: canap\u00e9s de design, armoires \u00e9quip\u00e9es, des espaces de bureau avec acc\u00e8s Internet gratuit et bien s\u00fbr des cuisines \u00e9quip\u00e9es. [\/vc_column_text][\/vc_column][\/vc_row][vc_row][vc_column][\/vc_column][\/vc_row]<\/p>\n","protected":false},"author":1,"featured_media":0,"parent":4637,"menu_order":0,"comment_status":"closed","ping_status":"closed","template":"","meta":{"footnotes":""},"categories":[],"tags":[],"class_list":["post-6790","page","type-page","status-publish","hentry"],"yoast_head":"<!-- This site is optimized with the Yoast SEO plugin v23.8 - https:\/\/yoast.com\/wordpress\/plugins\/seo\/ -->\n<title>Hotel day use Torino - Suite R\u00e9sidence Sacchi Turin Centre<\/title>\n<meta name=\"description\" content=\"Hotel day use Torino: profitez d&#039;une pause pour vous d\u00e9tendre dans les appartements de la R\u00e9sidence Sacchi tout confort pour un s\u00e9jour ou pour vous ressourcer en quelques heures\" \/>\n<meta name=\"robots\" content=\"index, follow, max-snippet:-1, max-image-preview:large, max-video-preview:-1\" \/>\n<link rel=\"canonical\" href=\"https:\/\/www.residencesacchi.it\/fr\/appartements-turin\/studios\/\" \/>\n<meta property=\"og:locale\" content=\"fr_FR\" \/>\n<meta property=\"og:type\" content=\"article\" \/>\n<meta property=\"og:title\" content=\"Hotel day use Torino - Suite R\u00e9sidence Sacchi Turin Centre\" \/>\n<meta property=\"og:description\" content=\"Hotel day use Torino: profitez d&#039;une pause pour vous d\u00e9tendre dans les appartements de la R\u00e9sidence Sacchi tout confort pour un s\u00e9jour ou pour vous ressourcer en quelques heures\" \/>\n<meta property=\"og:url\" content=\"https:\/\/www.residencesacchi.it\/fr\/appartements-turin\/studios\/\" \/>\n<meta property=\"og:site_name\" content=\"Residence Sacchi Aparthotel in the center of Turin\" \/>\n<meta property=\"article:modified_time\" content=\"2021-12-07T09:04:28+00:00\" \/>\n<meta name=\"twitter:card\" content=\"summary_large_image\" \/>\n<meta name=\"twitter:label1\" content=\"Dur\u00e9e de lecture estim\u00e9e\" \/>\n\t<meta name=\"twitter:data1\" content=\"1 minute\" \/>\n<script type=\"application\/ld+json\" class=\"yoast-schema-graph\">{\"@context\":\"https:\/\/schema.org\",\"@graph\":[{\"@type\":\"WebPage\",\"@id\":\"https:\/\/www.residencesacchi.it\/fr\/appartements-turin\/studios\/\",\"url\":\"https:\/\/www.residencesacchi.it\/fr\/appartements-turin\/studios\/\",\"name\":\"Hotel day use Torino - Suite R\u00e9sidence Sacchi Turin Centre\",\"isPartOf\":{\"@id\":\"https:\/\/www.residencesacchi.it\/#website\"},\"datePublished\":\"2017-12-05T16:37:43+00:00\",\"dateModified\":\"2021-12-07T09:04:28+00:00\",\"description\":\"Hotel day use Torino: profitez d'une pause pour vous d\u00e9tendre dans les appartements de la R\u00e9sidence Sacchi tout confort pour un s\u00e9jour ou pour vous ressourcer en quelques heures\",\"breadcrumb\":{\"@id\":\"https:\/\/www.residencesacchi.it\/fr\/appartements-turin\/studios\/#breadcrumb\"},\"inLanguage\":\"fr-FR\",\"potentialAction\":[{\"@type\":\"ReadAction\",\"target\":[\"https:\/\/www.residencesacchi.it\/fr\/appartements-turin\/studios\/\"]}]},{\"@type\":\"BreadcrumbList\",\"@id\":\"https:\/\/www.residencesacchi.it\/fr\/appartements-turin\/studios\/#breadcrumb\",\"itemListElement\":[{\"@type\":\"ListItem\",\"position\":1,\"name\":\"Home\",\"item\":\"https:\/\/www.residencesacchi.it\/fr\/\"},{\"@type\":\"ListItem\",\"position\":2,\"name\":\"Appartements\",\"item\":\"https:\/\/www.residencesacchi.it\/fr\/appartements-turin\/\"},{\"@type\":\"ListItem\",\"position\":3,\"name\":\"Studios\"}]},{\"@type\":\"WebSite\",\"@id\":\"https:\/\/www.residencesacchi.it\/#website\",\"url\":\"https:\/\/www.residencesacchi.it\/\",\"name\":\"Residence Sacchi Aparthotel in the center of Turin\",\"description\":\"The RESIDENCE SACCHI, located in the center of Turin, near the railway and subway station Porta Nuova, is able to satisfy the different requests\",\"potentialAction\":[{\"@type\":\"SearchAction\",\"target\":{\"@type\":\"EntryPoint\",\"urlTemplate\":\"https:\/\/www.residencesacchi.it\/?s={search_term_string}\"},\"query-input\":{\"@type\":\"PropertyValueSpecification\",\"valueRequired\":true,\"valueName\":\"search_term_string\"}}],\"inLanguage\":\"fr-FR\"}]}<\/script>\n<!-- \/ Yoast SEO plugin. -->","yoast_head_json":{"title":"Hotel day use Torino - Suite R\u00e9sidence Sacchi Turin Centre","description":"Hotel day use Torino: profitez d'une pause pour vous d\u00e9tendre dans les appartements de la R\u00e9sidence Sacchi tout confort pour un s\u00e9jour ou pour vous ressourcer en quelques heures","robots":{"index":"index","follow":"follow","max-snippet":"max-snippet:-1","max-image-preview":"max-image-preview:large","max-video-preview":"max-video-preview:-1"},"canonical":"https:\/\/www.residencesacchi.it\/fr\/appartements-turin\/studios\/","og_locale":"fr_FR","og_type":"article","og_title":"Hotel day use Torino - Suite R\u00e9sidence Sacchi Turin Centre","og_description":"Hotel day use Torino: profitez d'une pause pour vous d\u00e9tendre dans les appartements de la R\u00e9sidence Sacchi tout confort pour un s\u00e9jour ou pour vous ressourcer en quelques heures","og_url":"https:\/\/www.residencesacchi.it\/fr\/appartements-turin\/studios\/","og_site_name":"Residence Sacchi Aparthotel in the center of Turin","article_modified_time":"2021-12-07T09:04:28+00:00","twitter_card":"summary_large_image","twitter_misc":{"Dur\u00e9e de lecture estim\u00e9e":"1 minute"},"schema":{"@context":"https:\/\/schema.org","@graph":[{"@type":"WebPage","@id":"https:\/\/www.residencesacchi.it\/fr\/appartements-turin\/studios\/","url":"https:\/\/www.residencesacchi.it\/fr\/appartements-turin\/studios\/","name":"Hotel day use Torino - Suite R\u00e9sidence Sacchi Turin Centre","isPartOf":{"@id":"https:\/\/www.residencesacchi.it\/#website"},"datePublished":"2017-12-05T16:37:43+00:00","dateModified":"2021-12-07T09:04:28+00:00","description":"Hotel day use Torino: profitez d'une pause pour vous d\u00e9tendre dans les appartements de la R\u00e9sidence Sacchi tout confort pour un s\u00e9jour ou pour vous ressourcer en quelques heures","breadcrumb":{"@id":"https:\/\/www.residencesacchi.it\/fr\/appartements-turin\/studios\/#breadcrumb"},"inLanguage":"fr-FR","potentialAction":[{"@type":"ReadAction","target":["https:\/\/www.residencesacchi.it\/fr\/appartements-turin\/studios\/"]}]},{"@type":"BreadcrumbList","@id":"https:\/\/www.residencesacchi.it\/fr\/appartements-turin\/studios\/#breadcrumb","itemListElement":[{"@type":"ListItem","position":1,"name":"Home","item":"https:\/\/www.residencesacchi.it\/fr\/"},{"@type":"ListItem","position":2,"name":"Appartements","item":"https:\/\/www.residencesacchi.it\/fr\/appartements-turin\/"},{"@type":"ListItem","position":3,"name":"Studios"}]},{"@type":"WebSite","@id":"https:\/\/www.residencesacchi.it\/#website","url":"https:\/\/www.residencesacchi.it\/","name":"Residence Sacchi Aparthotel in the center of Turin","description":"The RESIDENCE SACCHI, located in the center of Turin, near the railway and subway station Porta Nuova, is able to satisfy the different requests","potentialAction":[{"@type":"SearchAction","target":{"@type":"EntryPoint","urlTemplate":"https:\/\/www.residencesacchi.it\/?s={search_term_string}"},"query-input":{"@type":"PropertyValueSpecification","valueRequired":true,"valueName":"search_term_string"}}],"inLanguage":"fr-FR"}]}},"_links":{"self":[{"href":"https:\/\/www.residencesacchi.it\/fr\/wp-json\/wp\/v2\/pages\/6790"}],"collection":[{"href":"https:\/\/www.residencesacchi.it\/fr\/wp-json\/wp\/v2\/pages"}],"about":[{"href":"https:\/\/www.residencesacchi.it\/fr\/wp-json\/wp\/v2\/types\/page"}],"author":[{"embeddable":true,"href":"https:\/\/www.residencesacchi.it\/fr\/wp-json\/wp\/v2\/users\/1"}],"replies":[{"embeddable":true,"href":"https:\/\/www.residencesacchi.it\/fr\/wp-json\/wp\/v2\/comments?post=6790"}],"version-history":[{"count":0,"href":"https:\/\/www.residencesacchi.it\/fr\/wp-json\/wp\/v2\/pages\/6790\/revisions"}],"up":[{"embeddable":true,"href":"https:\/\/www.residencesacchi.it\/fr\/wp-json\/wp\/v2\/pages\/4637"}],"wp:attachment":[{"href":"https:\/\/www.residencesacchi.it\/fr\/wp-json\/wp\/v2\/media?parent=6790"}],"wp:term":[{"taxonomy":"category","embeddable":true,"href":"https:\/\/www.residencesacchi.it\/fr\/wp-json\/wp\/v2\/categories?post=6790"},{"taxonomy":"post_tag","embeddable":true,"href":"https:\/\/www.residencesacchi.it\/fr\/wp-json\/wp\/v2\/tags?post=6790"}],"curies":[{"name":"wp","href":"https:\/\/api.w.org\/{rel}","templated":true}]}}