{"id":6888,"date":"2017-12-05T17:57:58","date_gmt":"2017-12-05T16:57:58","guid":{"rendered":"https:\/\/www.residencesacchi.it\/appartements-turin\/suite\/"},"modified":"2021-12-07T10:43:43","modified_gmt":"2021-12-07T09:43:43","slug":"suites","status":"publish","type":"page","link":"https:\/\/www.residencesacchi.it\/fr\/appartements-turin\/suites\/","title":{"rendered":"Suites"},"content":{"rendered":"<div class=\"wpb-content-wrapper\"><p>[vc_row][vc_column]<h2>Luxueses suite au design raffin\u00e9 et \u00e9l\u00e9gant. Donnant sur le jardin de bambou ou sur la rue Sacchi<\/h2>[\/vc_column][\/vc_row][vc_row][vc_column][vc_column_text]<\/p>\n<p style=\"text-align: center;\">Uniques. Par dimensions, pour la qualit\u00e9 des mat\u00e9riaux et le soin du d\u00e9tails, id\u00e9al pour les s\u00e9jours de travail et pour les couples.<br \/>\nCaract\u00e9ris\u00e9es par le salon \u00e0 double hauteur, elles sont toutes diff\u00e9rentes les unes des autres!\u00a0 Avec parquet ou moquette et bain \u00e0 remous.<\/p>\n<p>[\/vc_column_text][\/vc_column][\/vc_row][vc_row][vc_column]\t\t\n\t\t\t\t\n\t\t\n\t\t\t\t\t\n\t\t\t<!-- BEGIN .rooms-block-wrapper -->\n\t\t\t<div class=\"rooms-block-wrapper room-3-cols clearfix\">\n\t\t\t\n\t\t\t\t\n\t\t\t\t\t\n\t\t\t\t\t\t\n\t\t\t\t<!-- BEGIN .rooms-block -->\n\t\t\t\t<div class=\"rooms-block\">\n\n\t\t\t\t\t<div class=\"rooms-block-image\">\n\t\t\t\t\t\t\n\t\t\t\t\t\t\t<a href=\"https:\/\/www.residencesacchi.it\/fr\/accommodation\/suite-3\/\" rel=\"bookmark\" title=\"Suite 3\">\n\n\t\t\t\t\t\t\t\t\t\t\t\t\t\t\t\t\t\t\t\t\t\t\t\t\t\n\t\t\t\t\t\t\t\t<img decoding=\"async\" src=\"https:\/\/www.residencesacchi.it\/wp-content\/uploads\/2018\/03\/Hotel-Residence-Sacchi-Torino-Centro-Appartamento-3-22-600x370.jpg\" alt=\"Suite 3 Residence Torino\" \/>\n\t\t\t\t\t\t\t<\/a>\n\n\t\t\t\t\t\t\t\t\t\t\t<\/div>\n\n\t\t\t\t\t<div class=\"rooms-block-content\">\n\t\t\t\t\t\t<h4><a href=\"https:\/\/www.residencesacchi.it\/fr\/accommodation\/suite-3\/\" rel=\"bookmark\" title=\"Suite 3\">Suite 3<\/a><\/h4>\n\t\t\t\t\t\t<div class=\"title-block-2\"><\/div>\n\t\t\t\t\t\t\n\t\t\t\t\t\t\t\t\t\t\t\t\n\t\t\t\t\t\t<ul class=\"list-style4\"><li><span>Personnes:<\/span>2 adultes (possibilit\u00e9 d\u2019ajouter sur r\u00eaquete 1 adulte)<\/li>\r\n<li><span>Cat\u00e9gorie:<\/span> Suite<\/li>\r\n<li>La suite des suite: architecture d\u2019\u00e9l\u00e9gance et classe exclusive!!<\/li><\/ul><div class=\"clearboth\"><\/div>\t\t\t\t\t\t<a href=\"https:\/\/www.residencesacchi.it\/fr\/accommodation\/suite-3\/\" class=\"view-details-button\">En d\u00e8tail <i class=\"fa fa-angle-right\"><\/i><\/a>\n\t\t\t\t\t<\/div>\n\t\t\t\t<!-- END .rooms-block -->\n\t\t\t\t<\/div>\n\t\t\t\t\n\t\t\t\t\t\t\n\t\t\t\t\t\n\t\t\t\t\t\t\n\t\t\t\t<!-- BEGIN .rooms-block -->\n\t\t\t\t<div class=\"rooms-block\">\n\n\t\t\t\t\t<div class=\"rooms-block-image\">\n\t\t\t\t\t\t\n\t\t\t\t\t\t\t<a href=\"https:\/\/www.residencesacchi.it\/fr\/accommodation\/suite-6\/\" rel=\"bookmark\" title=\"Suite 6\">\n\n\t\t\t\t\t\t\t\t\t\t\t\t\t\t\t\t\t\t\t\t\t\t\t\t\t\n\t\t\t\t\t\t\t\t<img decoding=\"async\" src=\"https:\/\/www.residencesacchi.it\/wp-content\/uploads\/2020\/08\/APP.TO-6.3-600x370.jpg\" alt=\"Suite 6 Residence Torino\" \/>\n\t\t\t\t\t\t\t<\/a>\n\n\t\t\t\t\t\t\t\t\t\t\t<\/div>\n\n\t\t\t\t\t<div class=\"rooms-block-content\">\n\t\t\t\t\t\t<h4><a href=\"https:\/\/www.residencesacchi.it\/fr\/accommodation\/suite-6\/\" rel=\"bookmark\" title=\"Suite 6\">Suite 6<\/a><\/h4>\n\t\t\t\t\t\t<div class=\"title-block-2\"><\/div>\n\t\t\t\t\t\t\n\t\t\t\t\t\t\t\t\t\t\t\t\n\t\t\t\t\t\t<ul class=\"list-style4\"><li><span>Personnes:<\/span> 2 adultes <\/li>\r\n<li><span>Cat\u00e9gorie:<\/span> Suite<\/li>\r\n<li>Grande suite donnant sur le jardin de bambou<\/li><\/ul><div class=\"clearboth\"><\/div>\t\t\t\t\t\t<a href=\"https:\/\/www.residencesacchi.it\/fr\/accommodation\/suite-6\/\" class=\"view-details-button\">En d\u00e8tail <i class=\"fa fa-angle-right\"><\/i><\/a>\n\t\t\t\t\t<\/div>\n\t\t\t\t<!-- END .rooms-block -->\n\t\t\t\t<\/div>\n\t\t\t\t\n\t\t\t\t\t\t\n\t\t\t\t\t\n\t\t\t\t\t\t\n\t\t\t\t<!-- BEGIN .rooms-block -->\n\t\t\t\t<div class=\"rooms-block\">\n\n\t\t\t\t\t<div class=\"rooms-block-image\">\n\t\t\t\t\t\t\n\t\t\t\t\t\t\t<a href=\"https:\/\/www.residencesacchi.it\/fr\/accommodation\/suite-8\/\" rel=\"bookmark\" title=\"Suite 8\">\n\n\t\t\t\t\t\t\t\t\t\t\t\t\t\t\t\t\t\t\t\t\t\t\t\t\t\n\t\t\t\t\t\t\t\t<img decoding=\"async\" src=\"https:\/\/www.residencesacchi.it\/wp-content\/uploads\/2018\/05\/sacchi_day3-0040-600x370.jpg\" alt=\"Suite 8 Residence Torino\" \/>\n\t\t\t\t\t\t\t<\/a>\n\n\t\t\t\t\t\t\t\t\t\t\t<\/div>\n\n\t\t\t\t\t<div class=\"rooms-block-content\">\n\t\t\t\t\t\t<h4><a href=\"https:\/\/www.residencesacchi.it\/fr\/accommodation\/suite-8\/\" rel=\"bookmark\" title=\"Suite 8\">Suite 8<\/a><\/h4>\n\t\t\t\t\t\t<div class=\"title-block-2\"><\/div>\n\t\t\t\t\t\t\n\t\t\t\t\t\t\t\t\t\t\t\t\n\t\t\t\t\t\t<ul class=\"list-style4\"><li><span>Personnes:<\/span> 2 adultes <\/li>\r\n<li><span>Cat\u00e9gorie:<\/span> Suite<\/li>\r\n<li>Une harmonie contemporaine avec vue sur le jardin de bambou<\/li><\/ul><div class=\"clearboth\"><\/div>\t\t\t\t\t\t<a href=\"https:\/\/www.residencesacchi.it\/fr\/accommodation\/suite-8\/\" class=\"view-details-button\">En d\u00e8tail <i class=\"fa fa-angle-right\"><\/i><\/a>\n\t\t\t\t\t<\/div>\n\t\t\t\t<!-- END .rooms-block -->\n\t\t\t\t<\/div>\n\t\t\t\t\n\t\t\t\t\t\t\n\t\t\t\t\t\n\t\t\t\t\t\t\n\t\t\t\t<!-- BEGIN .rooms-block -->\n\t\t\t\t<div class=\"rooms-block\">\n\n\t\t\t\t\t<div class=\"rooms-block-image\">\n\t\t\t\t\t\t\n\t\t\t\t\t\t\t<a href=\"https:\/\/www.residencesacchi.it\/fr\/accommodation\/suite-21\/\" rel=\"bookmark\" title=\"Suite 21\">\n\n\t\t\t\t\t\t\t\t\t\t\t\t\t\t\t\t\t\t\t\t\t\t\t\t\t\n\t\t\t\t\t\t\t\t<img decoding=\"async\" src=\"https:\/\/www.residencesacchi.it\/wp-content\/uploads\/2020\/02\/IMG_20200219_123713-1-600x370.jpg\" alt=\"Suite 21 Residence Torino\" \/>\n\t\t\t\t\t\t\t<\/a>\n\n\t\t\t\t\t\t\t\t\t\t\t<\/div>\n\n\t\t\t\t\t<div class=\"rooms-block-content\">\n\t\t\t\t\t\t<h4><a href=\"https:\/\/www.residencesacchi.it\/fr\/accommodation\/suite-21\/\" rel=\"bookmark\" title=\"Suite 21\">Suite 21<\/a><\/h4>\n\t\t\t\t\t\t<div class=\"title-block-2\"><\/div>\n\t\t\t\t\t\t\n\t\t\t\t\t\t\t\t\t\t\t\t\n\t\t\t\t\t\t<ul class=\"list-style4\"><li><span>Personnes:<\/span> 2 adultes (possibilit\u00e9 d\u2019ajouter sur r\u00eaquete 1 adulte)<\/li>\r\n<li><span>Cat\u00e9gorie:<\/span> Suite<\/li>\r\n<li>Deux niveaux avec vue sur le jardin de bambou<\/li><\/ul><div class=\"clearboth\"><\/div>\t\t\t\t\t\t<a href=\"https:\/\/www.residencesacchi.it\/fr\/accommodation\/suite-21\/\" class=\"view-details-button\">En d\u00e8tail <i class=\"fa fa-angle-right\"><\/i><\/a>\n\t\t\t\t\t<\/div>\n\t\t\t\t<!-- END .rooms-block -->\n\t\t\t\t<\/div>\n\t\t\t\t\n\t\t\t\t\t\t\n\t\t\t\t\t\n\t\t\t\t\t\t\n\t\t\t\t<!-- BEGIN .rooms-block -->\n\t\t\t\t<div class=\"rooms-block\">\n\n\t\t\t\t\t<div class=\"rooms-block-image\">\n\t\t\t\t\t\t\n\t\t\t\t\t\t\t<a href=\"https:\/\/www.residencesacchi.it\/fr\/accommodation\/suite-31\/\" rel=\"bookmark\" title=\"Suite 31\">\n\n\t\t\t\t\t\t\t\t\t\t\t\t\t\t\t\t\t\t\t\t\t\t\t\t\t\n\t\t\t\t\t\t\t\t<img decoding=\"async\" src=\"https:\/\/www.residencesacchi.it\/wp-content\/uploads\/2021\/06\/sacchi_day3-0086-600x370.webp\" alt=\"Suite 31 Residence Torino\" \/>\n\t\t\t\t\t\t\t<\/a>\n\n\t\t\t\t\t\t\t\t\t\t\t<\/div>\n\n\t\t\t\t\t<div class=\"rooms-block-content\">\n\t\t\t\t\t\t<h4><a href=\"https:\/\/www.residencesacchi.it\/fr\/accommodation\/suite-31\/\" rel=\"bookmark\" title=\"Suite 31\">Suite 31<\/a><\/h4>\n\t\t\t\t\t\t<div class=\"title-block-2\"><\/div>\n\t\t\t\t\t\t\n\t\t\t\t\t\t\t\t\t\t\t\t\n\t\t\t\t\t\t<ul class=\"list-style4\"><li><span>Personnes:<\/span> 2 adultes (possibilit\u00e9 d\u2019ajouter sur r\u00eaquete 1 adulte)<\/li>\r\n<li><span>Cat\u00e9gorie:<\/span> Suite<\/li>\r\n<li>Un appartement plein de charme et de personnalit\u00e9 avec vue sur le jardin de bambou<\/li><\/ul><div class=\"clearboth\"><\/div>\t\t\t\t\t\t<a href=\"https:\/\/www.residencesacchi.it\/fr\/accommodation\/suite-31\/\" class=\"view-details-button\">En d\u00e8tail <i class=\"fa fa-angle-right\"><\/i><\/a>\n\t\t\t\t\t<\/div>\n\t\t\t\t<!-- END .rooms-block -->\n\t\t\t\t<\/div>\n\t\t\t\t\n\t\t\t\t\t\t\n\t\t\t\t\n\t\t<!-- BEGIN .rooms-block-wrapper -->\n\t\t<\/div>\n\t\t\n\t\t\t\t\n\t\t\t\t\n\t\t\t\t\n\t\t[\/vc_column][\/vc_row]<\/p>\n<\/div>","protected":false},"excerpt":{"rendered":"<p>[vc_row][vc_column][\/vc_column][\/vc_row][vc_row][vc_column][vc_column_text] Uniques. Par dimensions, pour la qualit\u00e9 des mat\u00e9riaux et le soin du d\u00e9tails, id\u00e9al pour les s\u00e9jours de travail et pour les couples. Caract\u00e9ris\u00e9es par le salon \u00e0 double hauteur, elles sont toutes diff\u00e9rentes les unes des autres!\u00a0 Avec parquet ou moquette et bain \u00e0 remous. [\/vc_column_text][\/vc_column][\/vc_row][vc_row][vc_column][\/vc_column][\/vc_row]<\/p>\n","protected":false},"author":1,"featured_media":0,"parent":4637,"menu_order":0,"comment_status":"closed","ping_status":"closed","template":"","meta":{"footnotes":""},"categories":[],"tags":[],"class_list":["post-6888","page","type-page","status-publish","hentry"],"yoast_head":"<!-- This site is optimized with the Yoast SEO plugin v23.8 - https:\/\/yoast.com\/wordpress\/plugins\/seo\/ -->\n<title>Hotel Turin Centre - Les meilleures suites de la R\u00e9sidence Sacchi<\/title>\n<meta name=\"description\" content=\"Vous cherchez un h\u00f4tel dans le centre-ville de Turin ? Le m\u00eame confort d&#039;un h\u00f4tel alli\u00e9 \u00e0 la libert\u00e9 de vivre vos espaces comme si vous \u00e9tiez chez vous : \u00e0 la R\u00e9sidence Sacchi vous trouverez tout le confort dont vous avez besoin\" \/>\n<meta name=\"robots\" content=\"index, follow, max-snippet:-1, max-image-preview:large, max-video-preview:-1\" \/>\n<link rel=\"canonical\" href=\"https:\/\/www.residencesacchi.it\/fr\/appartements-turin\/suites\/\" \/>\n<meta property=\"og:locale\" content=\"fr_FR\" \/>\n<meta property=\"og:type\" content=\"article\" \/>\n<meta property=\"og:title\" content=\"Hotel Turin Centre - Les meilleures suites de la R\u00e9sidence Sacchi\" \/>\n<meta property=\"og:description\" content=\"Vous cherchez un h\u00f4tel dans le centre-ville de Turin ? Le m\u00eame confort d&#039;un h\u00f4tel alli\u00e9 \u00e0 la libert\u00e9 de vivre vos espaces comme si vous \u00e9tiez chez vous : \u00e0 la R\u00e9sidence Sacchi vous trouverez tout le confort dont vous avez besoin\" \/>\n<meta property=\"og:url\" content=\"https:\/\/www.residencesacchi.it\/fr\/appartements-turin\/suites\/\" \/>\n<meta property=\"og:site_name\" content=\"Residence Sacchi Aparthotel in the center of Turin\" \/>\n<meta property=\"article:modified_time\" content=\"2021-12-07T09:43:43+00:00\" \/>\n<meta name=\"twitter:card\" content=\"summary_large_image\" \/>\n<meta name=\"twitter:label1\" content=\"Dur\u00e9e de lecture estim\u00e9e\" \/>\n\t<meta name=\"twitter:data1\" content=\"1 minute\" \/>\n<script type=\"application\/ld+json\" class=\"yoast-schema-graph\">{\"@context\":\"https:\/\/schema.org\",\"@graph\":[{\"@type\":\"WebPage\",\"@id\":\"https:\/\/www.residencesacchi.it\/fr\/appartements-turin\/suites\/\",\"url\":\"https:\/\/www.residencesacchi.it\/fr\/appartements-turin\/suites\/\",\"name\":\"Hotel Turin Centre - Les meilleures suites de la R\u00e9sidence Sacchi\",\"isPartOf\":{\"@id\":\"https:\/\/www.residencesacchi.it\/#website\"},\"datePublished\":\"2017-12-05T16:57:58+00:00\",\"dateModified\":\"2021-12-07T09:43:43+00:00\",\"description\":\"Vous cherchez un h\u00f4tel dans le centre-ville de Turin ? Le m\u00eame confort d'un h\u00f4tel alli\u00e9 \u00e0 la libert\u00e9 de vivre vos espaces comme si vous \u00e9tiez chez vous : \u00e0 la R\u00e9sidence Sacchi vous trouverez tout le confort dont vous avez besoin\",\"breadcrumb\":{\"@id\":\"https:\/\/www.residencesacchi.it\/fr\/appartements-turin\/suites\/#breadcrumb\"},\"inLanguage\":\"fr-FR\",\"potentialAction\":[{\"@type\":\"ReadAction\",\"target\":[\"https:\/\/www.residencesacchi.it\/fr\/appartements-turin\/suites\/\"]}]},{\"@type\":\"BreadcrumbList\",\"@id\":\"https:\/\/www.residencesacchi.it\/fr\/appartements-turin\/suites\/#breadcrumb\",\"itemListElement\":[{\"@type\":\"ListItem\",\"position\":1,\"name\":\"Home\",\"item\":\"https:\/\/www.residencesacchi.it\/fr\/\"},{\"@type\":\"ListItem\",\"position\":2,\"name\":\"Appartements\",\"item\":\"https:\/\/www.residencesacchi.it\/fr\/appartements-turin\/\"},{\"@type\":\"ListItem\",\"position\":3,\"name\":\"Suites\"}]},{\"@type\":\"WebSite\",\"@id\":\"https:\/\/www.residencesacchi.it\/#website\",\"url\":\"https:\/\/www.residencesacchi.it\/\",\"name\":\"Residence Sacchi Aparthotel in the center of Turin\",\"description\":\"The RESIDENCE SACCHI, located in the center of Turin, near the railway and subway station Porta Nuova, is able to satisfy the different requests\",\"potentialAction\":[{\"@type\":\"SearchAction\",\"target\":{\"@type\":\"EntryPoint\",\"urlTemplate\":\"https:\/\/www.residencesacchi.it\/?s={search_term_string}\"},\"query-input\":{\"@type\":\"PropertyValueSpecification\",\"valueRequired\":true,\"valueName\":\"search_term_string\"}}],\"inLanguage\":\"fr-FR\"}]}<\/script>\n<!-- \/ Yoast SEO plugin. -->","yoast_head_json":{"title":"Hotel Turin Centre - Les meilleures suites de la R\u00e9sidence Sacchi","description":"Vous cherchez un h\u00f4tel dans le centre-ville de Turin ? Le m\u00eame confort d'un h\u00f4tel alli\u00e9 \u00e0 la libert\u00e9 de vivre vos espaces comme si vous \u00e9tiez chez vous : \u00e0 la R\u00e9sidence Sacchi vous trouverez tout le confort dont vous avez besoin","robots":{"index":"index","follow":"follow","max-snippet":"max-snippet:-1","max-image-preview":"max-image-preview:large","max-video-preview":"max-video-preview:-1"},"canonical":"https:\/\/www.residencesacchi.it\/fr\/appartements-turin\/suites\/","og_locale":"fr_FR","og_type":"article","og_title":"Hotel Turin Centre - Les meilleures suites de la R\u00e9sidence Sacchi","og_description":"Vous cherchez un h\u00f4tel dans le centre-ville de Turin ? Le m\u00eame confort d'un h\u00f4tel alli\u00e9 \u00e0 la libert\u00e9 de vivre vos espaces comme si vous \u00e9tiez chez vous : \u00e0 la R\u00e9sidence Sacchi vous trouverez tout le confort dont vous avez besoin","og_url":"https:\/\/www.residencesacchi.it\/fr\/appartements-turin\/suites\/","og_site_name":"Residence Sacchi Aparthotel in the center of Turin","article_modified_time":"2021-12-07T09:43:43+00:00","twitter_card":"summary_large_image","twitter_misc":{"Dur\u00e9e de lecture estim\u00e9e":"1 minute"},"schema":{"@context":"https:\/\/schema.org","@graph":[{"@type":"WebPage","@id":"https:\/\/www.residencesacchi.it\/fr\/appartements-turin\/suites\/","url":"https:\/\/www.residencesacchi.it\/fr\/appartements-turin\/suites\/","name":"Hotel Turin Centre - Les meilleures suites de la R\u00e9sidence Sacchi","isPartOf":{"@id":"https:\/\/www.residencesacchi.it\/#website"},"datePublished":"2017-12-05T16:57:58+00:00","dateModified":"2021-12-07T09:43:43+00:00","description":"Vous cherchez un h\u00f4tel dans le centre-ville de Turin ? Le m\u00eame confort d'un h\u00f4tel alli\u00e9 \u00e0 la libert\u00e9 de vivre vos espaces comme si vous \u00e9tiez chez vous : \u00e0 la R\u00e9sidence Sacchi vous trouverez tout le confort dont vous avez besoin","breadcrumb":{"@id":"https:\/\/www.residencesacchi.it\/fr\/appartements-turin\/suites\/#breadcrumb"},"inLanguage":"fr-FR","potentialAction":[{"@type":"ReadAction","target":["https:\/\/www.residencesacchi.it\/fr\/appartements-turin\/suites\/"]}]},{"@type":"BreadcrumbList","@id":"https:\/\/www.residencesacchi.it\/fr\/appartements-turin\/suites\/#breadcrumb","itemListElement":[{"@type":"ListItem","position":1,"name":"Home","item":"https:\/\/www.residencesacchi.it\/fr\/"},{"@type":"ListItem","position":2,"name":"Appartements","item":"https:\/\/www.residencesacchi.it\/fr\/appartements-turin\/"},{"@type":"ListItem","position":3,"name":"Suites"}]},{"@type":"WebSite","@id":"https:\/\/www.residencesacchi.it\/#website","url":"https:\/\/www.residencesacchi.it\/","name":"Residence Sacchi Aparthotel in the center of Turin","description":"The RESIDENCE SACCHI, located in the center of Turin, near the railway and subway station Porta Nuova, is able to satisfy the different requests","potentialAction":[{"@type":"SearchAction","target":{"@type":"EntryPoint","urlTemplate":"https:\/\/www.residencesacchi.it\/?s={search_term_string}"},"query-input":{"@type":"PropertyValueSpecification","valueRequired":true,"valueName":"search_term_string"}}],"inLanguage":"fr-FR"}]}},"_links":{"self":[{"href":"https:\/\/www.residencesacchi.it\/fr\/wp-json\/wp\/v2\/pages\/6888"}],"collection":[{"href":"https:\/\/www.residencesacchi.it\/fr\/wp-json\/wp\/v2\/pages"}],"about":[{"href":"https:\/\/www.residencesacchi.it\/fr\/wp-json\/wp\/v2\/types\/page"}],"author":[{"embeddable":true,"href":"https:\/\/www.residencesacchi.it\/fr\/wp-json\/wp\/v2\/users\/1"}],"replies":[{"embeddable":true,"href":"https:\/\/www.residencesacchi.it\/fr\/wp-json\/wp\/v2\/comments?post=6888"}],"version-history":[{"count":0,"href":"https:\/\/www.residencesacchi.it\/fr\/wp-json\/wp\/v2\/pages\/6888\/revisions"}],"up":[{"embeddable":true,"href":"https:\/\/www.residencesacchi.it\/fr\/wp-json\/wp\/v2\/pages\/4637"}],"wp:attachment":[{"href":"https:\/\/www.residencesacchi.it\/fr\/wp-json\/wp\/v2\/media?parent=6888"}],"wp:term":[{"taxonomy":"category","embeddable":true,"href":"https:\/\/www.residencesacchi.it\/fr\/wp-json\/wp\/v2\/categories?post=6888"},{"taxonomy":"post_tag","embeddable":true,"href":"https:\/\/www.residencesacchi.it\/fr\/wp-json\/wp\/v2\/tags?post=6888"}],"curies":[{"name":"wp","href":"https:\/\/api.w.org\/{rel}","templated":true}]}}