{"id":6900,"date":"2017-12-05T18:06:16","date_gmt":"2017-12-05T17:06:16","guid":{"rendered":"https:\/\/www.residencesacchi.it\/appartements-turin\/deluxe\/"},"modified":"2021-12-07T10:32:47","modified_gmt":"2021-12-07T09:32:47","slug":"deluxe","status":"publish","type":"page","link":"https:\/\/www.residencesacchi.it\/fr\/appartements-turin\/deluxe\/","title":{"rendered":"Deluxe"},"content":{"rendered":"<div class=\"wpb-content-wrapper\"><p>[vc_row][vc_column]<h2>Appartements familiaux, finement meubl\u00e9s pour accueillir vos moments de d\u00e9tente. Pour un s\u00e9jour de plaisir ou d\u2019affaires!<\/h2>[\/vc_column][\/vc_row][vc_row][vc_column][vc_column_text]<\/p>\n<p style=\"text-align: center;\">Id\u00e9ales pour ceux qui voyagent en famille ou en groupe, pour se sentir comme chez soi apr\u00e8s une journ\u00e9e de visite de la ville.<br \/>\nD\u00e9velopp\u00e9s sur un seul \u00e9tage avec chambre \u00e0 coucher s\u00e9par\u00e9e, ou sur deux niveaux avec salon \u00e0 double hauteur et chambre sur la mezzanine.<br \/>\nChacun est unique en son genre, certains avec du parquet, d\u2019autres avec des moquettes et donnant sur le jardin de bambou ou sur la rue Sacchi.<\/p>\n<p>[\/vc_column_text][\/vc_column][\/vc_row][vc_row][vc_column]\t\t\n\t\t\t\t\n\t\t\n\t\t\t\t\t\n\t\t\t<!-- BEGIN .rooms-block-wrapper -->\n\t\t\t<div class=\"rooms-block-wrapper room-3-cols clearfix\">\n\t\t\t\n\t\t\t\t\n\t\t\t\t\t\n\t\t\t\t\t\t\n\t\t\t\t<!-- BEGIN .rooms-block -->\n\t\t\t\t<div class=\"rooms-block\">\n\n\t\t\t\t\t<div class=\"rooms-block-image\">\n\t\t\t\t\t\t\n\t\t\t\t\t\t\t<a href=\"https:\/\/www.residencesacchi.it\/fr\/accommodation\/deluxe-5\/\" rel=\"bookmark\" title=\"Deluxe 5\">\n\n\t\t\t\t\t\t\t\t\t\t\t\t\t\t\t\t\t\t\t\t\t\t\t\t\t\n\t\t\t\t\t\t\t\t<img decoding=\"async\" src=\"https:\/\/www.residencesacchi.it\/wp-content\/uploads\/2018\/05\/sacchi_day3-0024-600x370.jpg\" alt=\"Deluxe 5 Residence Torino\" \/>\n\t\t\t\t\t\t\t<\/a>\n\n\t\t\t\t\t\t\t\t\t\t\t<\/div>\n\n\t\t\t\t\t<div class=\"rooms-block-content\">\n\t\t\t\t\t\t<h4><a href=\"https:\/\/www.residencesacchi.it\/fr\/accommodation\/deluxe-5\/\" rel=\"bookmark\" title=\"Deluxe 5\">Deluxe 5<\/a><\/h4>\n\t\t\t\t\t\t<div class=\"title-block-2\"><\/div>\n\t\t\t\t\t\t\n\t\t\t\t\t\t\t\t\t\t\t\t\n\t\t\t\t\t\t<ul class=\"list-style4\"><li><span>Personnes:<\/span> 2 adultes (possibilit\u00e9 d\u2019ajouter sur r\u00eaquete 1 ou 2 adultes)<\/li>\r\n<li><span>Cat\u00e9gorie:<\/span>  Deluxe<\/li>\r\n<li>Appartement au 1er \u00e9tage avec de grandes baies vitr\u00e9es et vue sur le jardin de bambou<\/li><\/ul><div class=\"clearboth\"><\/div>\r\n\t\t\t\t\t\t<a href=\"https:\/\/www.residencesacchi.it\/fr\/accommodation\/deluxe-5\/\" class=\"view-details-button\">En d\u00e8tail <i class=\"fa fa-angle-right\"><\/i><\/a>\n\t\t\t\t\t<\/div>\n\t\t\t\t<!-- END .rooms-block -->\n\t\t\t\t<\/div>\n\t\t\t\t\n\t\t\t\t\t\t\n\t\t\t\t\t\n\t\t\t\t\t\t\n\t\t\t\t<!-- BEGIN .rooms-block -->\n\t\t\t\t<div class=\"rooms-block\">\n\n\t\t\t\t\t<div class=\"rooms-block-image\">\n\t\t\t\t\t\t\n\t\t\t\t\t\t\t<a href=\"https:\/\/www.residencesacchi.it\/fr\/accommodation\/deluxe-7\/\" rel=\"bookmark\" title=\"Deluxe 7\">\n\n\t\t\t\t\t\t\t\t\t\t\t\t\t\t\t\t\t\t\t\t\t\t\t\t\t\n\t\t\t\t\t\t\t\t<img decoding=\"async\" src=\"https:\/\/www.residencesacchi.it\/wp-content\/uploads\/2018\/04\/Hotel-Residence-Sacchi-Torino-Centro-Appartamento-7-10-600x370.jpg\" alt=\"Deluxe 7 Residence Torino\" \/>\n\t\t\t\t\t\t\t<\/a>\n\n\t\t\t\t\t\t\t\t\t\t\t<\/div>\n\n\t\t\t\t\t<div class=\"rooms-block-content\">\n\t\t\t\t\t\t<h4><a href=\"https:\/\/www.residencesacchi.it\/fr\/accommodation\/deluxe-7\/\" rel=\"bookmark\" title=\"Deluxe 7\">Deluxe 7<\/a><\/h4>\n\t\t\t\t\t\t<div class=\"title-block-2\"><\/div>\n\t\t\t\t\t\t\n\t\t\t\t\t\t\t\t\t\t\t\t\n\t\t\t\t\t\t<ul class=\"list-style4\"><li><span>Personnes:<\/span> 2 adultes (possibilit\u00e9 d\u2019ajouter sur r\u00eaquete 2 adultes)<\/li>\r\n<li><span>Cat\u00e9gorie:<\/span> deluxe<\/li>\r\n<li>Grand duplex avec vue sur le jardin de bambou<\/li><\/ul><div class=\"clearboth\"><\/div>\t\t\t\t\t\t<a href=\"https:\/\/www.residencesacchi.it\/fr\/accommodation\/deluxe-7\/\" class=\"view-details-button\">En d\u00e8tail <i class=\"fa fa-angle-right\"><\/i><\/a>\n\t\t\t\t\t<\/div>\n\t\t\t\t<!-- END .rooms-block -->\n\t\t\t\t<\/div>\n\t\t\t\t\n\t\t\t\t\t\t\n\t\t\t\t\t\n\t\t\t\t\t\t\n\t\t\t\t<!-- BEGIN .rooms-block -->\n\t\t\t\t<div class=\"rooms-block\">\n\n\t\t\t\t\t<div class=\"rooms-block-image\">\n\t\t\t\t\t\t\n\t\t\t\t\t\t\t<a href=\"https:\/\/www.residencesacchi.it\/fr\/accommodation\/deluxe-09\/\" rel=\"bookmark\" title=\"Deluxe 9\">\n\n\t\t\t\t\t\t\t\t\t\t\t\t\t\t\t\t\t\t\t\t\t\t\t\t\t\n\t\t\t\t\t\t\t\t<img decoding=\"async\" src=\"https:\/\/www.residencesacchi.it\/wp-content\/uploads\/2014\/04\/R1-APP-9-RESIDENCE-SACCHI-HOTEL-TORINO-CENTRO-APPARTAMENTO-DE-LUXE-bis-600x370.jpg\" alt=\"Deluxe 9 Residence Torino\" \/>\n\t\t\t\t\t\t\t<\/a>\n\n\t\t\t\t\t\t\t\t\t\t\t<\/div>\n\n\t\t\t\t\t<div class=\"rooms-block-content\">\n\t\t\t\t\t\t<h4><a href=\"https:\/\/www.residencesacchi.it\/fr\/accommodation\/deluxe-09\/\" rel=\"bookmark\" title=\"Deluxe 9\">Deluxe 9<\/a><\/h4>\n\t\t\t\t\t\t<div class=\"title-block-2\"><\/div>\n\t\t\t\t\t\t\n\t\t\t\t\t\t\t\t\t\t\t\t\n\t\t\t\t\t\t<ul class=\"list-style4\"><li><span>Personnes:<\/span> 2 adultes (possibilit\u00e9 d\u2019ajouter sur r\u00eaquete 1 ou 2 adultes)<\/li>\r\n<li><span>Cat\u00e9gorie:<\/span> Deluxe<\/li>\r\n<li>Appartement de grande dimension sur deux niveaux avec vue sur le jardin de bambou<\/li><\/ul><div class=\"clearboth\"><\/div>\t\t\t\t\t\t<a href=\"https:\/\/www.residencesacchi.it\/fr\/accommodation\/deluxe-09\/\" class=\"view-details-button\">En d\u00e8tail <i class=\"fa fa-angle-right\"><\/i><\/a>\n\t\t\t\t\t<\/div>\n\t\t\t\t<!-- END .rooms-block -->\n\t\t\t\t<\/div>\n\t\t\t\t\n\t\t\t\t\t\t\n\t\t\t\t\t\n\t\t\t\t\t\t\n\t\t\t\t<!-- BEGIN .rooms-block -->\n\t\t\t\t<div class=\"rooms-block\">\n\n\t\t\t\t\t<div class=\"rooms-block-image\">\n\t\t\t\t\t\t\n\t\t\t\t\t\t\t<a href=\"https:\/\/www.residencesacchi.it\/fr\/accommodation\/deluxe-23\/\" rel=\"bookmark\" title=\"Deluxe 23\">\n\n\t\t\t\t\t\t\t\t\t\t\t\t\t\t\t\t\t\t\t\t\t\t\t\t\t\n\t\t\t\t\t\t\t\t<img decoding=\"async\" src=\"https:\/\/www.residencesacchi.it\/wp-content\/uploads\/2020\/08\/1-600x370.jpg\" alt=\"Deluxe 23 Residence Torino\" \/>\n\t\t\t\t\t\t\t<\/a>\n\n\t\t\t\t\t\t\t\t\t\t\t<\/div>\n\n\t\t\t\t\t<div class=\"rooms-block-content\">\n\t\t\t\t\t\t<h4><a href=\"https:\/\/www.residencesacchi.it\/fr\/accommodation\/deluxe-23\/\" rel=\"bookmark\" title=\"Deluxe 23\">Deluxe 23<\/a><\/h4>\n\t\t\t\t\t\t<div class=\"title-block-2\"><\/div>\n\t\t\t\t\t\t\n\t\t\t\t\t\t\t\t\t\t\t\t\n\t\t\t\t\t\t<ul class=\"list-style4\"><li><span>Personnes:<\/span> 2 adultes (possibilit\u00e9 d\u2019ajouter sur r\u00eaquete 1 ou 2 adultes)<\/li>\r\n<li><span>Cat\u00e9gorie:<\/span> deluxe<\/li>\r\n<li>Appartement de luxe au 2\u00e8me \u00e9tage avec balcon et vue sur la colline de Turin<\/li><\/ul><div class=\"clearboth\"><\/div>\t\t\t\t\t\t<a href=\"https:\/\/www.residencesacchi.it\/fr\/accommodation\/deluxe-23\/\" class=\"view-details-button\">En d\u00e8tail <i class=\"fa fa-angle-right\"><\/i><\/a>\n\t\t\t\t\t<\/div>\n\t\t\t\t<!-- END .rooms-block -->\n\t\t\t\t<\/div>\n\t\t\t\t\n\t\t\t\t\t\t\n\t\t\t\t\t\n\t\t\t\t\t\t\n\t\t\t\t<!-- BEGIN .rooms-block -->\n\t\t\t\t<div class=\"rooms-block\">\n\n\t\t\t\t\t<div class=\"rooms-block-image\">\n\t\t\t\t\t\t\n\t\t\t\t\t\t\t<a href=\"https:\/\/www.residencesacchi.it\/fr\/accommodation\/deluxe-42\/\" rel=\"bookmark\" title=\"Deluxe 42\">\n\n\t\t\t\t\t\t\t\t\t\t\t\t\t\t\t\t\t\t\t\t\t\t\t\t\t\n\t\t\t\t\t\t\t\t<img decoding=\"async\" src=\"https:\/\/www.residencesacchi.it\/wp-content\/uploads\/2014\/03\/Hotel-Residence-Sacchi-Torino-Centro-Appartamento-42-8-600x370.jpg\" alt=\"Deluxe 42 Residence Torino\" \/>\n\t\t\t\t\t\t\t<\/a>\n\n\t\t\t\t\t\t\t\t\t\t\t<\/div>\n\n\t\t\t\t\t<div class=\"rooms-block-content\">\n\t\t\t\t\t\t<h4><a href=\"https:\/\/www.residencesacchi.it\/fr\/accommodation\/deluxe-42\/\" rel=\"bookmark\" title=\"Deluxe 42\">Deluxe 42<\/a><\/h4>\n\t\t\t\t\t\t<div class=\"title-block-2\"><\/div>\n\t\t\t\t\t\t\n\t\t\t\t\t\t\t\t\t\t\t\t\n\t\t\t\t\t\t<ul class=\"list-style4\"><li><span>Personnes:<\/span> 2 adultes (possibilit\u00e9 d\u2019ajouter sur r\u00eaquete 1 ou 2 adultes))<\/li>\r\n<li><span>Cat\u00e9gorie:<\/span>Deluxe<\/li>\r\n<li>Open space lumineux et \u00e9l\u00e9gant<\/li><\/ul><div class=\"clearboth\"><\/div>\t\t\t\t\t\t<a href=\"https:\/\/www.residencesacchi.it\/fr\/accommodation\/deluxe-42\/\" class=\"view-details-button\">En d\u00e8tail <i class=\"fa fa-angle-right\"><\/i><\/a>\n\t\t\t\t\t<\/div>\n\t\t\t\t<!-- END .rooms-block -->\n\t\t\t\t<\/div>\n\t\t\t\t\n\t\t\t\t\t\t\n\t\t\t\t\t\n\t\t\t\t\t\t\n\t\t\t\t<!-- BEGIN .rooms-block -->\n\t\t\t\t<div class=\"rooms-block\">\n\n\t\t\t\t\t<div class=\"rooms-block-image\">\n\t\t\t\t\t\t\n\t\t\t\t\t\t\t<a href=\"https:\/\/www.residencesacchi.it\/fr\/accommodation\/deluxe-44\/\" rel=\"bookmark\" title=\"Deluxe 44\">\n\n\t\t\t\t\t\t\t\t\t\t\t\t\t\t\t\t\t\t\t\t\t\t\t\t\t\n\t\t\t\t\t\t\t\t<img decoding=\"async\" src=\"https:\/\/www.residencesacchi.it\/wp-content\/uploads\/2024\/05\/Hotel-Residence-Sacchi-Torino-Centro-Appartamento-44-01-600x370.jpg\" alt=\"Deluxe 44 Residence Torino\" \/>\n\t\t\t\t\t\t\t<\/a>\n\n\t\t\t\t\t\t\t\t\t\t\t<\/div>\n\n\t\t\t\t\t<div class=\"rooms-block-content\">\n\t\t\t\t\t\t<h4><a href=\"https:\/\/www.residencesacchi.it\/fr\/accommodation\/deluxe-44\/\" rel=\"bookmark\" title=\"Deluxe 44\">Deluxe 44<\/a><\/h4>\n\t\t\t\t\t\t<div class=\"title-block-2\"><\/div>\n\t\t\t\t\t\t\n\t\t\t\t\t\t\t\t\t\t\t\t\n\t\t\t\t\t\t<ul class=\"list-style4\"><li><span>Personnes:<\/span> 2 adultes (possibilit\u00e9 d\u2019ajouter sur r\u00eaquete 1 ou 2 adultes)<\/li>\r\n<li><span>Cat\u00e9gorie:<\/span> Deluxe<\/li>\r\n<li>L\u2019appartement avec vue sur la colline et le jardin de bambou<\/li><\/ul><div class=\"clearboth\"><\/div>\t\t\t\t\t\t<a href=\"https:\/\/www.residencesacchi.it\/fr\/accommodation\/deluxe-44\/\" class=\"view-details-button\">En d\u00e8tail <i class=\"fa fa-angle-right\"><\/i><\/a>\n\t\t\t\t\t<\/div>\n\t\t\t\t<!-- END .rooms-block -->\n\t\t\t\t<\/div>\n\t\t\t\t\n\t\t\t\t\t\t\n\t\t\t\t\t\n\t\t\t\t\t\t\n\t\t\t\t<!-- BEGIN .rooms-block -->\n\t\t\t\t<div class=\"rooms-block\">\n\n\t\t\t\t\t<div class=\"rooms-block-image\">\n\t\t\t\t\t\t\n\t\t\t\t\t\t\t<a href=\"https:\/\/www.residencesacchi.it\/fr\/accommodation\/deluxe-11\/\" rel=\"bookmark\" title=\"Deluxe 11\">\n\n\t\t\t\t\t\t\t\t\t\t\t\t\t\t\t\t\t\t\t\t\t\t\t\t\t\n\t\t\t\t\t\t\t\t<img decoding=\"async\" src=\"https:\/\/www.residencesacchi.it\/wp-content\/uploads\/2022\/09\/IMG-20220920-WA0006-600x370.jpg\" alt=\"Deluxe 11 Residence Torino\" \/>\n\t\t\t\t\t\t\t<\/a>\n\n\t\t\t\t\t\t\t\t\t\t\t<\/div>\n\n\t\t\t\t\t<div class=\"rooms-block-content\">\n\t\t\t\t\t\t<h4><a href=\"https:\/\/www.residencesacchi.it\/fr\/accommodation\/deluxe-11\/\" rel=\"bookmark\" title=\"Deluxe 11\">Deluxe 11<\/a><\/h4>\n\t\t\t\t\t\t<div class=\"title-block-2\"><\/div>\n\t\t\t\t\t\t\n\t\t\t\t\t\t\t\t\t\t\t\t\n\t\t\t\t\t\t<ul class=\"list-style4\"><li><span>Personnes:<\/span> 2 adultes (possibilit\u00e9 d\u2019ajouter sur requ\u00eate 1 ou 2 adultes)<\/li>\r\n<li><span>Cat\u00e9gorie:<\/span>Deluxe<\/li>\r\n<li>Appartement avec grandes fen\u00eatres et vue sur le jardin de bambous<\/li><\/ul><div class=\"clearboth\"><\/div>\t\t\t\t\t\t<a href=\"https:\/\/www.residencesacchi.it\/fr\/accommodation\/deluxe-11\/\" class=\"view-details-button\">En d\u00e8tail <i class=\"fa fa-angle-right\"><\/i><\/a>\n\t\t\t\t\t<\/div>\n\t\t\t\t<!-- END .rooms-block -->\n\t\t\t\t<\/div>\n\t\t\t\t\n\t\t\t\t\t\t\n\t\t\t\t\n\t\t<!-- BEGIN .rooms-block-wrapper -->\n\t\t<\/div>\n\t\t\n\t\t\t\t\n\t\t\t\t\n\t\t\t\t\n\t\t[\/vc_column][\/vc_row]<\/p>\n<\/div>","protected":false},"excerpt":{"rendered":"<p>[vc_row][vc_column][\/vc_column][\/vc_row][vc_row][vc_column][vc_column_text] Id\u00e9ales pour ceux qui voyagent en famille ou en groupe, pour se sentir comme chez soi apr\u00e8s une journ\u00e9e de visite de la ville. D\u00e9velopp\u00e9s sur un seul \u00e9tage avec chambre \u00e0 coucher s\u00e9par\u00e9e, ou sur deux niveaux avec salon \u00e0 double hauteur et chambre sur la mezzanine. Chacun est unique en son genre,<\/p>\n","protected":false},"author":1,"featured_media":0,"parent":4637,"menu_order":0,"comment_status":"closed","ping_status":"closed","template":"","meta":{"footnotes":""},"categories":[],"tags":[],"class_list":["post-6900","page","type-page","status-publish","hentry"],"yoast_head":"<!-- This site is optimized with the Yoast SEO plugin v23.8 - https:\/\/yoast.com\/wordpress\/plugins\/seo\/ -->\n<title>Hotel Turin Centre - Turin s\u00e9jours de luxe \u00e0 la R\u00e9sidence Sacchi<\/title>\n<meta name=\"description\" content=\"Hotel Turin Centre, choisissez la R\u00e9sidence Sacchi pour votre s\u00e9jour \u00e0 Turin : une vari\u00e9t\u00e9 d&#039;appartements au design unique et raffin\u00e9, adapt\u00e9s pour de courtes ou longues p\u00e9riodes, proches des services du centre-ville et de ses locaux\" \/>\n<meta name=\"robots\" content=\"index, follow, max-snippet:-1, max-image-preview:large, max-video-preview:-1\" \/>\n<link rel=\"canonical\" href=\"https:\/\/www.residencesacchi.it\/fr\/appartements-turin\/deluxe\/\" \/>\n<meta property=\"og:locale\" content=\"fr_FR\" \/>\n<meta property=\"og:type\" content=\"article\" \/>\n<meta property=\"og:title\" content=\"Hotel Turin Centre - Turin s\u00e9jours de luxe \u00e0 la R\u00e9sidence Sacchi\" \/>\n<meta property=\"og:description\" content=\"Hotel Turin Centre, choisissez la R\u00e9sidence Sacchi pour votre s\u00e9jour \u00e0 Turin : une vari\u00e9t\u00e9 d&#039;appartements au design unique et raffin\u00e9, adapt\u00e9s pour de courtes ou longues p\u00e9riodes, proches des services du centre-ville et de ses locaux\" \/>\n<meta property=\"og:url\" content=\"https:\/\/www.residencesacchi.it\/fr\/appartements-turin\/deluxe\/\" \/>\n<meta property=\"og:site_name\" content=\"Residence Sacchi Aparthotel in the center of Turin\" \/>\n<meta property=\"article:modified_time\" content=\"2021-12-07T09:32:47+00:00\" \/>\n<meta name=\"twitter:card\" content=\"summary_large_image\" \/>\n<meta name=\"twitter:label1\" content=\"Dur\u00e9e de lecture estim\u00e9e\" \/>\n\t<meta name=\"twitter:data1\" content=\"1 minute\" \/>\n<script type=\"application\/ld+json\" class=\"yoast-schema-graph\">{\"@context\":\"https:\/\/schema.org\",\"@graph\":[{\"@type\":\"WebPage\",\"@id\":\"https:\/\/www.residencesacchi.it\/fr\/appartements-turin\/deluxe\/\",\"url\":\"https:\/\/www.residencesacchi.it\/fr\/appartements-turin\/deluxe\/\",\"name\":\"Hotel Turin Centre - Turin s\u00e9jours de luxe \u00e0 la R\u00e9sidence Sacchi\",\"isPartOf\":{\"@id\":\"https:\/\/www.residencesacchi.it\/#website\"},\"datePublished\":\"2017-12-05T17:06:16+00:00\",\"dateModified\":\"2021-12-07T09:32:47+00:00\",\"description\":\"Hotel Turin Centre, choisissez la R\u00e9sidence Sacchi pour votre s\u00e9jour \u00e0 Turin : une vari\u00e9t\u00e9 d'appartements au design unique et raffin\u00e9, adapt\u00e9s pour de courtes ou longues p\u00e9riodes, proches des services du centre-ville et de ses locaux\",\"breadcrumb\":{\"@id\":\"https:\/\/www.residencesacchi.it\/fr\/appartements-turin\/deluxe\/#breadcrumb\"},\"inLanguage\":\"fr-FR\",\"potentialAction\":[{\"@type\":\"ReadAction\",\"target\":[\"https:\/\/www.residencesacchi.it\/fr\/appartements-turin\/deluxe\/\"]}]},{\"@type\":\"BreadcrumbList\",\"@id\":\"https:\/\/www.residencesacchi.it\/fr\/appartements-turin\/deluxe\/#breadcrumb\",\"itemListElement\":[{\"@type\":\"ListItem\",\"position\":1,\"name\":\"Home\",\"item\":\"https:\/\/www.residencesacchi.it\/fr\/\"},{\"@type\":\"ListItem\",\"position\":2,\"name\":\"Appartements\",\"item\":\"https:\/\/www.residencesacchi.it\/fr\/appartements-turin\/\"},{\"@type\":\"ListItem\",\"position\":3,\"name\":\"Deluxe\"}]},{\"@type\":\"WebSite\",\"@id\":\"https:\/\/www.residencesacchi.it\/#website\",\"url\":\"https:\/\/www.residencesacchi.it\/\",\"name\":\"Residence Sacchi Aparthotel in the center of Turin\",\"description\":\"The RESIDENCE SACCHI, located in the center of Turin, near the railway and subway station Porta Nuova, is able to satisfy the different requests\",\"potentialAction\":[{\"@type\":\"SearchAction\",\"target\":{\"@type\":\"EntryPoint\",\"urlTemplate\":\"https:\/\/www.residencesacchi.it\/?s={search_term_string}\"},\"query-input\":{\"@type\":\"PropertyValueSpecification\",\"valueRequired\":true,\"valueName\":\"search_term_string\"}}],\"inLanguage\":\"fr-FR\"}]}<\/script>\n<!-- \/ Yoast SEO plugin. -->","yoast_head_json":{"title":"Hotel Turin Centre - Turin s\u00e9jours de luxe \u00e0 la R\u00e9sidence Sacchi","description":"Hotel Turin Centre, choisissez la R\u00e9sidence Sacchi pour votre s\u00e9jour \u00e0 Turin : une vari\u00e9t\u00e9 d'appartements au design unique et raffin\u00e9, adapt\u00e9s pour de courtes ou longues p\u00e9riodes, proches des services du centre-ville et de ses locaux","robots":{"index":"index","follow":"follow","max-snippet":"max-snippet:-1","max-image-preview":"max-image-preview:large","max-video-preview":"max-video-preview:-1"},"canonical":"https:\/\/www.residencesacchi.it\/fr\/appartements-turin\/deluxe\/","og_locale":"fr_FR","og_type":"article","og_title":"Hotel Turin Centre - Turin s\u00e9jours de luxe \u00e0 la R\u00e9sidence Sacchi","og_description":"Hotel Turin Centre, choisissez la R\u00e9sidence Sacchi pour votre s\u00e9jour \u00e0 Turin : une vari\u00e9t\u00e9 d'appartements au design unique et raffin\u00e9, adapt\u00e9s pour de courtes ou longues p\u00e9riodes, proches des services du centre-ville et de ses locaux","og_url":"https:\/\/www.residencesacchi.it\/fr\/appartements-turin\/deluxe\/","og_site_name":"Residence Sacchi Aparthotel in the center of Turin","article_modified_time":"2021-12-07T09:32:47+00:00","twitter_card":"summary_large_image","twitter_misc":{"Dur\u00e9e de lecture estim\u00e9e":"1 minute"},"schema":{"@context":"https:\/\/schema.org","@graph":[{"@type":"WebPage","@id":"https:\/\/www.residencesacchi.it\/fr\/appartements-turin\/deluxe\/","url":"https:\/\/www.residencesacchi.it\/fr\/appartements-turin\/deluxe\/","name":"Hotel Turin Centre - Turin s\u00e9jours de luxe \u00e0 la R\u00e9sidence Sacchi","isPartOf":{"@id":"https:\/\/www.residencesacchi.it\/#website"},"datePublished":"2017-12-05T17:06:16+00:00","dateModified":"2021-12-07T09:32:47+00:00","description":"Hotel Turin Centre, choisissez la R\u00e9sidence Sacchi pour votre s\u00e9jour \u00e0 Turin : une vari\u00e9t\u00e9 d'appartements au design unique et raffin\u00e9, adapt\u00e9s pour de courtes ou longues p\u00e9riodes, proches des services du centre-ville et de ses locaux","breadcrumb":{"@id":"https:\/\/www.residencesacchi.it\/fr\/appartements-turin\/deluxe\/#breadcrumb"},"inLanguage":"fr-FR","potentialAction":[{"@type":"ReadAction","target":["https:\/\/www.residencesacchi.it\/fr\/appartements-turin\/deluxe\/"]}]},{"@type":"BreadcrumbList","@id":"https:\/\/www.residencesacchi.it\/fr\/appartements-turin\/deluxe\/#breadcrumb","itemListElement":[{"@type":"ListItem","position":1,"name":"Home","item":"https:\/\/www.residencesacchi.it\/fr\/"},{"@type":"ListItem","position":2,"name":"Appartements","item":"https:\/\/www.residencesacchi.it\/fr\/appartements-turin\/"},{"@type":"ListItem","position":3,"name":"Deluxe"}]},{"@type":"WebSite","@id":"https:\/\/www.residencesacchi.it\/#website","url":"https:\/\/www.residencesacchi.it\/","name":"Residence Sacchi Aparthotel in the center of Turin","description":"The RESIDENCE SACCHI, located in the center of Turin, near the railway and subway station Porta Nuova, is able to satisfy the different requests","potentialAction":[{"@type":"SearchAction","target":{"@type":"EntryPoint","urlTemplate":"https:\/\/www.residencesacchi.it\/?s={search_term_string}"},"query-input":{"@type":"PropertyValueSpecification","valueRequired":true,"valueName":"search_term_string"}}],"inLanguage":"fr-FR"}]}},"_links":{"self":[{"href":"https:\/\/www.residencesacchi.it\/fr\/wp-json\/wp\/v2\/pages\/6900"}],"collection":[{"href":"https:\/\/www.residencesacchi.it\/fr\/wp-json\/wp\/v2\/pages"}],"about":[{"href":"https:\/\/www.residencesacchi.it\/fr\/wp-json\/wp\/v2\/types\/page"}],"author":[{"embeddable":true,"href":"https:\/\/www.residencesacchi.it\/fr\/wp-json\/wp\/v2\/users\/1"}],"replies":[{"embeddable":true,"href":"https:\/\/www.residencesacchi.it\/fr\/wp-json\/wp\/v2\/comments?post=6900"}],"version-history":[{"count":0,"href":"https:\/\/www.residencesacchi.it\/fr\/wp-json\/wp\/v2\/pages\/6900\/revisions"}],"up":[{"embeddable":true,"href":"https:\/\/www.residencesacchi.it\/fr\/wp-json\/wp\/v2\/pages\/4637"}],"wp:attachment":[{"href":"https:\/\/www.residencesacchi.it\/fr\/wp-json\/wp\/v2\/media?parent=6900"}],"wp:term":[{"taxonomy":"category","embeddable":true,"href":"https:\/\/www.residencesacchi.it\/fr\/wp-json\/wp\/v2\/categories?post=6900"},{"taxonomy":"post_tag","embeddable":true,"href":"https:\/\/www.residencesacchi.it\/fr\/wp-json\/wp\/v2\/tags?post=6900"}],"curies":[{"name":"wp","href":"https:\/\/api.w.org\/{rel}","templated":true}]}}