{"id":7059,"date":"2021-09-06T17:36:59","date_gmt":"2021-09-06T16:36:59","guid":{"rendered":"https:\/\/www.residencesacchi.it\/?page_id=7059"},"modified":"2021-09-07T13:59:17","modified_gmt":"2021-09-07T12:59:17","slug":"tarifs-preferentiels-reserves-aux-entreprises","status":"publish","type":"page","link":"https:\/\/www.residencesacchi.it\/fr\/tarifs-preferentiels-reserves-aux-entreprises\/","title":{"rendered":"Tarifs pr\u00e9f\u00e9rentiels r\u00e9serv\u00e9s aux entreprises"},"content":{"rendered":"<div class=\"wpb-content-wrapper\"><p>[vc_row][vc_column][vc_column_text]<\/p>\n<h2 style=\"text-align: left;\">Tarifs pr\u00e9f\u00e9rentiels r\u00e9serv\u00e9s aux entreprises<\/h2>\n<p>Dans le domain des s\u00e9jours d\u2019affaires, nous offrons des accords h\u00f4teliers dans la R\u00e9sidence pour des s\u00e9jours de longue dur\u00e9e et voyages \u00e0 Turin.<br \/>\nR\u00e9sidence Sacchi veut devenir le point de r\u00e9f\u00e9rence pour les professionnels en d\u00e9placement et qui doivent s\u00e9jouner dans notre ville.[\/vc_column_text][vc_column_text]<\/p>\n<h3 style=\"text-align: left;\">Votre entreprise \u00e0 d\u00e9j\u00e0 une convention avec la R\u00e9sidence Sacchi?<\/h3>\n<p>Utilisez le <strong>code-promo<\/strong> de l\u2019entreprise dans votre r\u00e9servation, les conditions \u00e0 vous r\u00e9serv\u00e9 vous seront appliqu\u00e9es![\/vc_column_text][\/vc_column][\/vc_row][vc_row][vc_column]\n\n<script>\nfunction apripopupita(){\nwindow.open('https:\/\/reservations.verticalbooking.com\/reservations\/cancel_modify.html?lingua_int=ita&id_albergo=13884&dc=4523&id_stile=10659','1426494439650','width=800,height=600,toolbar=0,menubar=0,location=1,status=1,scrollbars=1,resizable=1,left=0,top=0')\n}\nfunction apripopupeng(){\nwindow.open('https:\/\/reservations.verticalbooking.com\/reservations\/cancel_modify.html?lingua_int=eng&id_albergo=13884&dc=4523&id_stile=10659','1426494439650','width=800,height=600,toolbar=0,menubar=0,location=1,status=1,scrollbars=1,resizable=1,left=0,top=0')\n}\n<\/script>\n\n\n<div class=\"wide-booking-form azienda clearfix\">\n<script type=\"text\/javascript\" src=\"https:\/\/www.residencesacchi.it\/js\/jquery-ui.js\"><\/script>\n<script type=\"text\/javascript\" src=\"https:\/\/www.residencesacchi.it\/js\/ui.datepicker-en.js\"><\/script>\n<script src=\"https:\/\/reservations.verticalbooking.com\/js\/gps-localization-extern.js\" type=\"text\/javascript\" charset=\"utf-8\"><\/script>\n<form class=\"booking-form\"  action=\"https:\/\/reservations.verticalbooking.com\/premium\/index2.html\" method=\"post\" name=\"myform\" id=\"myform\" target=\"_blank\" onsubmit=\"invia_form();\" >\n    <input name=\"gg\" id=\"gg\" value=\"\" type=\"hidden\">\n    <input name=\"mm\" id=\"mm\" value=\"\" type=\"hidden\">\n    <input name=\"aa\" id=\"aa\" value=\"\" type=\"hidden\">\n    <input name=\"ggf\" id=\"ggf\" value=\"\" type=\"hidden\">\n    <input name=\"mmf\" id=\"mmf\" value=\"\" type=\"hidden\">\n    <input name=\"aaf\" id=\"aaf\" value=\"\" type=\"hidden\">\n\n    <!-- PARAMETERS TO CUSTOMIZE -->\n    <input name=\"id_albergo\" value=\"13884\" type=\"hidden\">\n    <input name=\"lingua_int\" value=\"eng\" type=\"hidden\">\n    <input name=\"dc\" value=\"4523\" type=\"hidden\">\n    <input name=\"id_stile\" value=\"10659\" type=\"hidden\">\n\n    <!-- END PARAMETERS TO CUSTOMIZE -->\n    <input name=\"countryCode\" class=\"country_code\" value=\"\" type=\"hidden\"\/>\n    <input name=\"gps_latitude\" class=\"gps_latitude\" value=\"\"  type=\"hidden\"\/>\n    <input name=\"gps_longitude\" class=\"gps_longitude\" value=\"\" type=\"hidden\"\/>\n    <input name=\"headvar\" value=\"ok\" type=\"hidden\">\n\n\t\n\t\n<div class=\"booking-form-input-1\">\n    <div id=\"arrival_date\" class=\"blocco\">\n        <div class=\"label nopaddingtop\">Arriv\u00e9e<\/div>\n         <div class=\"select-wrapper\" style=\"float: none\">\n          <i class=\"fa fa-angle-down\"><\/i>\n            <input id=\"from\" type=\"text\" value=\"Arrival date\" >\n        <\/div>\n    <\/div>\n   <\/div>\n<div class=\"booking-form-input-2\">  \n    <div id=\"departure_date\" class=\"blocco\">\n        <div class=\"label nopaddingtop\">D\u00e9part<\/div>\n         <div class=\"select-wrapper\" style=\"float: none\">\n          <i class=\"fa fa-angle-down\"><\/i>\n            <input id=\"to\" type=\"text\" value=\"Departure date\" >\n        <\/div>\n    <\/div>\n     <\/div>\n\t<br class=\"acapo\" \/>\n<div class=\"booking-form-input-3\" style=\"width:80px\">    \n    <div id=\"rooms\" class=\"blocco\">\n        <div class=\"label nopaddingtop\"  style=\"float: none\">Chambre<\/div>\n\n        <div class=\"select-wrapper\" style=\"float: none\">\n          <i class=\"fa fa-angle-down\"><\/i>\n            <select class=\"select\" name=\"tot_camere\">\n                <option value=\"1\" selected>1<\/option>\n                <option value=\"2\">2<\/option>\n                <option value=\"3\">3<\/option>\n                <option value=\"4\">4<\/option>\n                <option value=\"5\">5<\/option>\n                <option value=\"6\">6<\/option>\n                <option value=\"7\">7<\/option>\n                <option value=\"8\">8<\/option>\n                <option value=\"9\">9<\/option>\n                <option value=\"10\">10<\/option>\n            <\/select>\n        <\/div>\n    <\/div>\n      <\/div>\n  <div class=\"booking-form-input-3\" style=\"width:80px\"> \n    <div id=\"adults\" class=\"blocco\">\n        <div class=\"label nopaddingtop\"  style=\"float: none\">Adulte<\/div>\n         <div class=\"select-wrapper\" style=\"float: none\">\n          <i class=\"fa fa-angle-down\"><\/i>\n            <select class=\"select\" name=\"tot_adulti\">\n                <option value=\"1\">1<\/option>\n                <option value=\"2\" selected=\"selected\">2<\/option>\n                <option value=\"3\">3<\/option>\n                <option value=\"4\">4<\/option>\n                <option value=\"5\">5<\/option>\n                <option value=\"6\">6<\/option>\n                <option value=\"7\">7<\/option>\n                <option value=\"8\">8<\/option>\n                <option value=\"9\">9<\/option>\n                <option value=\"10\">10<\/option>\n            <\/select>\n        <\/div>\n    <\/div>\n        <\/div>\n\t\n    <div class=\"booking-form-input-4\"  style=\"width:80px\">  \n    <div id=\"children\" class=\"blocco\">\n        <div class=\"label nopaddingtop\" style=\"float: none\">Enfant<\/div>\n         <div class=\"select-wrapper\" style=\"float: none\">\n          <i class=\"fa fa-angle-down\"><\/i>\n            <select class=\"select\" name=\"tot_bambini\" >\n                <option value=\"0\" selected >0<\/option>\n                <option value=\"1\">1<\/option>\n                <option value=\"2\">2<\/option>\n                <option value=\"3\">3<\/option>\n                <option value=\"4\">4<\/option>\n                <option value=\"5\">5<\/option>\n                <option value=\"6\">6<\/option>\n                <option value=\"7\">7<\/option>\n                <option value=\"8\">8<\/option>\n                <option value=\"9\">9<\/option>\n                <option value=\"10\">10<\/option>\n                <option value=\"11\">11<\/option>\n                <option value=\"12\">12<\/option>\n                <option value=\"13\">13<\/option>\n                <option value=\"14\">14<\/option>\n                <option value=\"15\">15<\/option>\n                <option value=\"16\">16<\/option>\n                <option value=\"17\">17<\/option>\n                <option value=\"18\">18<\/option>\n                <option value=\"19\">19<\/option>\n                <option value=\"20\">20<\/option>\n                <option value=\"21\">21<\/option>\n                <option value=\"22\">22<\/option>\n                <option value=\"23\">23<\/option>\n                <option value=\"24\">24<\/option>\n                <option value=\"25\">25<\/option>\n                <option value=\"26\">26<\/option>\n                <option value=\"27\">27<\/option>\n                <option value=\"28\">28<\/option>\n                <option value=\"29\">29<\/option>\n                <option value=\"30\">30<\/option>\n            <\/select>\n        <\/div>\n      <\/div>\n    <\/div>\n\n\t   \t    <div class=\"codicecli booking-form-input-4\">\n\t\t\t <div id=\"box_customer_code\" class=\"blocco\">\n        <div class=\"label nopaddingtop\"  style=\"float: none\">Code promo<\/div>\n         <div class=\"select-wrapper\" style=\"float: none\">\n            <input type=\"text\" name=\"generic_codice\" size=\"20\">\n        <\/div> <\/div>\n    <\/div>\n\n  <!--  <div id=\"box_special_code\">\n        <div class=\"label\">Special code<\/div>\n        <div class=\"box_select\">\n            <input size=\"20\" name=\"sconto\" value=\"\" type=\"password\">\n        <\/div>\n    <\/div> -->\n\t\t<br class=\"acapo1115\" \/>\n      \n      <div class=\"booking-form-input-3 verifica nopaddingtop\"> \n    <div id=\"search\" class=\"blocco verifica\">\n        <input onClick=\"gtag('event', 'click', {'event_category': 'clic-su-visualizzadispo', 'event_label': 'cliccato-su-visualizzadispoFORMAZIENDE', 'value': '1'});\" class=\"verifica-dispo\" id=\"button\"  type=\"submit\" value=\"V\u00e9rifie la disponibilit\u00e9\"\/>\n\n    <\/div>\n            <\/div>\n \n      <div id=\"cancella\" class=\"cancella\">\n\t\t\t\t <a href=\"#\" onclick=\"apripopupeng()\">\n\t\t\t\t Avez-vous chang\u00e9 d\u2019avis? <br class=\"acapo\" \/> Modifier ou annuler votre r\u00e9servation <i class=\"fa fa-pencil\" aria-hidden=\"true\"><\/i>\n<\/a><\/div>\n\n\n<\/form>\n<script type=\"text\/javascript\">\n\t$=jQuery;\n    $(document).ready(function () {\n\n\/\/ aggiornamento calendari\n        $(\"#from\").datepicker({\n            defaultDate: \"+1w\",\n            numberOfMonths: 1,\n            onSelect: function (selectedDate) {\n                var giorno_dopo = movePickerDate(selectedDate, 1);\n                $(\"#to\").datepicker(\"option\", \"minDate\", giorno_dopo);\n                aggiustaInizio();\n                aggiustaFine();\n            }\n        });\n\n        $(\"#to\").datepicker({\n            defaultDate: \"+1w\",\n            numberOfMonths: 1,\n            onSelect: function (selectedDate) {\n                aggiustaInizio();\n                aggiustaFine();\n            }\n        });\n\n        var now = new Date();\n        var today = now.getDate() + '\/' + (now.getMonth() + 1) + '\/' + now.getFullYear();\n        $('#from').val(today);\n        $('#from').datepicker(\"option\", \"minDate\", today);\n        $('#from').datepicker(\"option\", \"dateFormat\", 'dd\/mm\/yy');\n\n        var tomorrow = movePickerDate(today, 1);\n        $('#to').val(tomorrow);\n        $('#to').datepicker(\"option\", \"dateFormat\", 'dd\/mm\/yy');\n\n\n\/\/date inizio e fine\n        aggiustaFine();\n        aggiustaInizio();\n    });\n\n\n\n    function aggiustaInizio()\n    {\n        var datai = $(\"#from\").val();\n\n        datai = datai.split('\/');\n\n        $('#gg').val(datai[0]);\n        $('#mm').val(datai[1]);\n        $('#aa').val(datai[2]);\n    }\n\n    function aggiustaFine() {\n        var dataf = $(\"#to\").val();\n\n        dataf = dataf.split('\/');\n\n        $('#ggf').val(dataf[0]);\n        $('#mmf').val(dataf[1]);\n        $('#aaf').val(dataf[2]);\n    }\n\n    function movePickerDate(selectedDate, amount) {\n        var a = selectedDate.split(\"\/\");\n        var data = new Date(parseInt(a[2], 10), (parseInt(a[1], 10) - 1), parseInt(a[0], 10), 12, 0, 0);\n        var giorno_data = AddDays(data, amount);\n\n        return giorno_data.getDate() + '\/' + (giorno_data.getMonth() + 1) + '\/' + giorno_data.getFullYear();\n    }\n\n\n\n    function AddDays(date, amount)\n    {\n        var tzOff = date.getTimezoneOffset() * 60 * 1000;\n\n        var t = date.getTime();\n        t += (1000 * 60 * 60 * 24) * amount;\n        var d = new Date();\n        d.setTime(t);\n        var tzOff2 = d.getTimezoneOffset() * 60 * 1000;\n\n        if (tzOff !== tzOff2)\n        {\n            var diff = tzOff2 - tzOff;\n            t += diff;\n            d.setTime(t);\n        }\n\n        return d;\n    }\n<\/script>\n<\/div>\n\t[vc_column_text]<img loading=\"lazy\" decoding=\"async\" width=\"1000\" height=\"282\" class=\"aligncenter size-full wp-image-2420\" style=\"width: 100%;\" title=\"residence-soggiorni-di-lavoro\" src=\"https:\/\/www.residencesacchi.it\/wp-content\/uploads\/2016\/03\/residence-soggiorni-di-lavoro.jpg\" alt=\"residence-soggiorni-di-lavoro\" srcset=\"https:\/\/www.residencesacchi.it\/wp-content\/uploads\/2016\/03\/residence-soggiorni-di-lavoro.jpg 1000w, https:\/\/www.residencesacchi.it\/wp-content\/uploads\/2016\/03\/residence-soggiorni-di-lavoro-300x85.jpg 300w, https:\/\/www.residencesacchi.it\/wp-content\/uploads\/2016\/03\/residence-soggiorni-di-lavoro-100x28.jpg 100w\" sizes=\"(max-width: 1000px) 100vw, 1000px\" \/><\/p>\n<h2 style=\"text-align: left;\">Les avantages d\u2019avoir une convention avec la R\u00e9sidence Sacchi<\/h2>\n<p>Nos appartements sont la solution parfaite pour les voyages et les s\u00e9jours d\u2019affaires, les r\u00e9unions, les congr\u00e8s et les \u00e9v\u00e9nements: ils sont en fait \u00e9quip\u00e9s d\u2019un bureau personnel, qui est un espace d\u2019appartement d\u00e9di\u00e9, t\u00e9l\u00e9phone, messagerie vocale et 100 Mbps connexion Internet (par c\u00e2ble Ethernet ou Wi-Fi gratuit).<\/p>\n<p><a href=\"https:\/\/www.residencesacchi.it\/fr\/contacts\/\">Veuillez nous contacter pour d\u00e9couvrir tous les avantages et les d\u00e9tails d\u2019une convention adapt\u00e9e \u00e0 vos besoins.<\/a><\/p>\n<p>Avec la convention vous pouvez b\u00e9n\u00e9ficier d\u2019un contact direct h24 pour vos reservations, notre personnel de r\u00e9f\u00e9rence saura vous conseiller pour trouver la solution d\u2019appartement la plus indiqu\u00e9e par rapport \u00e0 vos r\u00eaquetes:<\/p>\n<div class=\"testoevidenza\"><strong>T\u00e9l\u00e9phone: +39 1156381<\/strong><br \/>\n<strong><i class=\"fas fa-envelope\"><\/i> Email: <a href=\"mailto:info@residencesacchi.it\" target=\"_blank\" rel=\"noopener noreferrer\">info@residencesacchi.it<\/a><\/strong><\/div>\n<p>&nbsp;<\/p>\n<p>Les r<strong>\u00e9servations de nos appartements<\/strong> pour les entreprises, peuvent profiter de la facilit\u00e8 et de la s\u00e9curit\u00e9 de r\u00e9server en ligne h24, en vous permettant de b\u00e9n\u00e9ficier des meilleurs tarifs et r\u00e9ductions.<br \/>\n<a href=\"https:\/\/www.residencesacchi.it\/fr\/contacts\/\">Contactez notre r\u00e9f\u00e9rent pour avoir des informations plus d\u00e9taill\u00e9es.<\/a><\/p>\n<p>Les s\u00e9jours prolong\u00e9s des employ\u00e9s de l\u2019entreprise et des professionnels d\u2019affaires en deplacement \u00e0 Turin, gr\u00e2ce \u00e0 la convention avec la R\u00e9sidence, b\u00e9n\u00e9ficient de nombreux avantages, y compris:<\/p>\n<ul class=\"ulevidenza\">\n<li><strong>Tarif unique pr\u00e9f\u00e9rentiels<\/strong> qui ne change pas selon la p\u00e9riode, l\u2019occasion d\u2019\u00e9v\u00e9nements ou des foires dans la ville.<\/li>\n<li><strong>Appartements s\u00e9lectionn\u00e9s<\/strong> avec espace de bureau personnel<\/li>\n<li><strong>Acc\u00e8s illimit\u00e9 au r\u00e9seau Internet<\/strong> soit par c\u00e2ble Ethernet soit par Wi-Fi totalement gratuity<\/li>\n<li><strong>Taris pr\u00e9f\u00e9rentiels personnalis\u00e9s<\/strong> en fonction de vos besoins<\/li>\n<li><strong>Possibilit\u00e9 de profiter de r\u00e9ductions personnalis\u00e9es<\/strong> en utilisant la convention de votre entreprise.<\/li>\n<\/ul>\n<p>Nous sommes \u00e0 votre disposition pour vous offrir le meilleur s\u00e9jour \u00e0 bon prix:<\/p>\n<div class=\"testoevidenza\"><strong>T\u00e9l\u00e9phone: +39 1156381<\/strong><br \/>\n<strong><i class=\"fas fa-envelope\"><\/i> Email: <a href=\"mailto:info@residencesacchi.it\" target=\"_blank\" rel=\"noopener noreferrer\">info@residencesacchi.it<\/a><\/strong><\/div>\n<p><span class=\"evidenzasmall\"><a class=\"btn\" title=\"convenzione aziendale\" href=\"https:\/\/www.residencesacchi.it\/fr\/contacts\/\">Veuillez nous contacter pour les tarifs pr\u00e9f\u00e9rentiels r\u00e9serv\u00e9s aux entreprise<\/a><\/span>[\/vc_column_text][\/vc_column][\/vc_row]<\/p>\n<\/div>","protected":false},"excerpt":{"rendered":"<p>[vc_row][vc_column][vc_column_text] Tarifs pr\u00e9f\u00e9rentiels r\u00e9serv\u00e9s aux entreprises Dans le domain des s\u00e9jours d\u2019affaires, nous offrons des accords h\u00f4teliers dans la R\u00e9sidence pour des s\u00e9jours de longue dur\u00e9e et voyages \u00e0 Turin. R\u00e9sidence Sacchi veut devenir le point de r\u00e9f\u00e9rence pour les professionnels en d\u00e9placement et qui doivent s\u00e9jouner dans notre ville.[\/vc_column_text][vc_column_text] Votre entreprise \u00e0 d\u00e9j\u00e0 une<\/p>\n","protected":false},"author":1,"featured_media":0,"parent":0,"menu_order":0,"comment_status":"closed","ping_status":"closed","template":"","meta":{"footnotes":""},"categories":[],"tags":[],"class_list":["post-7059","page","type-page","status-publish","hentry"],"yoast_head":"<!-- This site is optimized with the Yoast SEO plugin v23.8 - https:\/\/yoast.com\/wordpress\/plugins\/seo\/ -->\n<title>Tarifs pr\u00e9f\u00e9rentiels r\u00e9serv\u00e9s aux entreprises - Residence Sacchi Aparthotel in the center of Turin<\/title>\n<meta name=\"robots\" content=\"index, follow, max-snippet:-1, max-image-preview:large, max-video-preview:-1\" \/>\n<link rel=\"canonical\" href=\"https:\/\/www.residencesacchi.it\/fr\/tarifs-preferentiels-reserves-aux-entreprises\/\" \/>\n<meta property=\"og:locale\" content=\"fr_FR\" \/>\n<meta property=\"og:type\" content=\"article\" \/>\n<meta property=\"og:title\" content=\"Tarifs pr\u00e9f\u00e9rentiels r\u00e9serv\u00e9s aux entreprises - Residence Sacchi Aparthotel in the center of Turin\" \/>\n<meta property=\"og:description\" content=\"[vc_row][vc_column][vc_column_text] Tarifs pr\u00e9f\u00e9rentiels r\u00e9serv\u00e9s aux entreprises Dans le domain des s\u00e9jours d\u2019affaires, nous offrons des accords h\u00f4teliers dans la R\u00e9sidence pour des s\u00e9jours de longue dur\u00e9e et voyages \u00e0 Turin. R\u00e9sidence Sacchi veut devenir le point de r\u00e9f\u00e9rence pour les professionnels en d\u00e9placement et qui doivent s\u00e9jouner dans notre ville.[\/vc_column_text][vc_column_text] Votre entreprise \u00e0 d\u00e9j\u00e0 une\" \/>\n<meta property=\"og:url\" content=\"https:\/\/www.residencesacchi.it\/fr\/tarifs-preferentiels-reserves-aux-entreprises\/\" \/>\n<meta property=\"og:site_name\" content=\"Residence Sacchi Aparthotel in the center of Turin\" \/>\n<meta property=\"article:modified_time\" content=\"2021-09-07T12:59:17+00:00\" \/>\n<meta property=\"og:image\" content=\"https:\/\/www.residencesacchi.it\/wp-content\/uploads\/2016\/03\/residence-soggiorni-di-lavoro.jpg\" \/>\n\t<meta property=\"og:image:width\" content=\"1000\" \/>\n\t<meta property=\"og:image:height\" content=\"282\" \/>\n\t<meta property=\"og:image:type\" content=\"image\/jpeg\" \/>\n<meta name=\"twitter:card\" content=\"summary_large_image\" \/>\n<meta name=\"twitter:label1\" content=\"Dur\u00e9e de lecture estim\u00e9e\" \/>\n\t<meta name=\"twitter:data1\" content=\"2 minutes\" \/>\n<script type=\"application\/ld+json\" class=\"yoast-schema-graph\">{\"@context\":\"https:\/\/schema.org\",\"@graph\":[{\"@type\":\"WebPage\",\"@id\":\"https:\/\/www.residencesacchi.it\/fr\/tarifs-preferentiels-reserves-aux-entreprises\/\",\"url\":\"https:\/\/www.residencesacchi.it\/fr\/tarifs-preferentiels-reserves-aux-entreprises\/\",\"name\":\"Tarifs pr\u00e9f\u00e9rentiels r\u00e9serv\u00e9s aux entreprises - Residence Sacchi Aparthotel in the center of Turin\",\"isPartOf\":{\"@id\":\"https:\/\/www.residencesacchi.it\/#website\"},\"primaryImageOfPage\":{\"@id\":\"https:\/\/www.residencesacchi.it\/fr\/tarifs-preferentiels-reserves-aux-entreprises\/#primaryimage\"},\"image\":{\"@id\":\"https:\/\/www.residencesacchi.it\/fr\/tarifs-preferentiels-reserves-aux-entreprises\/#primaryimage\"},\"thumbnailUrl\":\"https:\/\/www.residencesacchi.it\/wp-content\/uploads\/2016\/03\/residence-soggiorni-di-lavoro.jpg\",\"datePublished\":\"2021-09-06T16:36:59+00:00\",\"dateModified\":\"2021-09-07T12:59:17+00:00\",\"breadcrumb\":{\"@id\":\"https:\/\/www.residencesacchi.it\/fr\/tarifs-preferentiels-reserves-aux-entreprises\/#breadcrumb\"},\"inLanguage\":\"fr-FR\",\"potentialAction\":[{\"@type\":\"ReadAction\",\"target\":[\"https:\/\/www.residencesacchi.it\/fr\/tarifs-preferentiels-reserves-aux-entreprises\/\"]}]},{\"@type\":\"ImageObject\",\"inLanguage\":\"fr-FR\",\"@id\":\"https:\/\/www.residencesacchi.it\/fr\/tarifs-preferentiels-reserves-aux-entreprises\/#primaryimage\",\"url\":\"https:\/\/www.residencesacchi.it\/wp-content\/uploads\/2016\/03\/residence-soggiorni-di-lavoro.jpg\",\"contentUrl\":\"https:\/\/www.residencesacchi.it\/wp-content\/uploads\/2016\/03\/residence-soggiorni-di-lavoro.jpg\"},{\"@type\":\"BreadcrumbList\",\"@id\":\"https:\/\/www.residencesacchi.it\/fr\/tarifs-preferentiels-reserves-aux-entreprises\/#breadcrumb\",\"itemListElement\":[{\"@type\":\"ListItem\",\"position\":1,\"name\":\"Home\",\"item\":\"https:\/\/www.residencesacchi.it\/fr\/\"},{\"@type\":\"ListItem\",\"position\":2,\"name\":\"Tarifs pr\u00e9f\u00e9rentiels r\u00e9serv\u00e9s aux entreprises\"}]},{\"@type\":\"WebSite\",\"@id\":\"https:\/\/www.residencesacchi.it\/#website\",\"url\":\"https:\/\/www.residencesacchi.it\/\",\"name\":\"Residence Sacchi Aparthotel in the center of Turin\",\"description\":\"The RESIDENCE SACCHI, located in the center of Turin, near the railway and subway station Porta Nuova, is able to satisfy the different requests\",\"potentialAction\":[{\"@type\":\"SearchAction\",\"target\":{\"@type\":\"EntryPoint\",\"urlTemplate\":\"https:\/\/www.residencesacchi.it\/?s={search_term_string}\"},\"query-input\":{\"@type\":\"PropertyValueSpecification\",\"valueRequired\":true,\"valueName\":\"search_term_string\"}}],\"inLanguage\":\"fr-FR\"}]}<\/script>\n<!-- \/ Yoast SEO plugin. -->","yoast_head_json":{"title":"Tarifs pr\u00e9f\u00e9rentiels r\u00e9serv\u00e9s aux entreprises - Residence Sacchi Aparthotel in the center of Turin","robots":{"index":"index","follow":"follow","max-snippet":"max-snippet:-1","max-image-preview":"max-image-preview:large","max-video-preview":"max-video-preview:-1"},"canonical":"https:\/\/www.residencesacchi.it\/fr\/tarifs-preferentiels-reserves-aux-entreprises\/","og_locale":"fr_FR","og_type":"article","og_title":"Tarifs pr\u00e9f\u00e9rentiels r\u00e9serv\u00e9s aux entreprises - Residence Sacchi Aparthotel in the center of Turin","og_description":"[vc_row][vc_column][vc_column_text] Tarifs pr\u00e9f\u00e9rentiels r\u00e9serv\u00e9s aux entreprises Dans le domain des s\u00e9jours d\u2019affaires, nous offrons des accords h\u00f4teliers dans la R\u00e9sidence pour des s\u00e9jours de longue dur\u00e9e et voyages \u00e0 Turin. R\u00e9sidence Sacchi veut devenir le point de r\u00e9f\u00e9rence pour les professionnels en d\u00e9placement et qui doivent s\u00e9jouner dans notre ville.[\/vc_column_text][vc_column_text] Votre entreprise \u00e0 d\u00e9j\u00e0 une","og_url":"https:\/\/www.residencesacchi.it\/fr\/tarifs-preferentiels-reserves-aux-entreprises\/","og_site_name":"Residence Sacchi Aparthotel in the center of Turin","article_modified_time":"2021-09-07T12:59:17+00:00","og_image":[{"width":1000,"height":282,"url":"https:\/\/www.residencesacchi.it\/wp-content\/uploads\/2016\/03\/residence-soggiorni-di-lavoro.jpg","type":"image\/jpeg"}],"twitter_card":"summary_large_image","twitter_misc":{"Dur\u00e9e de lecture estim\u00e9e":"2 minutes"},"schema":{"@context":"https:\/\/schema.org","@graph":[{"@type":"WebPage","@id":"https:\/\/www.residencesacchi.it\/fr\/tarifs-preferentiels-reserves-aux-entreprises\/","url":"https:\/\/www.residencesacchi.it\/fr\/tarifs-preferentiels-reserves-aux-entreprises\/","name":"Tarifs pr\u00e9f\u00e9rentiels r\u00e9serv\u00e9s aux entreprises - Residence Sacchi Aparthotel in the center of Turin","isPartOf":{"@id":"https:\/\/www.residencesacchi.it\/#website"},"primaryImageOfPage":{"@id":"https:\/\/www.residencesacchi.it\/fr\/tarifs-preferentiels-reserves-aux-entreprises\/#primaryimage"},"image":{"@id":"https:\/\/www.residencesacchi.it\/fr\/tarifs-preferentiels-reserves-aux-entreprises\/#primaryimage"},"thumbnailUrl":"https:\/\/www.residencesacchi.it\/wp-content\/uploads\/2016\/03\/residence-soggiorni-di-lavoro.jpg","datePublished":"2021-09-06T16:36:59+00:00","dateModified":"2021-09-07T12:59:17+00:00","breadcrumb":{"@id":"https:\/\/www.residencesacchi.it\/fr\/tarifs-preferentiels-reserves-aux-entreprises\/#breadcrumb"},"inLanguage":"fr-FR","potentialAction":[{"@type":"ReadAction","target":["https:\/\/www.residencesacchi.it\/fr\/tarifs-preferentiels-reserves-aux-entreprises\/"]}]},{"@type":"ImageObject","inLanguage":"fr-FR","@id":"https:\/\/www.residencesacchi.it\/fr\/tarifs-preferentiels-reserves-aux-entreprises\/#primaryimage","url":"https:\/\/www.residencesacchi.it\/wp-content\/uploads\/2016\/03\/residence-soggiorni-di-lavoro.jpg","contentUrl":"https:\/\/www.residencesacchi.it\/wp-content\/uploads\/2016\/03\/residence-soggiorni-di-lavoro.jpg"},{"@type":"BreadcrumbList","@id":"https:\/\/www.residencesacchi.it\/fr\/tarifs-preferentiels-reserves-aux-entreprises\/#breadcrumb","itemListElement":[{"@type":"ListItem","position":1,"name":"Home","item":"https:\/\/www.residencesacchi.it\/fr\/"},{"@type":"ListItem","position":2,"name":"Tarifs pr\u00e9f\u00e9rentiels r\u00e9serv\u00e9s aux entreprises"}]},{"@type":"WebSite","@id":"https:\/\/www.residencesacchi.it\/#website","url":"https:\/\/www.residencesacchi.it\/","name":"Residence Sacchi Aparthotel in the center of Turin","description":"The RESIDENCE SACCHI, located in the center of Turin, near the railway and subway station Porta Nuova, is able to satisfy the different requests","potentialAction":[{"@type":"SearchAction","target":{"@type":"EntryPoint","urlTemplate":"https:\/\/www.residencesacchi.it\/?s={search_term_string}"},"query-input":{"@type":"PropertyValueSpecification","valueRequired":true,"valueName":"search_term_string"}}],"inLanguage":"fr-FR"}]}},"_links":{"self":[{"href":"https:\/\/www.residencesacchi.it\/fr\/wp-json\/wp\/v2\/pages\/7059"}],"collection":[{"href":"https:\/\/www.residencesacchi.it\/fr\/wp-json\/wp\/v2\/pages"}],"about":[{"href":"https:\/\/www.residencesacchi.it\/fr\/wp-json\/wp\/v2\/types\/page"}],"author":[{"embeddable":true,"href":"https:\/\/www.residencesacchi.it\/fr\/wp-json\/wp\/v2\/users\/1"}],"replies":[{"embeddable":true,"href":"https:\/\/www.residencesacchi.it\/fr\/wp-json\/wp\/v2\/comments?post=7059"}],"version-history":[{"count":0,"href":"https:\/\/www.residencesacchi.it\/fr\/wp-json\/wp\/v2\/pages\/7059\/revisions"}],"wp:attachment":[{"href":"https:\/\/www.residencesacchi.it\/fr\/wp-json\/wp\/v2\/media?parent=7059"}],"wp:term":[{"taxonomy":"category","embeddable":true,"href":"https:\/\/www.residencesacchi.it\/fr\/wp-json\/wp\/v2\/categories?post=7059"},{"taxonomy":"post_tag","embeddable":true,"href":"https:\/\/www.residencesacchi.it\/fr\/wp-json\/wp\/v2\/tags?post=7059"}],"curies":[{"name":"wp","href":"https:\/\/api.w.org\/{rel}","templated":true}]}}