{"id":7097,"date":"2021-09-07T14:10:29","date_gmt":"2021-09-07T13:10:29","guid":{"rendered":"https:\/\/www.residencesacchi.it\/?page_id=7097"},"modified":"2021-09-07T14:37:29","modified_gmt":"2021-09-07T13:37:29","slug":"musees-de-turin","status":"publish","type":"page","link":"https:\/\/www.residencesacchi.it\/fr\/musees-de-turin\/","title":{"rendered":"Mus\u00e9es de Turin"},"content":{"rendered":"<p>La <strong>ville de Turin<\/strong> offre aux touristes plus de <strong>40 mus\u00e9es<\/strong>, et certains d\u2019entre eux ont une importance mondiale.<br \/>\nNe manquez pas le <strong>Mus\u00e9e National du Cin\u00e9ma<\/strong>, \u00e0 l\u2019int\u00e9rieur du cadre magnifique et symbole de <strong>Turin la Mole Antonelliana<\/strong>, avec ses 167 m\u00e8tres, il en fait le plus haut mus\u00e9e au monde; et le <strong>Mus\u00e9e Egyptien<\/strong>, deuxi\u00e8me au monde apr\u00e8s celui du Caire par l\u2019importance et la quantit\u00e9 de d\u00e9couvertes.<\/p>\n<p>Pour les touristes qui ont \u00e0 disposition plusieurs jours nous signalons aussi\u00a0: Palazzo Reale et l\u2019Armurerie Royale, Palazzo Madama, la Galerie Sabauda, le MAO (Mus\u00e9e d\u2019Art Oriental), la GAM (Galerie d\u2019Art Moderne et Contemporain).<\/p>\n<p>Pour une liste compl\u00e8te des mus\u00e9es, visitez le site officiel de Turin: <a href=\"http:\/\/www.comune.torino.it\/musei\/fr\/elenco\/\">http:\/\/www.comune.torino.it\/musei\/fr\/elenco\/<\/a><\/p>\n<hr \/>\n<h3>Les principaux mus\u00e9es de la ville de Turin:<\/h3>\n<h4>Mus\u00e9e \u00e9gyptien<\/h4>\n<p><img loading=\"lazy\" decoding=\"async\" class=\"alignleft marginlight wp-image-739\" title=\"hotel-4-stelle-torino-museo-egizio-di-torino-e-galleria-sabauda\" src=\"https:\/\/www.residencesacchi.it\/wp-content\/uploads\/2014\/03\/hotel-4-stelle-torino-museo-egizio-di-torino-e-galleria-sabauda.jpg\" alt=\"Hotel 4 stelle Torino - Museo Egizio di Torino e Galleria Sabauda\" width=\"300\" height=\"162\" srcset=\"https:\/\/www.residencesacchi.it\/wp-content\/uploads\/2014\/03\/hotel-4-stelle-torino-museo-egizio-di-torino-e-galleria-sabauda.jpg 451w, https:\/\/www.residencesacchi.it\/wp-content\/uploads\/2014\/03\/hotel-4-stelle-torino-museo-egizio-di-torino-e-galleria-sabauda-300x162.jpg 300w, https:\/\/www.residencesacchi.it\/wp-content\/uploads\/2014\/03\/hotel-4-stelle-torino-museo-egizio-di-torino-e-galleria-sabauda-100x54.jpg 100w, https:\/\/www.residencesacchi.it\/wp-content\/uploads\/2014\/03\/hotel-4-stelle-torino-museo-egizio-di-torino-e-galleria-sabauda-450x245.jpg 450w\" sizes=\"(max-width: 300px) 100vw, 300px\" \/><\/p>\n<p>Le <strong>Mus\u00e9e des Antiqu\u00e9s \u00e9gypthiennes de Turin<\/strong>, mieux connu sous le nom de <strong>Mus\u00e9e \u00e9gyptien<\/strong>, est consid\u00e9r\u00e9 pour l\u2019importance des trouvailles, parmi les plus importants dans le monde avec le Louvre \u00e0 Paris et le British Museum \u00e0 Londres et deuxi\u00e8me seulement a celui du Caire.<\/p>\n<p>L\u2019entr\u00e9e du Mus\u00e9e \u00e9gyptien est dans la Via Accademia delle Scienze, 6<\/p>\n<p><a href=\"https:\/\/museoegizio.it\/fr\/\">https:\/\/museoegizio.it\/fr\/<\/a><\/p>\n<hr \/>\n<h4>Les Mus\u00e9es Royaux et la Galerie Sabauda<\/h4>\n<p><img loading=\"lazy\" decoding=\"async\" class=\"alignleft wp-image-4044 size-medium\" src=\"https:\/\/www.residencesacchi.it\/wp-content\/uploads\/2018\/05\/galleria-sabauda-300x162.jpg\" alt=\"Discover Sabauda Gallery from Residence Sacchi\" width=\"300\" height=\"162\" srcset=\"https:\/\/www.residencesacchi.it\/wp-content\/uploads\/2018\/05\/galleria-sabauda.jpg 300w, https:\/\/www.residencesacchi.it\/wp-content\/uploads\/2018\/05\/galleria-sabauda-100x54.jpg 100w, https:\/\/www.residencesacchi.it\/wp-content\/uploads\/2018\/05\/galleria-sabauda-110x60.jpg 110w\" sizes=\"(max-width: 300px) 100vw, 300px\" \/>La <strong>Galerie Sabauda<\/strong>, n\u00e9e en 1832 et voulue par Charles-Albert, abrite les collections du Palais Royal de Turin, de la pinacoth\u00e8que de la maison de Savoie et du palais Durazzo de G\u00eanes. Au cours du Xixe si\u00e8cle, elle est enrichie par des \u00e9l\u00e9ments de la Renaissance italienne.<\/p>\n<p><a href=\"https:\/\/www.museireali.beniculturali.it\/organisez-votre-visite\/\" target=\"_blank\" rel=\"noopener noreferrer\">https:\/\/www.museireali.beniculturali.it\/organisez-votre-visite\/<\/a><\/p>\n<hr \/>\n<h4>Palazzo Madama \u2013 Mus\u00e8e Municipal d\u2019Art Ancien<\/h4>\n<p><img loading=\"lazy\" decoding=\"async\" class=\"alignleft wp-image-4045 size-medium\" src=\"https:\/\/www.residencesacchi.it\/wp-content\/uploads\/2018\/05\/palazzo-madama-300x162.jpg\" alt=\"Visit Palazzo Madama from Residence Sacchi\" width=\"300\" height=\"162\" srcset=\"https:\/\/www.residencesacchi.it\/wp-content\/uploads\/2018\/05\/palazzo-madama.jpg 300w, https:\/\/www.residencesacchi.it\/wp-content\/uploads\/2018\/05\/palazzo-madama-100x54.jpg 100w, https:\/\/www.residencesacchi.it\/wp-content\/uploads\/2018\/05\/palazzo-madama-110x60.jpg 110w\" sizes=\"(max-width: 300px) 100vw, 300px\" \/>Situ\u00e9 sur <strong>Piazza Castello<\/strong>, Palazzo Madama est une combinaison de deux ann\u00e9es de l\u2019histoire de Piedmont.<br \/>\nLe b\u00e2timent a \u00e9t\u00e9 modifi\u00e9 plusieurs fois au cours des si\u00e8cles, transformant d\u2019une porte romaine en un ch\u00e2teau, puis \u00e0 nouveau dans la R\u00e9sidence de la Madame royale<br \/>\nAujourd\u2019hui <strong>Palazzo Madama<\/strong> est la maison du <strong>Mus\u00e9e Civique d\u2019Art Ancien<\/strong>, une exposition d\u2019\u0153uvres d\u2019art importantes comprenant: des sculptures anciennes, une galerie de peintures et une grande collection de porcelaine.<\/p>\n<p><a href=\"http:\/\/www.palazzomadamatorino.it\/en\" target=\"_blank\" rel=\"noopener noreferrer\">http:\/\/www.palazzomadamatorino.it\/en<\/a><\/p>\n<hr \/>\n<h4>Mus\u00e9e National du Cin\u00e9ma<\/h4>\n<p><img loading=\"lazy\" decoding=\"async\" class=\"alignleft marginlight wp-image-740\" title=\"hotel-4-stelle-torino-museo-nazionale-del-cinema-di-torino\" src=\"https:\/\/www.residencesacchi.it\/wp-content\/uploads\/2014\/03\/hotel-4-stelle-torino-museo-nazionale-del-cinema-di-torino.jpg\" alt=\"Hotel 4 stelle Torino - Museo Nazionale del Cinema di Torino\" width=\"300\" height=\"162\" \/><\/p>\n<p>Le <strong>Mus\u00e9e National du Cin\u00e9ma<\/strong>, Fondation Maria Adriana Prolo, est situ\u00e9 \u00e0 l\u2019int\u00e9rieur de la <strong>Mole Antonelliana<\/strong>, le symbole de Turin. \u00c0 travers le long parcours d\u2019exposition de 3200 m\u00e8tres carr\u00e9s r\u00e9partis sur cinq \u00e9tages, on visite quelques espaces d\u00e9di\u00e9s aux figures principales qui contribuent \u00e0 r\u00e9aliser un film.<\/p>\n<p>Le <strong>Mus\u00e9e du Cin\u00e9ma de Turin<\/strong> accueille une riche collection de machines optiques pr\u00e9-cin\u00e9matographiques (lanternes magiques), \u00e9quipements cin\u00e9matographiques antiques et modernes, affiches et films cin\u00e9matographiques, pi\u00e8ces provenant des d\u00e9cors des premiers films italiens et autres souvenirs nationaux et internationaux. A l\u2019int\u00e9rieur du <strong>Mus\u00e9e du Cin\u00e9ma de Turin<\/strong> se trouve \u00e9galement un <strong>ascenseur panoramique<\/strong>, avec des murs en cristal transparent, qui effectue sa course en une seule trav\u00e9e \u00e0 ciel ouvert sans \u00e9tages interm\u00e9diaires, des 10 m\u00e8tres de l\u2019altitude de d\u00e9part aux 85 m\u00e8tres du &#8220;petit temple&#8221; d\u2019o\u00f9 on peut voir uune vue imprenable de la ville de Turin.<br \/>\nLe Mus\u00e9e National Du Cin\u00e9ma se trouve \u00e0 Via Montebello, 20<\/p>\n<p><a href=\"https:\/\/www.museocinema.it\/it\/quick-info-fran%C3%A7ais\" target=\"_blank\" rel=\"noopener noreferrer\">https:\/\/www.museocinema.it\/it\/quick-info-fran\u00e7ais<\/a><\/p>\n<hr \/>\n<h4>GAM \u2013 Galerie Civique d\u2019Art Moderne et Contemporain<\/h4>\n<p><img loading=\"lazy\" decoding=\"async\" class=\"alignleft wp-image-4046 size-medium\" src=\"https:\/\/www.residencesacchi.it\/wp-content\/uploads\/2018\/05\/gam-300x162.jpg\" alt=\"Enjoy the Civic Gallery of Modern and Contemporary Art from Residence Sacchi\" width=\"300\" height=\"162\" srcset=\"https:\/\/www.residencesacchi.it\/wp-content\/uploads\/2018\/05\/gam.jpg 300w, https:\/\/www.residencesacchi.it\/wp-content\/uploads\/2018\/05\/gam-100x54.jpg 100w, https:\/\/www.residencesacchi.it\/wp-content\/uploads\/2018\/05\/gam-110x60.jpg 110w\" sizes=\"(max-width: 300px) 100vw, 300px\" \/><\/p>\n<p>La<strong> Galerie Civique d\u2019Art Moderne et Contemporain de Turin<\/strong> est l\u2019un des mus\u00e9es les plus importants de la ville et offre un patrimoine de plus de 45.000 \u0153uvres dont des peintures, sculptures, installations, photographies, une riche collection de dessins, gravures et l\u2019une des plus importantes collections europ\u00e9ennes de films et de vid\u00e9os d\u2019artistes.<br \/>\nL\u2019entr\u00e9e du GAM est dans Via Magenta, 31<\/p>\n<p><a href=\"https:\/\/www.gamtorino.it\/en\" target=\"_blank\" rel=\"noopener noreferrer\">https:\/\/www.gamtorino.it\/en<\/a><\/p>\n<hr \/>\n<h4><\/h4>\n<h4>Palazzo Reale<\/h4>\n<p><img loading=\"lazy\" decoding=\"async\" class=\"alignleft marginlight wp-image-741\" title=\"hotel-4-stelle-torino-palazzo-reale\" src=\"https:\/\/www.residencesacchi.it\/wp-content\/uploads\/2014\/03\/hotel-4-stelle-torino-palazzo-reale.jpg\" alt=\"Hotel 4 stelle Torino - Palazzo Reale\" width=\"300\" height=\"162\" \/><\/p>\n<p><strong>Palazzo Reale de Turin<\/strong> est un magnifique exemple de l\u2019architecture du XVIIe si\u00e8cle est situ\u00e9 sur la Piazza Castello, au c\u0153ur du centre <strong>historique de la ville<\/strong>. Jusqu\u2019en 1659, elle fut la R\u00e9sidence du roi de Sardaigne puis de Vittorio Emanuele II jusqu\u2019en 1865.<br \/>\nLe <strong>Palais Royal de Turin<\/strong> est partiellement ouvert uniquement avec des <strong>visites guid\u00e9es<\/strong>.<\/p>\n<p><br class=\"clearfix\" \/><a href=\"https:\/\/www.ilpalazzorealeditorino.it\/\" target=\"_blank\" rel=\"noopener noreferrer\">https:\/\/www.ilpalazzorealeditorino.it\/<\/a><\/p>\n<hr \/>\n<h4>Armurerie Royale et Biblioth\u00e8que Royale<\/h4>\n<p><img loading=\"lazy\" decoding=\"async\" class=\"alignleft wp-image-4047 size-medium\" src=\"https:\/\/www.residencesacchi.it\/wp-content\/uploads\/2018\/05\/aremeria-reale-300x162.jpg\" alt=\"Discover Royal Armory and Royal Library from Residence Sacchi\" width=\"300\" height=\"162\" srcset=\"https:\/\/www.residencesacchi.it\/wp-content\/uploads\/2018\/05\/aremeria-reale.jpg 300w, https:\/\/www.residencesacchi.it\/wp-content\/uploads\/2018\/05\/aremeria-reale-100x54.jpg 100w, https:\/\/www.residencesacchi.it\/wp-content\/uploads\/2018\/05\/aremeria-reale-110x60.jpg 110w\" sizes=\"(max-width: 300px) 100vw, 300px\" \/>Situ\u00e9e dans une aile du <strong>Palais Royal<\/strong>, avec l\u2019entr\u00e9e de la Piazza Castello, la galerie de l\u2019<strong>Armurerie Royale de Turin<\/strong> renferme une des plus riches collections au monde d\u2019armes \u00e0 feu, d\u2019armes blanches, de pr\u00e9cieuses pi\u00e8ces m\u00e9di\u00e9vales, de reliques napol\u00e9oniennes et d\u2019armures appartenant aux souverains de Savoie.<\/p>\n<p><a href=\"https:\/\/www.museireali.beniculturali.it\/armeria-reale\/\" target=\"_blank\" rel=\"noopener noreferrer\">https:\/\/www.museireali.beniculturali.it\/armeria-reale\/<\/a><br \/>\n<a href=\"https:\/\/www.museireali.beniculturali.it\/biblioteca-reale\/\" target=\"_blank\" rel=\"noopener noreferrer\">https:\/\/www.museireali.beniculturali.it\/biblioteca-reale\/<\/a><\/p>\n<hr \/>\n<h4>Mus\u00e9e du Risorgimento italien<\/h4>\n<p><strong><img loading=\"lazy\" decoding=\"async\" class=\"alignleft wp-image-4049 size-medium\" src=\"https:\/\/www.residencesacchi.it\/wp-content\/uploads\/2018\/05\/museo-risorgimento-300x162.jpg\" alt=\"Visit the Museum of the Italian Risorgimento from Residence Sacchi\" width=\"300\" height=\"162\" srcset=\"https:\/\/www.residencesacchi.it\/wp-content\/uploads\/2018\/05\/museo-risorgimento.jpg 300w, https:\/\/www.residencesacchi.it\/wp-content\/uploads\/2018\/05\/museo-risorgimento-100x54.jpg 100w, https:\/\/www.residencesacchi.it\/wp-content\/uploads\/2018\/05\/museo-risorgimento-110x60.jpg 110w\" sizes=\"(max-width: 300px) 100vw, 300px\" \/><\/strong>Le<strong> Mus\u00e9e du Risorgimento de Turin<\/strong> dispose d\u2019un parcours d\u2019exposition totalement renouvel\u00e9 divis\u00e9 en 30 salles, o\u00f9 les visiteurs peuvent admirer 2400 pi\u00e8ces s\u00e9lectionn\u00e9es parmi plus de 50000 conserv\u00e9es. Le mus\u00e9e se trouve \u00e0 l\u2019interieur du Palazzo Carignano situ\u00e9 dans la Via Accademia Scienze, \u00e0 quelques pas du Mus\u00e9e \u00e9gyptien.<\/p>\n<p><a href=\"https:\/\/www.museorisorgimentotorino.it\/\">www.museorisorgimentotorino.fr<\/a><\/p>\n<hr \/>\n<h4>Borgo e Rocca M\u00e9dieval &#8211; Parc du Valentino<\/h4>\n<p><img loading=\"lazy\" decoding=\"async\" class=\"alignleft marginlight wp-image-730\" title=\"hotel-4-stelle-torino-borgo-e-rocca-medievale\" src=\"https:\/\/www.residencesacchi.it\/wp-content\/uploads\/2014\/03\/hotel-4-stelle-torino-borgo-e-rocca-medievale.jpg\" alt=\"Hotel 4 stelle Torino - Borgo e Rocca Medievale\" width=\"300\" height=\"162\" srcset=\"https:\/\/www.residencesacchi.it\/wp-content\/uploads\/2014\/03\/hotel-4-stelle-torino-borgo-e-rocca-medievale.jpg 473w, https:\/\/www.residencesacchi.it\/wp-content\/uploads\/2014\/03\/hotel-4-stelle-torino-borgo-e-rocca-medievale-300x163.jpg 300w, https:\/\/www.residencesacchi.it\/wp-content\/uploads\/2014\/03\/hotel-4-stelle-torino-borgo-e-rocca-medievale-100x54.jpg 100w\" sizes=\"(max-width: 300px) 100vw, 300px\" \/><\/p>\n<p>Le <strong>Village M\u00e9di\u00e9val de Turi<\/strong>n est au coeur du <strong>Parc Valentino<\/strong>, construit en 1884 pour l\u2019Exposition G\u00e9n\u00e9rale Italienne, comme une repr\u00e9sentation du pavillon d\u2019Art Ancien. Le complexe a \u00e9t\u00e9 con\u00e7u \u00e0 des fins \u00e9ducatives et informatives, il \u00e9tait destin\u00e9 \u00e0 la d\u00e9molition \u00e0 la fin de l\u2019\u00e9v\u00e9nement international, mais il \u00e9tait le seul pavillon \u00e0 \u00eatre conserv\u00e9 et utilis\u00e9 comme un Mus\u00e9e Civique depuis 1942.<br \/>\nLe village m\u00e9di\u00e9val se compose d\u2019une s\u00e9rie de maisons et de magasins domin\u00e9s par le ch\u00e2teau, toutes les fa\u00e7ades des b\u00e2timents, les d\u00e9corations des chambres et le mobilier du ch\u00e2teau, sont des reproductions parfaites des b\u00e2timents du XVe si\u00e8cle, pr\u00e9sent dans le Pi\u00e9mont et le Val d\u2019Aoste.<\/p>\n<p><a href=\"http:\/\/www.borgomedievaletorino.it\/\">http:\/\/www.borgomedievaletorino.it\/<\/a><\/p>\n<hr \/>\n<h4>Mus\u00e9e de l\u2019Automobile de Turin<\/h4>\n<p><img loading=\"lazy\" decoding=\"async\" class=\"alignleft wp-image-4050 size-medium\" src=\"https:\/\/www.residencesacchi.it\/wp-content\/uploads\/2018\/05\/museo-automobile-300x162.jpg\" alt=\"Enjoy the Turin Automobile Museum from Residence Sacchi\" width=\"300\" height=\"162\" srcset=\"https:\/\/www.residencesacchi.it\/wp-content\/uploads\/2018\/05\/museo-automobile.jpg 300w, https:\/\/www.residencesacchi.it\/wp-content\/uploads\/2018\/05\/museo-automobile-100x54.jpg 100w, https:\/\/www.residencesacchi.it\/wp-content\/uploads\/2018\/05\/museo-automobile-110x60.jpg 110w\" sizes=\"(max-width: 300px) 100vw, 300px\" \/><\/p>\n<p>Le <strong>Mus\u00e9e National de l\u2019Automobile<\/strong> poss\u00e8de une collection de plus de 200 mod\u00e8les de la plus haute qualit\u00e9 et de la plus grande valeur historique, provenant de divers pays dont l\u2019Italie. Le <strong>MAUTO<\/strong> repr\u00e9sente parfaitement l\u2019excellence de la Ville de Turin, lieu de conservation et de m\u00e9moire, prestigieux et unique en son genre.<br \/>\nEntre l\u2019influence des mouvements artistiques du si\u00e8cle dernier, les grandes innovations technologiques et l\u2019avenir de la mobilit\u00e9, pr\u00e9sent\u00e9s \u00e9galement dans une perspective de durabilit\u00e9 environnementale et de s\u00e9curit\u00e9 routi\u00e8re, le design est ce qui guide le visiteur \u00e0 travers les lignes, les styles et les hommes qui ont d\u00e9termin\u00e9 les changements.<\/p>\n<p>L\u2019entr\u00e9e du Mus\u00e9e National de l\u2019Automobile est \u00e0 Corso Unit\u00e0 d\u2019Italia, 40<\/p>\n<p><a href=\"https:\/\/www.museoauto.com\/fr\/\" target=\"_blank\" rel=\"noopener noreferrer\">https:\/\/www.museoauto.com\/fr\/<\/a><\/p>\n","protected":false},"excerpt":{"rendered":"<p>La ville de Turin offre aux touristes plus de 40 mus\u00e9es, et certains d\u2019entre eux ont une importance mondiale. Ne manquez pas le Mus\u00e9e National du Cin\u00e9ma, \u00e0 l\u2019int\u00e9rieur du cadre magnifique et symbole de Turin la Mole Antonelliana, avec ses 167 m\u00e8tres, il en fait le plus haut mus\u00e9e au monde; et le Mus\u00e9e<\/p>\n","protected":false},"author":1,"featured_media":0,"parent":0,"menu_order":0,"comment_status":"closed","ping_status":"closed","template":"","meta":{"footnotes":""},"categories":[],"tags":[],"class_list":["post-7097","page","type-page","status-publish","hentry"],"yoast_head":"<!-- This site is optimized with the Yoast SEO plugin v23.8 - https:\/\/yoast.com\/wordpress\/plugins\/seo\/ -->\n<title>Mus\u00e9es de Turin - Residence Sacchi Aparthotel in the center of Turin<\/title>\n<meta name=\"robots\" content=\"index, follow, max-snippet:-1, max-image-preview:large, max-video-preview:-1\" \/>\n<link rel=\"canonical\" href=\"https:\/\/www.residencesacchi.it\/fr\/musees-de-turin\/\" \/>\n<meta property=\"og:locale\" content=\"fr_FR\" \/>\n<meta property=\"og:type\" content=\"article\" \/>\n<meta property=\"og:title\" content=\"Mus\u00e9es de Turin - Residence Sacchi Aparthotel in the center of Turin\" \/>\n<meta property=\"og:description\" content=\"La ville de Turin offre aux touristes plus de 40 mus\u00e9es, et certains d\u2019entre eux ont une importance mondiale. Ne manquez pas le Mus\u00e9e National du Cin\u00e9ma, \u00e0 l\u2019int\u00e9rieur du cadre magnifique et symbole de Turin la Mole Antonelliana, avec ses 167 m\u00e8tres, il en fait le plus haut mus\u00e9e au monde; et le Mus\u00e9e\" \/>\n<meta property=\"og:url\" content=\"https:\/\/www.residencesacchi.it\/fr\/musees-de-turin\/\" \/>\n<meta property=\"og:site_name\" content=\"Residence Sacchi Aparthotel in the center of Turin\" \/>\n<meta property=\"article:modified_time\" content=\"2021-09-07T13:37:29+00:00\" \/>\n<meta property=\"og:image\" content=\"https:\/\/www.residencesacchi.it\/wp-content\/uploads\/2014\/03\/hotel-4-stelle-torino-museo-egizio-di-torino-e-galleria-sabauda.jpg\" \/>\n\t<meta property=\"og:image:width\" content=\"451\" \/>\n\t<meta property=\"og:image:height\" content=\"245\" \/>\n\t<meta property=\"og:image:type\" content=\"image\/jpeg\" \/>\n<meta name=\"twitter:card\" content=\"summary_large_image\" \/>\n<meta name=\"twitter:label1\" content=\"Dur\u00e9e de lecture estim\u00e9e\" \/>\n\t<meta name=\"twitter:data1\" content=\"6 minutes\" \/>\n<script type=\"application\/ld+json\" class=\"yoast-schema-graph\">{\"@context\":\"https:\/\/schema.org\",\"@graph\":[{\"@type\":\"WebPage\",\"@id\":\"https:\/\/www.residencesacchi.it\/fr\/musees-de-turin\/\",\"url\":\"https:\/\/www.residencesacchi.it\/fr\/musees-de-turin\/\",\"name\":\"Mus\u00e9es de Turin - Residence Sacchi Aparthotel in the center of Turin\",\"isPartOf\":{\"@id\":\"https:\/\/www.residencesacchi.it\/#website\"},\"primaryImageOfPage\":{\"@id\":\"https:\/\/www.residencesacchi.it\/fr\/musees-de-turin\/#primaryimage\"},\"image\":{\"@id\":\"https:\/\/www.residencesacchi.it\/fr\/musees-de-turin\/#primaryimage\"},\"thumbnailUrl\":\"https:\/\/www.residencesacchi.it\/wp-content\/uploads\/2014\/03\/hotel-4-stelle-torino-museo-egizio-di-torino-e-galleria-sabauda.jpg\",\"datePublished\":\"2021-09-07T13:10:29+00:00\",\"dateModified\":\"2021-09-07T13:37:29+00:00\",\"breadcrumb\":{\"@id\":\"https:\/\/www.residencesacchi.it\/fr\/musees-de-turin\/#breadcrumb\"},\"inLanguage\":\"fr-FR\",\"potentialAction\":[{\"@type\":\"ReadAction\",\"target\":[\"https:\/\/www.residencesacchi.it\/fr\/musees-de-turin\/\"]}]},{\"@type\":\"ImageObject\",\"inLanguage\":\"fr-FR\",\"@id\":\"https:\/\/www.residencesacchi.it\/fr\/musees-de-turin\/#primaryimage\",\"url\":\"https:\/\/www.residencesacchi.it\/wp-content\/uploads\/2014\/03\/hotel-4-stelle-torino-museo-egizio-di-torino-e-galleria-sabauda.jpg\",\"contentUrl\":\"https:\/\/www.residencesacchi.it\/wp-content\/uploads\/2014\/03\/hotel-4-stelle-torino-museo-egizio-di-torino-e-galleria-sabauda.jpg\"},{\"@type\":\"BreadcrumbList\",\"@id\":\"https:\/\/www.residencesacchi.it\/fr\/musees-de-turin\/#breadcrumb\",\"itemListElement\":[{\"@type\":\"ListItem\",\"position\":1,\"name\":\"Home\",\"item\":\"https:\/\/www.residencesacchi.it\/fr\/\"},{\"@type\":\"ListItem\",\"position\":2,\"name\":\"Mus\u00e9es de Turin\"}]},{\"@type\":\"WebSite\",\"@id\":\"https:\/\/www.residencesacchi.it\/#website\",\"url\":\"https:\/\/www.residencesacchi.it\/\",\"name\":\"Residence Sacchi Aparthotel in the center of Turin\",\"description\":\"The RESIDENCE SACCHI, located in the center of Turin, near the railway and subway station Porta Nuova, is able to satisfy the different requests\",\"potentialAction\":[{\"@type\":\"SearchAction\",\"target\":{\"@type\":\"EntryPoint\",\"urlTemplate\":\"https:\/\/www.residencesacchi.it\/?s={search_term_string}\"},\"query-input\":{\"@type\":\"PropertyValueSpecification\",\"valueRequired\":true,\"valueName\":\"search_term_string\"}}],\"inLanguage\":\"fr-FR\"}]}<\/script>\n<!-- \/ Yoast SEO plugin. -->","yoast_head_json":{"title":"Mus\u00e9es de Turin - Residence Sacchi Aparthotel in the center of Turin","robots":{"index":"index","follow":"follow","max-snippet":"max-snippet:-1","max-image-preview":"max-image-preview:large","max-video-preview":"max-video-preview:-1"},"canonical":"https:\/\/www.residencesacchi.it\/fr\/musees-de-turin\/","og_locale":"fr_FR","og_type":"article","og_title":"Mus\u00e9es de Turin - Residence Sacchi Aparthotel in the center of Turin","og_description":"La ville de Turin offre aux touristes plus de 40 mus\u00e9es, et certains d\u2019entre eux ont une importance mondiale. Ne manquez pas le Mus\u00e9e National du Cin\u00e9ma, \u00e0 l\u2019int\u00e9rieur du cadre magnifique et symbole de Turin la Mole Antonelliana, avec ses 167 m\u00e8tres, il en fait le plus haut mus\u00e9e au monde; et le Mus\u00e9e","og_url":"https:\/\/www.residencesacchi.it\/fr\/musees-de-turin\/","og_site_name":"Residence Sacchi Aparthotel in the center of Turin","article_modified_time":"2021-09-07T13:37:29+00:00","og_image":[{"width":451,"height":245,"url":"https:\/\/www.residencesacchi.it\/wp-content\/uploads\/2014\/03\/hotel-4-stelle-torino-museo-egizio-di-torino-e-galleria-sabauda.jpg","type":"image\/jpeg"}],"twitter_card":"summary_large_image","twitter_misc":{"Dur\u00e9e de lecture estim\u00e9e":"6 minutes"},"schema":{"@context":"https:\/\/schema.org","@graph":[{"@type":"WebPage","@id":"https:\/\/www.residencesacchi.it\/fr\/musees-de-turin\/","url":"https:\/\/www.residencesacchi.it\/fr\/musees-de-turin\/","name":"Mus\u00e9es de Turin - Residence Sacchi Aparthotel in the center of Turin","isPartOf":{"@id":"https:\/\/www.residencesacchi.it\/#website"},"primaryImageOfPage":{"@id":"https:\/\/www.residencesacchi.it\/fr\/musees-de-turin\/#primaryimage"},"image":{"@id":"https:\/\/www.residencesacchi.it\/fr\/musees-de-turin\/#primaryimage"},"thumbnailUrl":"https:\/\/www.residencesacchi.it\/wp-content\/uploads\/2014\/03\/hotel-4-stelle-torino-museo-egizio-di-torino-e-galleria-sabauda.jpg","datePublished":"2021-09-07T13:10:29+00:00","dateModified":"2021-09-07T13:37:29+00:00","breadcrumb":{"@id":"https:\/\/www.residencesacchi.it\/fr\/musees-de-turin\/#breadcrumb"},"inLanguage":"fr-FR","potentialAction":[{"@type":"ReadAction","target":["https:\/\/www.residencesacchi.it\/fr\/musees-de-turin\/"]}]},{"@type":"ImageObject","inLanguage":"fr-FR","@id":"https:\/\/www.residencesacchi.it\/fr\/musees-de-turin\/#primaryimage","url":"https:\/\/www.residencesacchi.it\/wp-content\/uploads\/2014\/03\/hotel-4-stelle-torino-museo-egizio-di-torino-e-galleria-sabauda.jpg","contentUrl":"https:\/\/www.residencesacchi.it\/wp-content\/uploads\/2014\/03\/hotel-4-stelle-torino-museo-egizio-di-torino-e-galleria-sabauda.jpg"},{"@type":"BreadcrumbList","@id":"https:\/\/www.residencesacchi.it\/fr\/musees-de-turin\/#breadcrumb","itemListElement":[{"@type":"ListItem","position":1,"name":"Home","item":"https:\/\/www.residencesacchi.it\/fr\/"},{"@type":"ListItem","position":2,"name":"Mus\u00e9es de Turin"}]},{"@type":"WebSite","@id":"https:\/\/www.residencesacchi.it\/#website","url":"https:\/\/www.residencesacchi.it\/","name":"Residence Sacchi Aparthotel in the center of Turin","description":"The RESIDENCE SACCHI, located in the center of Turin, near the railway and subway station Porta Nuova, is able to satisfy the different requests","potentialAction":[{"@type":"SearchAction","target":{"@type":"EntryPoint","urlTemplate":"https:\/\/www.residencesacchi.it\/?s={search_term_string}"},"query-input":{"@type":"PropertyValueSpecification","valueRequired":true,"valueName":"search_term_string"}}],"inLanguage":"fr-FR"}]}},"_links":{"self":[{"href":"https:\/\/www.residencesacchi.it\/fr\/wp-json\/wp\/v2\/pages\/7097"}],"collection":[{"href":"https:\/\/www.residencesacchi.it\/fr\/wp-json\/wp\/v2\/pages"}],"about":[{"href":"https:\/\/www.residencesacchi.it\/fr\/wp-json\/wp\/v2\/types\/page"}],"author":[{"embeddable":true,"href":"https:\/\/www.residencesacchi.it\/fr\/wp-json\/wp\/v2\/users\/1"}],"replies":[{"embeddable":true,"href":"https:\/\/www.residencesacchi.it\/fr\/wp-json\/wp\/v2\/comments?post=7097"}],"version-history":[{"count":0,"href":"https:\/\/www.residencesacchi.it\/fr\/wp-json\/wp\/v2\/pages\/7097\/revisions"}],"wp:attachment":[{"href":"https:\/\/www.residencesacchi.it\/fr\/wp-json\/wp\/v2\/media?parent=7097"}],"wp:term":[{"taxonomy":"category","embeddable":true,"href":"https:\/\/www.residencesacchi.it\/fr\/wp-json\/wp\/v2\/categories?post=7097"},{"taxonomy":"post_tag","embeddable":true,"href":"https:\/\/www.residencesacchi.it\/fr\/wp-json\/wp\/v2\/tags?post=7097"}],"curies":[{"name":"wp","href":"https:\/\/api.w.org\/{rel}","templated":true}]}}