{"id":7104,"date":"2021-09-07T14:39:45","date_gmt":"2021-09-07T13:39:45","guid":{"rendered":"https:\/\/www.residencesacchi.it\/?page_id=7104"},"modified":"2024-10-10T09:56:14","modified_gmt":"2024-10-10T08:56:14","slug":"evenements-et-offres","status":"publish","type":"page","link":"https:\/\/www.residencesacchi.it\/fr\/evenements-et-offres\/","title":{"rendered":"\u00c9v\u00e9nements et offres"},"content":{"rendered":"<div class=\"wpb-content-wrapper\"><p>[vc_row][vc_column][vc_column_text]<\/p>\n<h2 style=\"text-align: center;\">Votre s\u00e9jour, notre pens\u00e9e<\/h2>\n<p style=\"text-align: center;\">Chez la R\u00e8sidence Sacchi, vous \u00eates en famille! D\u00e9couvrez nos offres et vivez intens\u00e9ment votre s\u00e9jour \u00e0 Turin.<\/p>\n<p style=\"text-align: center;\">Repartez de Turin et choisissez la R\u00e9sidence Sacchi avec ses confortables appartements pour un s\u00e9jour en libert\u00e9 et s\u00e9curit\u00e9. Turin sera le protagoniste de nombreux \u00e9v\u00e9nements dans le domaine sportif (comme les <a href=\"https:\/\/www.residencesacchi.it\/fr\/atp-finals-turin-pensez-a-reserver-residence\/\">ATP Finals de tennis<\/a>) et culturel.<\/p>\n<p style=\"text-align: center;\">Profitez de nos appartements pour r\u00e9server votre s\u00e9jour dans la R\u00e9sidence.<\/p>\n<p>[\/vc_column_text][\/vc_column][\/vc_row][vc_row][vc_column width=&#8221;1\/3&#8243;][vc_icon icon_fontawesome=&#8221;fa fa-trophy&#8221; color=&#8221;white&#8221; background_style=&#8221;rounded&#8221; background_color=&#8221;vista_blue&#8221; size=&#8221;xl&#8221; align=&#8221;center&#8221; css_animation=&#8221;bounceIn&#8221; link=&#8221;url:https%3A%2F%2Fwww.residencesacchi.it%2Ffr%2Fatp-finals-turin-pensez-a-reserver-residence%2F|title:ATP%20Finals%20Torino%202021%3A%20il%20tuo%20Residence%20a%20Torino%20per%20goderti%20l%E2%80%99evento||&#8221;][vc_column_text]<\/p>\n<h2 style=\"text-align: center;\"><a href=\"https:\/\/www.residencesacchi.it\/fr\/atp-finals-turin-pensez-a-reserver-residence\/\">ATP Finals 2024<\/a><\/h2>\n<p style=\"text-align: center;\">votre R\u00e9sidence \u00e0 Turin pour profiter de l\u2019\u00e9v\u00e9nement<\/p>\n<p>[\/vc_column_text][\/vc_column][vc_column width=&#8221;1\/3&#8243;][vc_icon icon_fontawesome=&#8221;fa fa-hand-spock-o&#8221; color=&#8221;white&#8221; background_style=&#8221;rounded&#8221; background_color=&#8221;turquoise&#8221; size=&#8221;xl&#8221; align=&#8221;center&#8221; css_animation=&#8221;bounceIn&#8221; link=&#8221;url:https%3A%2F%2Fwww.residencesacchi.it%2Fsconto-hotel-torino%2F|||&#8221;][vc_column_text]<\/p>\n<h2 style=\"text-align: center;\"><a href=\"https:\/\/www.residencesacchi.it\/sconto-hotel-torino\/\">Remises directes -11% !<\/a><\/h2>\n<p style=\"text-align: center;\">R\u00e9servez directement chez nous!<\/p>\n<p>[\/vc_column_text][\/vc_column][vc_column width=&#8221;1\/3&#8243;][vc_icon icon_fontawesome=&#8221;fa fa-futbol-o&#8221; color=&#8221;white&#8221; background_style=&#8221;rounded&#8221; background_color=&#8221;mulled_wine&#8221; size=&#8221;xl&#8221; align=&#8221;center&#8221; css_animation=&#8221;bounceIn&#8221; link=&#8221;url:https%3A%2F%2Fwww.residencesacchi.it%2Fbiglietti-juve-piu-hotel%2F|||&#8221;][vc_column_text]<\/p>\n<h2 style=\"text-align: center;\"><a href=\"https:\/\/www.residencesacchi.it\/biglietti-juve-piu-hotel\/\">Suivez votre \u00e9quipe pr\u00e9f\u00e9r\u00e9e<\/a><\/h2>\n<p style=\"text-align: center;\">Au R\u00e9sidence pour suivre les matchs en d\u00e9placement de votre \u00e9quipe<\/p>\n<p>[\/vc_column_text][\/vc_column][\/vc_row][vc_row][vc_column el_class=&#8221;booking-page&#8221;]\n\n<script>\nfunction apripopupita(){\nwindow.open('https:\/\/reservations.verticalbooking.com\/reservations\/cancel_modify.html?lingua_int=ita&id_albergo=13884&dc=4523&id_stile=10659','1426494439650','width=800,height=600,toolbar=0,menubar=0,location=1,status=1,scrollbars=1,resizable=1,left=0,top=0')\n}\nfunction apripopupeng(){\nwindow.open('https:\/\/reservations.verticalbooking.com\/reservations\/cancel_modify.html?lingua_int=eng&id_albergo=13884&dc=4523&id_stile=10659','1426494439650','width=800,height=600,toolbar=0,menubar=0,location=1,status=1,scrollbars=1,resizable=1,left=0,top=0')\n}\n<\/script>\n\n\n<div class=\"wide-booking-form clearfix\">\n<script type=\"text\/javascript\" src=\"https:\/\/www.residencesacchi.it\/js\/jquery-ui.js\"><\/script>\n<script type=\"text\/javascript\" src=\"https:\/\/www.residencesacchi.it\/js\/ui.datepicker-en.js\"><\/script>\n<script src=\"https:\/\/reservations.verticalbooking.com\/js\/gps-localization-extern.js\" type=\"text\/javascript\" charset=\"utf-8\"><\/script>\n<form class=\"booking-form\"  action=\"https:\/\/reservations.verticalbooking.com\/premium\/index2.html\" method=\"post\" name=\"myform\" id=\"myform\" target=\"_blank\" onsubmit=\"invia_form();\" >\n    <input name=\"gg\" id=\"gg\" value=\"\" type=\"hidden\">\n    <input name=\"mm\" id=\"mm\" value=\"\" type=\"hidden\">\n    <input name=\"aa\" id=\"aa\" value=\"\" type=\"hidden\">\n    <input name=\"ggf\" id=\"ggf\" value=\"\" type=\"hidden\">\n    <input name=\"mmf\" id=\"mmf\" value=\"\" type=\"hidden\">\n    <input name=\"aaf\" id=\"aaf\" value=\"\" type=\"hidden\">\n\n    <!-- PARAMETERS TO CUSTOMIZE -->\n    <input name=\"id_albergo\" value=\"13884\" type=\"hidden\">\n    <input name=\"lingua_int\" value=\"eng\" type=\"hidden\">\n    <input name=\"dc\" value=\"4523\" type=\"hidden\">\n    <input name=\"id_stile\" value=\"10659\" type=\"hidden\">\n\n    <!-- END PARAMETERS TO CUSTOMIZE -->\n    <input name=\"countryCode\" class=\"country_code\" value=\"\" type=\"hidden\"\/>\n    <input name=\"gps_latitude\" class=\"gps_latitude\" value=\"\"  type=\"hidden\"\/>\n    <input name=\"gps_longitude\" class=\"gps_longitude\" value=\"\" type=\"hidden\"\/>\n    <input name=\"headvar\" value=\"ok\" type=\"hidden\">\n\n<div class=\"booking-form-input-1\">\n    <div id=\"arrival_date\" class=\"blocco\">\n        <div class=\"label\">Arriv\u00e9e<\/div>\n         <div class=\"select-wrapper\" style=\"float: none\">\n          <i class=\"fa fa-angle-down\"><\/i>\n            <input id=\"from\" type=\"text\" value=\"Arrival date\" >\n        <\/div>\n    <\/div>\n   <\/div>\n<div class=\"booking-form-input-2\">  \n    <div id=\"departure_date\" class=\"blocco\">\n        <div class=\"label\">D\u00e9part<\/div>\n         <div class=\"select-wrapper\" style=\"float: none\">\n          <i class=\"fa fa-angle-down\"><\/i>\n            <input id=\"to\" type=\"text\" value=\"Departure date\" >\n        <\/div>\n    <\/div>\n     <\/div>\n\t<br class=\"acapo\" \/>\n<div class=\"booking-form-input-3\" style=\"width:80px\">    \n    <div id=\"rooms\" class=\"blocco\">\n        <div class=\"label\"  style=\"float: none\">Chambre<\/div>\n\n        <div class=\"select-wrapper\" style=\"float: none\">\n          <i class=\"fa fa-angle-down\"><\/i>\n            <select class=\"select\" name=\"tot_camere\">\n                <option value=\"1\" selected>1<\/option>\n                <option value=\"2\">2<\/option>\n                <option value=\"3\">3<\/option>\n                <option value=\"4\">4<\/option>\n                <option value=\"5\">5<\/option>\n                <option value=\"6\">6<\/option>\n                <option value=\"7\">7<\/option>\n                <option value=\"8\">8<\/option>\n                <option value=\"9\">9<\/option>\n                <option value=\"10\">10<\/option>\n            <\/select>\n        <\/div>\n    <\/div>\n      <\/div>\n  <div class=\"booking-form-input-3\" style=\"width:80px\"> \n    <div id=\"adults\" class=\"blocco\">\n        <div class=\"label\"  style=\"float: none\">Adulte<\/div>\n         <div class=\"select-wrapper\" style=\"float: none\">\n          <i class=\"fa fa-angle-down\"><\/i>\n            <select class=\"select\" name=\"tot_adulti\">\n                <option value=\"1\">1<\/option>\n                <option value=\"2\" selected=\"selected\">2<\/option>\n                <option value=\"3\">3<\/option>\n                <option value=\"4\">4<\/option>\n                <option value=\"5\">5<\/option>\n                <option value=\"6\">6<\/option>\n                <option value=\"7\">7<\/option>\n                <option value=\"8\">8<\/option>\n                <option value=\"9\">9<\/option>\n                <option value=\"10\">10<\/option>\n            <\/select>\n        <\/div>\n    <\/div>\n        <\/div>\n\t\n    <div class=\"booking-form-input-4\"  style=\"width:80px\">  \n    <div id=\"children\" class=\"blocco\">\n        <div class=\"label\" style=\"float: none\">Enfant<\/div>\n         <div class=\"select-wrapper\" style=\"float: none\">\n          <i class=\"fa fa-angle-down\"><\/i>\n            <select class=\"select\" name=\"tot_bambini\" >\n                <option value=\"0\" selected >0<\/option>\n                <option value=\"1\">1<\/option>\n                <option value=\"2\">2<\/option>\n                <option value=\"3\">3<\/option>\n                <option value=\"4\">4<\/option>\n                <option value=\"5\">5<\/option>\n                <option value=\"6\">6<\/option>\n                <option value=\"7\">7<\/option>\n                <option value=\"8\">8<\/option>\n                <option value=\"9\">9<\/option>\n                <option value=\"10\">10<\/option>\n                <option value=\"11\">11<\/option>\n                <option value=\"12\">12<\/option>\n                <option value=\"13\">13<\/option>\n                <option value=\"14\">14<\/option>\n                <option value=\"15\">15<\/option>\n                <option value=\"16\">16<\/option>\n                <option value=\"17\">17<\/option>\n                <option value=\"18\">18<\/option>\n                <option value=\"19\">19<\/option>\n                <option value=\"20\">20<\/option>\n                <option value=\"21\">21<\/option>\n                <option value=\"22\">22<\/option>\n                <option value=\"23\">23<\/option>\n                <option value=\"24\">24<\/option>\n                <option value=\"25\">25<\/option>\n                <option value=\"26\">26<\/option>\n                <option value=\"27\">27<\/option>\n                <option value=\"28\">28<\/option>\n                <option value=\"29\">29<\/option>\n                <option value=\"30\">30<\/option>\n            <\/select>\n        <\/div>\n      <\/div>\n    <\/div>\n\t    <div class=\"codicecli booking-form-input-4\">\n\t\t\t <div id=\"box_customer_code\" class=\"blocco\">\n        <div class=\"label\"  style=\"float: none\">Code promo<\/div>\n         <div class=\"select-wrapper\" style=\"float: none\">\n            <input type=\"text\" name=\"generic_codice\" size=\"20\">\n        <\/div> <\/div>\n    <\/div>\n  <!--  <div id=\"box_customer_code\">\n        <div class=\"label\">Customer code<\/div>\n        <div class=\"box_select\">\n            <input type=\"text\" name=\"codice_cli\" size=\"20\">\n        <\/div>\n    <\/div>\n    <div id=\"box_special_code\">\n        <div class=\"label\">Special code<\/div>\n        <div class=\"box_select\">\n            <input size=\"20\" name=\"sconto\" value=\"\" type=\"password\">\n        <\/div>\n    <\/div> -->\n\t\t<br class=\"acapo1115\" \/>\n      <div class=\"booking-form-input-3 verifica\"> \n    <div id=\"search\" class=\"blocco verifica\">\n        <input onClick=\"gtag('event', 'click', {'event_category': 'clic-su-visualizzadispo', 'event_label': 'cliccato-su-visualizzadispoFORMORIZ', 'value': '1'});\" class=\"verifica-dispo\" id=\"button\"  type=\"submit\" value=\"V\u00e9rifie la disponibilit\u00e9\"\/>\n\n    <\/div>\n            <\/div>\n \n      <div id=\"cancella\" class=\"cancella\">\n\t\t\t\t <a href=\"#\" onclick=\"apripopupeng()\">\n\t\t\t\t Avez-vous chang\u00e9 d\u2019avis? <br class=\"acapo\" \/> Modifier ou annuler votre r\u00e9servation <i class=\"fa fa-pencil\" aria-hidden=\"true\"><\/i>\n<\/a><\/div>\n\n\n<\/form>\n<script type=\"text\/javascript\">\n\t$=jQuery;\n    $(document).ready(function () {\n\n\/\/ aggiornamento calendari\n        $(\"#from\").datepicker({\n            defaultDate: \"+1w\",\n            numberOfMonths: 1,\n            onSelect: function (selectedDate) {\n                var giorno_dopo = movePickerDate(selectedDate, 1);\n                $(\"#to\").datepicker(\"option\", \"minDate\", giorno_dopo);\n                aggiustaInizio();\n                aggiustaFine();\n            }\n        });\n\n        $(\"#to\").datepicker({\n            defaultDate: \"+1w\",\n            numberOfMonths: 1,\n            onSelect: function (selectedDate) {\n                aggiustaInizio();\n                aggiustaFine();\n            }\n        });\n\n        var now = new Date();\n        var today = now.getDate() + '\/' + (now.getMonth() + 1) + '\/' + now.getFullYear();\n        $('#from').val(today);\n        $('#from').datepicker(\"option\", \"minDate\", today);\n        $('#from').datepicker(\"option\", \"dateFormat\", 'dd\/mm\/yy');\n\n        var tomorrow = movePickerDate(today, 1);\n        $('#to').val(tomorrow);\n        $('#to').datepicker(\"option\", \"dateFormat\", 'dd\/mm\/yy');\n\n\n\/\/date inizio e fine\n        aggiustaFine();\n        aggiustaInizio();\n    });\n\n\n\n    function aggiustaInizio()\n    {\n        var datai = $(\"#from\").val();\n\n        datai = datai.split('\/');\n\n        $('#gg').val(datai[0]);\n        $('#mm').val(datai[1]);\n        $('#aa').val(datai[2]);\n    }\n\n    function aggiustaFine() {\n        var dataf = $(\"#to\").val();\n\n        dataf = dataf.split('\/');\n\n        $('#ggf').val(dataf[0]);\n        $('#mmf').val(dataf[1]);\n        $('#aaf').val(dataf[2]);\n    }\n\n    function movePickerDate(selectedDate, amount) {\n        var a = selectedDate.split(\"\/\");\n        var data = new Date(parseInt(a[2], 10), (parseInt(a[1], 10) - 1), parseInt(a[0], 10), 12, 0, 0);\n        var giorno_data = AddDays(data, amount);\n\n        return giorno_data.getDate() + '\/' + (giorno_data.getMonth() + 1) + '\/' + giorno_data.getFullYear();\n    }\n\n\n\n    function AddDays(date, amount)\n    {\n        var tzOff = date.getTimezoneOffset() * 60 * 1000;\n\n        var t = date.getTime();\n        t += (1000 * 60 * 60 * 24) * amount;\n        var d = new Date();\n        d.setTime(t);\n        var tzOff2 = d.getTimezoneOffset() * 60 * 1000;\n\n        if (tzOff !== tzOff2)\n        {\n            var diff = tzOff2 - tzOff;\n            t += diff;\n            d.setTime(t);\n        }\n\n        return d;\n    }\n<\/script>\n<\/div>\n\t[\/vc_column][vc_column][\/vc_column][\/vc_row]<\/p>\n<\/div>","protected":false},"excerpt":{"rendered":"<p>[vc_row][vc_column][vc_column_text] Votre s\u00e9jour, notre pens\u00e9e Chez la R\u00e8sidence Sacchi, vous \u00eates en famille! D\u00e9couvrez nos offres et vivez intens\u00e9ment votre s\u00e9jour \u00e0 Turin. Repartez de Turin et choisissez la R\u00e9sidence Sacchi avec ses confortables appartements pour un s\u00e9jour en libert\u00e9 et s\u00e9curit\u00e9. Turin sera le protagoniste de nombreux \u00e9v\u00e9nements dans le domaine sportif (comme les<\/p>\n","protected":false},"author":1,"featured_media":0,"parent":0,"menu_order":0,"comment_status":"closed","ping_status":"closed","template":"","meta":{"footnotes":""},"categories":[],"tags":[],"class_list":["post-7104","page","type-page","status-publish","hentry"],"yoast_head":"<!-- This site is optimized with the Yoast SEO plugin v23.8 - https:\/\/yoast.com\/wordpress\/plugins\/seo\/ -->\n<title>\u00c9v\u00e9nements et offres - Residence Sacchi Aparthotel in the center of Turin<\/title>\n<meta name=\"robots\" content=\"index, follow, max-snippet:-1, max-image-preview:large, max-video-preview:-1\" \/>\n<link rel=\"canonical\" href=\"https:\/\/www.residencesacchi.it\/fr\/evenements-et-offres\/\" \/>\n<meta property=\"og:locale\" content=\"fr_FR\" \/>\n<meta property=\"og:type\" content=\"article\" \/>\n<meta property=\"og:title\" content=\"\u00c9v\u00e9nements et offres - Residence Sacchi Aparthotel in the center of Turin\" \/>\n<meta property=\"og:description\" content=\"[vc_row][vc_column][vc_column_text] Votre s\u00e9jour, notre pens\u00e9e Chez la R\u00e8sidence Sacchi, vous \u00eates en famille! D\u00e9couvrez nos offres et vivez intens\u00e9ment votre s\u00e9jour \u00e0 Turin. Repartez de Turin et choisissez la R\u00e9sidence Sacchi avec ses confortables appartements pour un s\u00e9jour en libert\u00e9 et s\u00e9curit\u00e9. Turin sera le protagoniste de nombreux \u00e9v\u00e9nements dans le domaine sportif (comme les\" \/>\n<meta property=\"og:url\" content=\"https:\/\/www.residencesacchi.it\/fr\/evenements-et-offres\/\" \/>\n<meta property=\"og:site_name\" content=\"Residence Sacchi Aparthotel in the center of Turin\" \/>\n<meta property=\"article:modified_time\" content=\"2024-10-10T08:56:14+00:00\" \/>\n<meta name=\"twitter:card\" content=\"summary_large_image\" \/>\n<meta name=\"twitter:label1\" content=\"Dur\u00e9e de lecture estim\u00e9e\" \/>\n\t<meta name=\"twitter:data1\" content=\"2 minutes\" \/>\n<script type=\"application\/ld+json\" class=\"yoast-schema-graph\">{\"@context\":\"https:\/\/schema.org\",\"@graph\":[{\"@type\":\"WebPage\",\"@id\":\"https:\/\/www.residencesacchi.it\/fr\/evenements-et-offres\/\",\"url\":\"https:\/\/www.residencesacchi.it\/fr\/evenements-et-offres\/\",\"name\":\"\u00c9v\u00e9nements et offres - Residence Sacchi Aparthotel in the center of Turin\",\"isPartOf\":{\"@id\":\"https:\/\/www.residencesacchi.it\/#website\"},\"datePublished\":\"2021-09-07T13:39:45+00:00\",\"dateModified\":\"2024-10-10T08:56:14+00:00\",\"breadcrumb\":{\"@id\":\"https:\/\/www.residencesacchi.it\/fr\/evenements-et-offres\/#breadcrumb\"},\"inLanguage\":\"fr-FR\",\"potentialAction\":[{\"@type\":\"ReadAction\",\"target\":[\"https:\/\/www.residencesacchi.it\/fr\/evenements-et-offres\/\"]}]},{\"@type\":\"BreadcrumbList\",\"@id\":\"https:\/\/www.residencesacchi.it\/fr\/evenements-et-offres\/#breadcrumb\",\"itemListElement\":[{\"@type\":\"ListItem\",\"position\":1,\"name\":\"Home\",\"item\":\"https:\/\/www.residencesacchi.it\/fr\/\"},{\"@type\":\"ListItem\",\"position\":2,\"name\":\"\u00c9v\u00e9nements et offres\"}]},{\"@type\":\"WebSite\",\"@id\":\"https:\/\/www.residencesacchi.it\/#website\",\"url\":\"https:\/\/www.residencesacchi.it\/\",\"name\":\"Residence Sacchi Aparthotel in the center of Turin\",\"description\":\"The RESIDENCE SACCHI, located in the center of Turin, near the railway and subway station Porta Nuova, is able to satisfy the different requests\",\"potentialAction\":[{\"@type\":\"SearchAction\",\"target\":{\"@type\":\"EntryPoint\",\"urlTemplate\":\"https:\/\/www.residencesacchi.it\/?s={search_term_string}\"},\"query-input\":{\"@type\":\"PropertyValueSpecification\",\"valueRequired\":true,\"valueName\":\"search_term_string\"}}],\"inLanguage\":\"fr-FR\"}]}<\/script>\n<!-- \/ Yoast SEO plugin. -->","yoast_head_json":{"title":"\u00c9v\u00e9nements et offres - Residence Sacchi Aparthotel in the center of Turin","robots":{"index":"index","follow":"follow","max-snippet":"max-snippet:-1","max-image-preview":"max-image-preview:large","max-video-preview":"max-video-preview:-1"},"canonical":"https:\/\/www.residencesacchi.it\/fr\/evenements-et-offres\/","og_locale":"fr_FR","og_type":"article","og_title":"\u00c9v\u00e9nements et offres - Residence Sacchi Aparthotel in the center of Turin","og_description":"[vc_row][vc_column][vc_column_text] Votre s\u00e9jour, notre pens\u00e9e Chez la R\u00e8sidence Sacchi, vous \u00eates en famille! D\u00e9couvrez nos offres et vivez intens\u00e9ment votre s\u00e9jour \u00e0 Turin. Repartez de Turin et choisissez la R\u00e9sidence Sacchi avec ses confortables appartements pour un s\u00e9jour en libert\u00e9 et s\u00e9curit\u00e9. Turin sera le protagoniste de nombreux \u00e9v\u00e9nements dans le domaine sportif (comme les","og_url":"https:\/\/www.residencesacchi.it\/fr\/evenements-et-offres\/","og_site_name":"Residence Sacchi Aparthotel in the center of Turin","article_modified_time":"2024-10-10T08:56:14+00:00","twitter_card":"summary_large_image","twitter_misc":{"Dur\u00e9e de lecture estim\u00e9e":"2 minutes"},"schema":{"@context":"https:\/\/schema.org","@graph":[{"@type":"WebPage","@id":"https:\/\/www.residencesacchi.it\/fr\/evenements-et-offres\/","url":"https:\/\/www.residencesacchi.it\/fr\/evenements-et-offres\/","name":"\u00c9v\u00e9nements et offres - Residence Sacchi Aparthotel in the center of Turin","isPartOf":{"@id":"https:\/\/www.residencesacchi.it\/#website"},"datePublished":"2021-09-07T13:39:45+00:00","dateModified":"2024-10-10T08:56:14+00:00","breadcrumb":{"@id":"https:\/\/www.residencesacchi.it\/fr\/evenements-et-offres\/#breadcrumb"},"inLanguage":"fr-FR","potentialAction":[{"@type":"ReadAction","target":["https:\/\/www.residencesacchi.it\/fr\/evenements-et-offres\/"]}]},{"@type":"BreadcrumbList","@id":"https:\/\/www.residencesacchi.it\/fr\/evenements-et-offres\/#breadcrumb","itemListElement":[{"@type":"ListItem","position":1,"name":"Home","item":"https:\/\/www.residencesacchi.it\/fr\/"},{"@type":"ListItem","position":2,"name":"\u00c9v\u00e9nements et offres"}]},{"@type":"WebSite","@id":"https:\/\/www.residencesacchi.it\/#website","url":"https:\/\/www.residencesacchi.it\/","name":"Residence Sacchi Aparthotel in the center of Turin","description":"The RESIDENCE SACCHI, located in the center of Turin, near the railway and subway station Porta Nuova, is able to satisfy the different requests","potentialAction":[{"@type":"SearchAction","target":{"@type":"EntryPoint","urlTemplate":"https:\/\/www.residencesacchi.it\/?s={search_term_string}"},"query-input":{"@type":"PropertyValueSpecification","valueRequired":true,"valueName":"search_term_string"}}],"inLanguage":"fr-FR"}]}},"_links":{"self":[{"href":"https:\/\/www.residencesacchi.it\/fr\/wp-json\/wp\/v2\/pages\/7104"}],"collection":[{"href":"https:\/\/www.residencesacchi.it\/fr\/wp-json\/wp\/v2\/pages"}],"about":[{"href":"https:\/\/www.residencesacchi.it\/fr\/wp-json\/wp\/v2\/types\/page"}],"author":[{"embeddable":true,"href":"https:\/\/www.residencesacchi.it\/fr\/wp-json\/wp\/v2\/users\/1"}],"replies":[{"embeddable":true,"href":"https:\/\/www.residencesacchi.it\/fr\/wp-json\/wp\/v2\/comments?post=7104"}],"version-history":[{"count":0,"href":"https:\/\/www.residencesacchi.it\/fr\/wp-json\/wp\/v2\/pages\/7104\/revisions"}],"wp:attachment":[{"href":"https:\/\/www.residencesacchi.it\/fr\/wp-json\/wp\/v2\/media?parent=7104"}],"wp:term":[{"taxonomy":"category","embeddable":true,"href":"https:\/\/www.residencesacchi.it\/fr\/wp-json\/wp\/v2\/categories?post=7104"},{"taxonomy":"post_tag","embeddable":true,"href":"https:\/\/www.residencesacchi.it\/fr\/wp-json\/wp\/v2\/tags?post=7104"}],"curies":[{"name":"wp","href":"https:\/\/api.w.org\/{rel}","templated":true}]}}